{"id":13973,"date":"2025-03-08T17:49:20","date_gmt":"2025-03-08T12:49:20","guid":{"rendered":"https:\/\/turkmenexporter.com\/product\/chocolaris-cikolatali-draje\/"},"modified":"2025-03-22T23:41:23","modified_gmt":"2025-03-22T18:41:23","slug":"chocolaris-cikolatali-draje","status":"publish","type":"product","link":"https:\/\/turkmenexporter.com\/tr\/urun\/chocolaris-cikolatali-draje\/","title":{"rendered":"CHOCOLARIS \u00e7ikolatal\u0131 draje"},"content":{"rendered":"<div class=\"flex max-w-full flex-col flex-grow\">\n<div class=\"min-h-8 text-message relative flex w-full flex-col items-end gap-2 whitespace-normal break-words text-start [.text-message+&amp;]:mt-5\" dir=\"auto\" data-message-author-role=\"assistant\" data-message-id=\"95d161ae-399a-4c8b-80ca-ab1ff7456692\" data-message-model-slug=\"gpt-4o\">\n<div class=\"flex w-full flex-col gap-1 empty:hidden first:pt-[3px]\">\n<div class=\"markdown prose w-full break-words dark:prose-invert dark\">\n<p>\u00dcr\u00fcn bile\u015fimi: \u015feker, kakao tozu, \u00e7ikolata glazesi, arap zamk\u0131, pudra \u015fekeri, do\u011fal renklendiriciler E124, E102, E133.<\/p>\n<div class=\"flex max-w-full flex-col flex-grow\">\n<div class=\"min-h-8 text-message relative flex w-full flex-col items-end gap-2 whitespace-normal break-words text-start [.text-message+&amp;]:mt-5\" dir=\"auto\" data-message-author-role=\"assistant\" data-message-id=\"0502f464-ef7d-4745-bf2c-c2f381bcee82\" data-message-model-slug=\"gpt-4o\">\n<div class=\"flex w-full flex-col gap-1 empty:hidden first:pt-[3px]\">\n<div class=\"markdown prose w-full break-words dark:prose-invert dark\">\n<p data-start=\"0\" data-end=\"119\" data-is-last-node=\"\" data-is-only-node=\"\">Saklama ko\u015fullar\u0131: Kuru ve serin bir yerde, 18\u00b0C s\u0131cakl\u0131kta ve %75&#8217;i a\u015fmayan ba\u011f\u0131l nemde saklay\u0131n.<\/p>\n<\/div>\n<\/div>\n<\/div>\n<\/div>\n<p>Raf \u00f6mr\u00fc: 6 ay. \u00dcr\u00fcn sertifikal\u0131d\u0131r.<br \/>\nGDO i\u00e7ermez.<\/p>\n<\/div>\n<\/div>\n<\/div>\n<\/div>\n","protected":false},"excerpt":{"rendered":"<p>\u00c7ikolatal\u0131 draje 35g.<\/p>\n<p>Bir pakette 24 paket. Bir kutuda 8 paket. <\/p>\n<p>Br\u00fct kutu a\u011f\u0131rl\u0131\u011f\u0131 9,15 kg.<\/p>\n","protected":false},"featured_media":13959,"comment_status":"open","ping_status":"closed","template":"","meta":{"_acf_changed":false},"brand":[900],"product_cat":[325],"product_tag":[],"class_list":{"0":"post-13973","1":"product","2":"type-product","3":"status-publish","4":"has-post-thumbnail","6":"brand-balsheker-tr","7":"product_cat-cikolata","9":"first","10":"instock","11":"shipping-taxable","12":"purchasable","13":"product-type-simple"},"acf":[],"_links":{"self":[{"href":"https:\/\/turkmenexporter.com\/tr\/wp-json\/wp\/v2\/product\/13973","targetHints":{"allow":["GET"]}}],"collection":[{"href":"https:\/\/turkmenexporter.com\/tr\/wp-json\/wp\/v2\/product"}],"about":[{"href":"https:\/\/turkmenexporter.com\/tr\/wp-json\/wp\/v2\/types\/product"}],"replies":[{"embeddable":true,"href":"https:\/\/turkmenexporter.com\/tr\/wp-json\/wp\/v2\/comments?post=13973"}],"version-history":[{"count":1,"href":"https:\/\/turkmenexporter.com\/tr\/wp-json\/wp\/v2\/product\/13973\/revisions"}],"predecessor-version":[{"id":14246,"href":"https:\/\/turkmenexporter.com\/tr\/wp-json\/wp\/v2\/product\/13973\/revisions\/14246"}],"wp:featuredmedia":[{"embeddable":true,"href":"https:\/\/turkmenexporter.com\/tr\/wp-json\/wp\/v2\/media\/13959"}],"wp:attachment":[{"href":"https:\/\/turkmenexporter.com\/tr\/wp-json\/wp\/v2\/media?parent=13973"}],"wp:term":[{"taxonomy":"brand","embeddable":true,"href":"https:\/\/turkmenexporter.com\/tr\/wp-json\/wp\/v2\/brand?post=13973"},{"taxonomy":"product_cat","embeddable":true,"href":"https:\/\/turkmenexporter.com\/tr\/wp-json\/wp\/v2\/product_cat?post=13973"},{"taxonomy":"product_tag","embeddable":true,"href":"https:\/\/turkmenexporter.com\/tr\/wp-json\/wp\/v2\/product_tag?post=13973"}],"curies":[{"name":"wp","href":"https:\/\/api.w.org\/{rel}","templated":true}]}}