{"id":14009,"date":"2025-03-11T06:36:21","date_gmt":"2025-03-11T01:36:21","guid":{"rendered":"https:\/\/turkmenexporter.com\/product\/chocorella-cikolatali-findik-ezmesi\/"},"modified":"2025-03-11T06:54:30","modified_gmt":"2025-03-11T01:54:30","slug":"chocorella-cikolatali-findik-ezmesi","status":"publish","type":"product","link":"https:\/\/turkmenexporter.com\/tr\/urun\/chocorella-cikolatali-findik-ezmesi\/","title":{"rendered":"CHOCORELLA \u00e7ikolatal\u0131 f\u0131nd\u0131k ezmesi"},"content":{"rendered":"<div class=\"flex max-w-full flex-col flex-grow\">\n<div class=\"min-h-8 text-message relative flex w-full flex-col items-end gap-2 whitespace-normal break-words text-start [.text-message+&amp;]:mt-5\" dir=\"auto\" data-message-author-role=\"assistant\" data-message-id=\"9f42a335-56c6-4b32-ac5d-8ec498263b4b\" data-message-model-slug=\"gpt-4o\">\n<div class=\"flex w-full flex-col gap-1 empty:hidden first:pt-[3px]\">\n<div class=\"markdown prose w-full break-words dark:prose-invert dark\">\n<p data-start=\"1441\" data-end=\"1612\" data-is-last-node=\"\" data-is-only-node=\"\">Balsheker Chocorella \u00c7ikolatal\u0131 F\u0131nd\u0131k Ezmesi &#8211; Zengin kakao ve birinci s\u0131n\u0131f f\u0131nd\u0131k ile yap\u0131lan p\u00fcr\u00fczs\u00fcz ve kremsi bir \u00e7ikolata-f\u0131nd\u0131k ezmesi. Kahvalt\u0131, at\u0131\u015ft\u0131rmal\u0131klar ve tatl\u0131lar i\u00e7in m\u00fckemmel! <\/p>\n<\/div>\n<\/div>\n<\/div>\n<\/div>\n<div class=\"mb-2 flex gap-3 -ml-2\">\n<div class=\"flex items-center justify-start rounded-xl p-1\">\n<div class=\"flex items-center\">\n<p>\u00dcr\u00fcn bile\u015fimi: palm ya\u011f\u0131, pudra \u015fekeri, kuru s\u00fct, kakao tozu, kuru peynir alt\u0131 suyu, do\u011fala \u00f6zde\u015f aroma verici \u201cVanilin\u201d, do\u011fala \u00f6zde\u015f aroma verici \u201cF\u0131nd\u0131k\u201d.<\/p>\n<p>Saklama ko\u015fullar\u0131: Kuru ve serin bir yerde, 18\u00b0C s\u0131cakl\u0131kta ve %75&#8217;i a\u015fmayan ba\u011f\u0131l nemde saklay\u0131n.<\/p>\n<p>Raf \u00f6mr\u00fc: 6 ay. \u00dcr\u00fcn sertifikal\u0131d\u0131r.<br \/>\nGDO i\u00e7ermez.<\/p>\n<\/div>\n<\/div>\n<\/div>\n","protected":false},"excerpt":{"rendered":"<p>\u00c7ikolatal\u0131 f\u0131nd\u0131k ezmesi kavanozu, 400 g.<br \/>\nKutu ba\u015f\u0131na 12 kavanoz.<br \/>\nBr\u00fct kutu a\u011f\u0131rl\u0131\u011f\u0131 4,95 kg.<\/p>\n","protected":false},"featured_media":13999,"comment_status":"open","ping_status":"closed","template":"","meta":{"_acf_changed":false},"brand":[900],"product_cat":[325],"product_tag":[852],"class_list":{"0":"post-14009","1":"product","2":"type-product","3":"status-publish","4":"has-post-thumbnail","6":"brand-balsheker-tr","7":"product_cat-cikolata","8":"product_tag-front-product-tr","10":"first","11":"instock","12":"shipping-taxable","13":"purchasable","14":"product-type-simple"},"acf":[],"_links":{"self":[{"href":"https:\/\/turkmenexporter.com\/tr\/wp-json\/wp\/v2\/product\/14009","targetHints":{"allow":["GET"]}}],"collection":[{"href":"https:\/\/turkmenexporter.com\/tr\/wp-json\/wp\/v2\/product"}],"about":[{"href":"https:\/\/turkmenexporter.com\/tr\/wp-json\/wp\/v2\/types\/product"}],"replies":[{"embeddable":true,"href":"https:\/\/turkmenexporter.com\/tr\/wp-json\/wp\/v2\/comments?post=14009"}],"version-history":[{"count":1,"href":"https:\/\/turkmenexporter.com\/tr\/wp-json\/wp\/v2\/product\/14009\/revisions"}],"predecessor-version":[{"id":14015,"href":"https:\/\/turkmenexporter.com\/tr\/wp-json\/wp\/v2\/product\/14009\/revisions\/14015"}],"wp:featuredmedia":[{"embeddable":true,"href":"https:\/\/turkmenexporter.com\/tr\/wp-json\/wp\/v2\/media\/13999"}],"wp:attachment":[{"href":"https:\/\/turkmenexporter.com\/tr\/wp-json\/wp\/v2\/media?parent=14009"}],"wp:term":[{"taxonomy":"brand","embeddable":true,"href":"https:\/\/turkmenexporter.com\/tr\/wp-json\/wp\/v2\/brand?post=14009"},{"taxonomy":"product_cat","embeddable":true,"href":"https:\/\/turkmenexporter.com\/tr\/wp-json\/wp\/v2\/product_cat?post=14009"},{"taxonomy":"product_tag","embeddable":true,"href":"https:\/\/turkmenexporter.com\/tr\/wp-json\/wp\/v2\/product_tag?post=14009"}],"curies":[{"name":"wp","href":"https:\/\/api.w.org\/{rel}","templated":true}]}}