{"id":14087,"date":"2025-03-13T23:41:07","date_gmt":"2025-03-13T18:41:07","guid":{"rendered":"https:\/\/turkmenexporter.com\/product\/fitness-diyet-krakerleri\/"},"modified":"2025-03-23T00:10:43","modified_gmt":"2025-03-22T19:10:43","slug":"fitness-diyet-krakerleri","status":"publish","type":"product","link":"https:\/\/turkmenexporter.com\/tr\/urun\/fitness-diyet-krakerleri\/","title":{"rendered":"FITNESS diyet krakerleri"},"content":{"rendered":"<p>Sa\u011fl\u0131k ve zindeli\u011fe \u00f6ncelik verenler i\u00e7in tasarlanm\u0131\u015f hafif, gevrek ve besleyici bir at\u0131\u015ft\u0131rmal\u0131k olan Balsheker FITNESS Diyet Krakerleri ile formda ve enerjik kal\u0131n.<\/p>\n<p>\u00dcr\u00fcn bile\u015fimi: birinci s\u0131n\u0131f bu\u011fday unu, m\u0131s\u0131r unu, pirin\u00e7 unu, kuru s\u00fct, sofra tuzu, do\u011fal kurutulmu\u015f dereotu.<\/p>\n<p>Saklama ko\u015fullar\u0131: Kuru ve serin bir yerde, 18\u00b0C s\u0131cakl\u0131kta ve %70&#8217;i a\u015fmayan ba\u011f\u0131l nemde saklay\u0131n.<\/p>\n<p>Raf \u00f6mr\u00fc: 9 ay. \u00dcr\u00fcn sertifikal\u0131d\u0131r.<br \/>\nGDO i\u00e7ermez. <\/p>\n","protected":false},"excerpt":{"rendered":"<p>Kutu i\u00e7inde kraker 125 g.<\/p>\n<div class=\"flex max-w-full flex-col flex-grow\">\n<div class=\"min-h-8 text-message relative flex w-full flex-col items-end gap-2 whitespace-normal break-words text-start [.text-message+&amp;]:mt-5\" dir=\"auto\" data-message-author-role=\"assistant\" data-message-id=\"c03cb6dc-c49a-4739-b04d-e265c768022b\" data-message-model-slug=\"gpt-4o\">\n<div class=\"flex w-full flex-col gap-1 empty:hidden first:pt-[3px]\">\n<div class=\"markdown prose w-full break-words dark:prose-invert dark\">\n<p data-start=\"1523\" data-end=\"1678\" data-is-last-node=\"\" data-is-only-node=\"\">Balsheker FITNESS Diyet Krakerleri &#8211; Hafif, gevrek ve sa\u011fl\u0131kl\u0131 tah\u0131llardan yap\u0131lm\u0131\u015ft\u0131r. Dengeli beslenme ve sa\u011fl\u0131kl\u0131 ya\u015fam tarz\u0131 i\u00e7in m\u00fckemmel bir d\u00fc\u015f\u00fck kalorili at\u0131\u015ft\u0131rmal\u0131k! <\/p>\n<\/div>\n<\/div>\n<\/div>\n<\/div>\n","protected":false},"featured_media":14037,"comment_status":"open","ping_status":"closed","template":"","meta":{"_acf_changed":false},"brand":[900],"product_cat":[906],"product_tag":[],"class_list":{"0":"post-14087","1":"product","2":"type-product","3":"status-publish","4":"has-post-thumbnail","6":"brand-balsheker-tr","7":"product_cat-krakerler","9":"first","10":"instock","11":"shipping-taxable","12":"purchasable","13":"product-type-simple"},"acf":[],"_links":{"self":[{"href":"https:\/\/turkmenexporter.com\/tr\/wp-json\/wp\/v2\/product\/14087","targetHints":{"allow":["GET"]}}],"collection":[{"href":"https:\/\/turkmenexporter.com\/tr\/wp-json\/wp\/v2\/product"}],"about":[{"href":"https:\/\/turkmenexporter.com\/tr\/wp-json\/wp\/v2\/types\/product"}],"replies":[{"embeddable":true,"href":"https:\/\/turkmenexporter.com\/tr\/wp-json\/wp\/v2\/comments?post=14087"}],"version-history":[{"count":1,"href":"https:\/\/turkmenexporter.com\/tr\/wp-json\/wp\/v2\/product\/14087\/revisions"}],"predecessor-version":[{"id":14293,"href":"https:\/\/turkmenexporter.com\/tr\/wp-json\/wp\/v2\/product\/14087\/revisions\/14293"}],"wp:featuredmedia":[{"embeddable":true,"href":"https:\/\/turkmenexporter.com\/tr\/wp-json\/wp\/v2\/media\/14037"}],"wp:attachment":[{"href":"https:\/\/turkmenexporter.com\/tr\/wp-json\/wp\/v2\/media?parent=14087"}],"wp:term":[{"taxonomy":"brand","embeddable":true,"href":"https:\/\/turkmenexporter.com\/tr\/wp-json\/wp\/v2\/brand?post=14087"},{"taxonomy":"product_cat","embeddable":true,"href":"https:\/\/turkmenexporter.com\/tr\/wp-json\/wp\/v2\/product_cat?post=14087"},{"taxonomy":"product_tag","embeddable":true,"href":"https:\/\/turkmenexporter.com\/tr\/wp-json\/wp\/v2\/product_tag?post=14087"}],"curies":[{"name":"wp","href":"https:\/\/api.w.org\/{rel}","templated":true}]}}