{"id":14088,"date":"2025-03-14T00:20:28","date_gmt":"2025-03-13T19:20:28","guid":{"rendered":"https:\/\/turkmenexporter.com\/product\/kirpi-meyve-jolesi\/"},"modified":"2025-03-23T00:10:39","modified_gmt":"2025-03-22T19:10:39","slug":"kirpi-meyve-jolesi","status":"publish","type":"product","link":"https:\/\/turkmenexporter.com\/tr\/urun\/kirpi-meyve-jolesi\/","title":{"rendered":"KIRPI meyve j\u00f6lesi"},"content":{"rendered":"<p>Balsheker Kirpi Jellybon Meyveli J\u00f6le &#8211; Fruitmix&#8217;in sulu, \u00e7i\u011fnenebilir lezzetini ya\u015fay\u0131n! Bu yumu\u015fak ve lezzetli j\u00f6le \u015fekerler ger\u00e7ek meyve \u00f6zleri ile yap\u0131l\u0131r ve her \u0131s\u0131r\u0131kta ferahlat\u0131c\u0131 bir meyve aromas\u0131 kar\u0131\u015f\u0131m\u0131 sunar. <\/p>\n<p>\u00dcr\u00fcn bile\u015fimi: Toz \u015feker, melas, jelatin, asitlik d\u00fczenleyici E330, sorbitol \u015furubu E420, do\u011fala \u00f6zde\u015f aroma vericiler \u201cKarpuz\u201d, \u201cLimon\u201d, \u201cElma\u201d, sentetik g\u0131da boyalar\u0131 E124, E102, E102 + E133.<\/p>\n<p>Depolama ko\u015fullar\u0131: Kuru ve serin bir yerde, 18 \u00b0C y\u00fcksek s\u0131cakl\u0131kta ve nem oran\u0131 %75&#8217;i ge\u00e7meyecek \u015fekilde muhafaza edilmelidir.<\/p>\n<p>Raf \u00f6mr\u00fc: 24 ay. \u00dcr\u00fcn sertifikal\u0131d\u0131r.<br \/>\nGDO i\u00e7ermez.<\/p>\n","protected":false},"excerpt":{"rendered":"<p>Meyveli j\u00f6le paketi 20g.<\/p>\n<p>Bir pakette 48 adet. Bir kutuda 6 paket. <\/p>\n<p>Br\u00fct kutu a\u011f\u0131rl\u0131\u011f\u0131 9,7 kg.<\/p>\n","protected":false},"featured_media":14046,"comment_status":"open","ping_status":"closed","template":"","meta":{"_acf_changed":false},"brand":[900],"product_cat":[968],"product_tag":[],"class_list":{"0":"post-14088","1":"product","2":"type-product","3":"status-publish","4":"has-post-thumbnail","6":"brand-balsheker-tr","7":"product_cat-marmelatlar","9":"first","10":"instock","11":"shipping-taxable","12":"purchasable","13":"product-type-simple"},"acf":[],"_links":{"self":[{"href":"https:\/\/turkmenexporter.com\/tr\/wp-json\/wp\/v2\/product\/14088","targetHints":{"allow":["GET"]}}],"collection":[{"href":"https:\/\/turkmenexporter.com\/tr\/wp-json\/wp\/v2\/product"}],"about":[{"href":"https:\/\/turkmenexporter.com\/tr\/wp-json\/wp\/v2\/types\/product"}],"replies":[{"embeddable":true,"href":"https:\/\/turkmenexporter.com\/tr\/wp-json\/wp\/v2\/comments?post=14088"}],"version-history":[{"count":1,"href":"https:\/\/turkmenexporter.com\/tr\/wp-json\/wp\/v2\/product\/14088\/revisions"}],"predecessor-version":[{"id":14286,"href":"https:\/\/turkmenexporter.com\/tr\/wp-json\/wp\/v2\/product\/14088\/revisions\/14286"}],"wp:featuredmedia":[{"embeddable":true,"href":"https:\/\/turkmenexporter.com\/tr\/wp-json\/wp\/v2\/media\/14046"}],"wp:attachment":[{"href":"https:\/\/turkmenexporter.com\/tr\/wp-json\/wp\/v2\/media?parent=14088"}],"wp:term":[{"taxonomy":"brand","embeddable":true,"href":"https:\/\/turkmenexporter.com\/tr\/wp-json\/wp\/v2\/brand?post=14088"},{"taxonomy":"product_cat","embeddable":true,"href":"https:\/\/turkmenexporter.com\/tr\/wp-json\/wp\/v2\/product_cat?post=14088"},{"taxonomy":"product_tag","embeddable":true,"href":"https:\/\/turkmenexporter.com\/tr\/wp-json\/wp\/v2\/product_tag?post=14088"}],"curies":[{"name":"wp","href":"https:\/\/api.w.org\/{rel}","templated":true}]}}