{"id":14089,"date":"2025-03-14T01:25:43","date_gmt":"2025-03-13T20:25:43","guid":{"rendered":"https:\/\/turkmenexporter.com\/product\/jellybon-jole\/"},"modified":"2025-03-23T00:10:51","modified_gmt":"2025-03-22T19:10:51","slug":"jellybon-jole","status":"publish","type":"product","link":"https:\/\/turkmenexporter.com\/tr\/urun\/jellybon-jole\/","title":{"rendered":"JELLYBON J\u00f6le"},"content":{"rendered":"<p>\u00dcr\u00fcn bile\u015fimi: Toz \u015feker, melas, jelatin, asitlik d\u00fczenleyici E330, sorbitol \u015furubu E420, do\u011fala \u00f6zde\u015f aroma vericiler \u201cKarpuz\u201d, \u201cLimon\u201d, \u201cElma\u201d, sentetik g\u0131da boyalar\u0131 E124, E102, E102 + E133.<\/p>\n<p>Depolama ko\u015fullar\u0131: Kuru ve serin bir yerde, 18 \u00b0C y\u00fcksek s\u0131cakl\u0131kta ve nem oran\u0131 %75&#8217;i ge\u00e7meyecek \u015fekilde muhafaza edilmelidir.<\/p>\n<p>Raf \u00f6mr\u00fc: 24 ay. \u00dcr\u00fcn sertifikal\u0131d\u0131r.<br \/>\nGDO i\u00e7ermez.<\/p>\n","protected":false},"excerpt":{"rendered":"<p>Jelatin meyve j\u00f6lesi kab\u0131 300 g.<br \/>\nBlok ba\u015f\u0131na 12 kap.<br \/>\nBlok ba\u015f\u0131na br\u00fct a\u011f\u0131rl\u0131k 4,2 kg.<\/p>\n","protected":false},"featured_media":14061,"comment_status":"open","ping_status":"closed","template":"","meta":{"_acf_changed":false},"brand":[900],"product_cat":[968],"product_tag":[852],"class_list":{"0":"post-14089","1":"product","2":"type-product","3":"status-publish","4":"has-post-thumbnail","6":"brand-balsheker-tr","7":"product_cat-marmelatlar","8":"product_tag-front-product-tr","10":"first","11":"instock","12":"shipping-taxable","13":"purchasable","14":"product-type-simple"},"acf":[],"_links":{"self":[{"href":"https:\/\/turkmenexporter.com\/tr\/wp-json\/wp\/v2\/product\/14089","targetHints":{"allow":["GET"]}}],"collection":[{"href":"https:\/\/turkmenexporter.com\/tr\/wp-json\/wp\/v2\/product"}],"about":[{"href":"https:\/\/turkmenexporter.com\/tr\/wp-json\/wp\/v2\/types\/product"}],"replies":[{"embeddable":true,"href":"https:\/\/turkmenexporter.com\/tr\/wp-json\/wp\/v2\/comments?post=14089"}],"version-history":[{"count":2,"href":"https:\/\/turkmenexporter.com\/tr\/wp-json\/wp\/v2\/product\/14089\/revisions"}],"predecessor-version":[{"id":14304,"href":"https:\/\/turkmenexporter.com\/tr\/wp-json\/wp\/v2\/product\/14089\/revisions\/14304"}],"wp:featuredmedia":[{"embeddable":true,"href":"https:\/\/turkmenexporter.com\/tr\/wp-json\/wp\/v2\/media\/14061"}],"wp:attachment":[{"href":"https:\/\/turkmenexporter.com\/tr\/wp-json\/wp\/v2\/media?parent=14089"}],"wp:term":[{"taxonomy":"brand","embeddable":true,"href":"https:\/\/turkmenexporter.com\/tr\/wp-json\/wp\/v2\/brand?post=14089"},{"taxonomy":"product_cat","embeddable":true,"href":"https:\/\/turkmenexporter.com\/tr\/wp-json\/wp\/v2\/product_cat?post=14089"},{"taxonomy":"product_tag","embeddable":true,"href":"https:\/\/turkmenexporter.com\/tr\/wp-json\/wp\/v2\/product_tag?post=14089"}],"curies":[{"name":"wp","href":"https:\/\/api.w.org\/{rel}","templated":true}]}}