{"id":14126,"date":"2025-03-19T22:47:59","date_gmt":"2025-03-19T17:47:59","guid":{"rendered":"https:\/\/turkmenexporter.com\/product\/gida-agari\/"},"modified":"2025-03-23T00:10:40","modified_gmt":"2025-03-22T19:10:40","slug":"gida-agari","status":"publish","type":"product","link":"https:\/\/turkmenexporter.com\/tr\/urun\/gida-agari\/","title":{"rendered":"G\u0131da Agar\u0131"},"content":{"rendered":"<div class=\"flex max-w-full flex-col flex-grow\">\n<div class=\"min-h-8 text-message relative flex w-full flex-col items-end gap-2 whitespace-normal break-words text-start [.text-message+&amp;]:mt-5\" dir=\"auto\" data-message-author-role=\"assistant\" data-message-id=\"3fdbb5e6-1669-4290-9785-1ffeac3550f6\" data-message-model-slug=\"gpt-4o\">\n<div class=\"flex w-full flex-col gap-1 empty:hidden first:pt-[3px]\">\n<div class=\"markdown prose w-full break-words dark:prose-invert dark\">\n<p data-start=\"1556\" data-end=\"1737\" data-is-last-node=\"\" data-is-only-node=\"\">Balsheker Food Agar &#8211; J\u00f6leler, pudingler ve tatl\u0131lar i\u00e7in m\u00fckemmel, do\u011fal, bitki bazl\u0131 bir jelle\u015ftirici. Mutfak ve end\u00fcstriyel uygulamalar i\u00e7in ideal g\u0131da agar\u0131! <\/p>\n<\/div>\n<\/div>\n<\/div>\n<\/div>\n<div class=\"mb-2 flex gap-3 -ml-2\">\n<div class=\"flex items-center justify-start rounded-xl p-1\">\n<div>\n<div class=\"flex items-center\">\n<p>\u00dcr\u00fcn bile\u015fimi: Do\u011fal k\u0131vam artt\u0131r\u0131c\u0131, dekstroz.<\/p>\n<p>Saklama ko\u015fullar\u0131: kuru, serin ve iyi havaland\u0131r\u0131lan bir yerde, ba\u011f\u0131l nem oran\u0131 %75&#8217;i ge\u00e7meyecek \u015fekilde saklay\u0131n.<\/p>\n<p>Raf \u00f6mr\u00fc: 18 ay. \u00dcr\u00fcn sertifikal\u0131d\u0131r.<br \/>\nGDO i\u00e7ermez.<\/p>\n<\/div>\n<\/div>\n<\/div>\n<\/div>\n","protected":false},"excerpt":{"rendered":"<p>G\u0131da agar\u0131 50 g.<br \/>\nBir kutuda 48 paket.<br \/>\nBr\u00fct kutu a\u011f\u0131rl\u0131\u011f\u0131 3,54 kg.<\/p>\n","protected":false},"featured_media":14097,"comment_status":"open","ping_status":"closed","template":"","meta":{"_acf_changed":false},"brand":[900],"product_cat":[985],"product_tag":[],"class_list":{"0":"post-14126","1":"product","2":"type-product","3":"status-publish","4":"has-post-thumbnail","6":"brand-balsheker-tr","7":"product_cat-gida-katki-maddeleri","9":"first","10":"instock","11":"shipping-taxable","12":"purchasable","13":"product-type-simple"},"acf":[],"_links":{"self":[{"href":"https:\/\/turkmenexporter.com\/tr\/wp-json\/wp\/v2\/product\/14126","targetHints":{"allow":["GET"]}}],"collection":[{"href":"https:\/\/turkmenexporter.com\/tr\/wp-json\/wp\/v2\/product"}],"about":[{"href":"https:\/\/turkmenexporter.com\/tr\/wp-json\/wp\/v2\/types\/product"}],"replies":[{"embeddable":true,"href":"https:\/\/turkmenexporter.com\/tr\/wp-json\/wp\/v2\/comments?post=14126"}],"version-history":[{"count":1,"href":"https:\/\/turkmenexporter.com\/tr\/wp-json\/wp\/v2\/product\/14126\/revisions"}],"predecessor-version":[{"id":14288,"href":"https:\/\/turkmenexporter.com\/tr\/wp-json\/wp\/v2\/product\/14126\/revisions\/14288"}],"wp:featuredmedia":[{"embeddable":true,"href":"https:\/\/turkmenexporter.com\/tr\/wp-json\/wp\/v2\/media\/14097"}],"wp:attachment":[{"href":"https:\/\/turkmenexporter.com\/tr\/wp-json\/wp\/v2\/media?parent=14126"}],"wp:term":[{"taxonomy":"brand","embeddable":true,"href":"https:\/\/turkmenexporter.com\/tr\/wp-json\/wp\/v2\/brand?post=14126"},{"taxonomy":"product_cat","embeddable":true,"href":"https:\/\/turkmenexporter.com\/tr\/wp-json\/wp\/v2\/product_cat?post=14126"},{"taxonomy":"product_tag","embeddable":true,"href":"https:\/\/turkmenexporter.com\/tr\/wp-json\/wp\/v2\/product_tag?post=14126"}],"curies":[{"name":"wp","href":"https:\/\/api.w.org\/{rel}","templated":true}]}}