{"id":14213,"date":"2025-03-21T16:55:28","date_gmt":"2025-03-21T11:55:28","guid":{"rendered":"https:\/\/turkmenexporter.com\/product\/altin-vanilin-tozu-kova-icinde\/"},"modified":"2025-03-21T18:37:46","modified_gmt":"2025-03-21T13:37:46","slug":"altin-vanilin-tozu-kova-icinde","status":"publish","type":"product","link":"https:\/\/turkmenexporter.com\/tr\/urun\/altin-vanilin-tozu-kova-icinde\/","title":{"rendered":"ALTIN vanilin tozu kova i\u00e7inde"},"content":{"rendered":"<div class=\"flex max-w-full flex-col flex-grow\">\n<div class=\"min-h-8 text-message relative flex w-full flex-col items-end gap-2 whitespace-normal break-words text-start [.text-message+&amp;]:mt-5\" dir=\"auto\" data-message-author-role=\"assistant\" data-message-id=\"f76d8eb9-9d8a-42bf-a3a1-3356b9b3958e\" data-message-model-slug=\"gpt-4o\">\n<div class=\"flex w-full flex-col gap-1 empty:hidden first:pt-[3px]\">\n<div class=\"markdown prose w-full break-words dark:prose-invert dark\">\n<p data-start=\"1470\" data-end=\"1640\" data-is-last-node=\"\" data-is-only-node=\"\">Balsheker Alt\u0131n Vanilin &#8211; Unlu mamuller ve \u015fekerlemeler i\u00e7in birinci s\u0131n\u0131f vanilya aromas\u0131. Son derece aromatik, konsantre ve hem ev hem de end\u00fcstriyel kullan\u0131m i\u00e7in m\u00fckemmel! <\/p>\n<\/div>\n<\/div>\n<\/div>\n<\/div>\n<div class=\"mb-2 flex gap-3 -ml-2\">\n<div class=\"flex items-center justify-start rounded-xl p-1\">\n<div>\n<div class=\"flex items-center\">\n<p>\u00dcr\u00fcn bile\u015fimi: Pudra \u015fekeri, ni\u015fasta, vanilya (%3).<\/p>\n<p>Depolama ko\u015fullar\u0131: Kuru ve serin bir yerde, 5-25 \u00b0C y\u00fcksek s\u0131cakl\u0131kta ve nem oran\u0131 en fazla %75 olacak \u015fekilde muhafaza edilmelidir.<\/p>\n<p>Raf \u00f6mr\u00fc: 23 ay. \u00dcr\u00fcn sertifikal\u0131d\u0131r.<br \/>\nGDO i\u00e7ermez.<\/p>\n<\/div>\n<\/div>\n<\/div>\n<\/div>\n","protected":false},"excerpt":{"rendered":"<p>Vanilin tozu kovas\u0131 800 g.<\/p>\n<p>Bir kutuda 6 kova.<\/p>\n<p>Br\u00fct kutu a\u011f\u0131rl\u0131\u011f\u0131 5.325 kg.<\/p>\n","protected":false},"featured_media":14185,"comment_status":"open","ping_status":"closed","template":"","meta":{"_acf_changed":false},"brand":[900],"product_cat":[985],"product_tag":[],"class_list":{"0":"post-14213","1":"product","2":"type-product","3":"status-publish","4":"has-post-thumbnail","6":"brand-balsheker-tr","7":"product_cat-gida-katki-maddeleri","9":"first","10":"instock","11":"shipping-taxable","12":"purchasable","13":"product-type-simple"},"acf":[],"_links":{"self":[{"href":"https:\/\/turkmenexporter.com\/tr\/wp-json\/wp\/v2\/product\/14213","targetHints":{"allow":["GET"]}}],"collection":[{"href":"https:\/\/turkmenexporter.com\/tr\/wp-json\/wp\/v2\/product"}],"about":[{"href":"https:\/\/turkmenexporter.com\/tr\/wp-json\/wp\/v2\/types\/product"}],"replies":[{"embeddable":true,"href":"https:\/\/turkmenexporter.com\/tr\/wp-json\/wp\/v2\/comments?post=14213"}],"version-history":[{"count":1,"href":"https:\/\/turkmenexporter.com\/tr\/wp-json\/wp\/v2\/product\/14213\/revisions"}],"predecessor-version":[{"id":14218,"href":"https:\/\/turkmenexporter.com\/tr\/wp-json\/wp\/v2\/product\/14213\/revisions\/14218"}],"wp:featuredmedia":[{"embeddable":true,"href":"https:\/\/turkmenexporter.com\/tr\/wp-json\/wp\/v2\/media\/14185"}],"wp:attachment":[{"href":"https:\/\/turkmenexporter.com\/tr\/wp-json\/wp\/v2\/media?parent=14213"}],"wp:term":[{"taxonomy":"brand","embeddable":true,"href":"https:\/\/turkmenexporter.com\/tr\/wp-json\/wp\/v2\/brand?post=14213"},{"taxonomy":"product_cat","embeddable":true,"href":"https:\/\/turkmenexporter.com\/tr\/wp-json\/wp\/v2\/product_cat?post=14213"},{"taxonomy":"product_tag","embeddable":true,"href":"https:\/\/turkmenexporter.com\/tr\/wp-json\/wp\/v2\/product_tag?post=14213"}],"curies":[{"name":"wp","href":"https:\/\/api.w.org\/{rel}","templated":true}]}}