{"id":14219,"date":"2025-03-21T15:24:07","date_gmt":"2025-03-21T10:24:07","guid":{"rendered":"https:\/\/turkmenexporter.com\/product\/altin-kabartma-tozu\/"},"modified":"2025-03-23T00:10:41","modified_gmt":"2025-03-22T19:10:41","slug":"altin-kabartma-tozu","status":"publish","type":"product","link":"https:\/\/turkmenexporter.com\/tr\/urun\/altin-kabartma-tozu\/","title":{"rendered":"ALTIN kabartma tozu"},"content":{"rendered":"<p>Alt\u0131n kabartma tozu, unlu mamullerinize m\u00fckemmel kabarma ve doku kazand\u0131rmak i\u00e7in tasarlanm\u0131\u015f y\u00fcksek kaliteli bir kabartma maddesidir. Kekler, hamur i\u015fleri, ekmek ve bisk\u00fcviler i\u00e7in ideal olan bu kabartma tozu, e\u015fit ve tutarl\u0131 bir kabarma sa\u011flayarak unlu mamullerinizi yumu\u015fak, kabar\u0131k ve lezzetli hale getirir. \u0130ster profesyonel bir f\u0131r\u0131nc\u0131 ister ev a\u015f\u00e7\u0131s\u0131 olun, Alt\u0131n kabartma tozu her seferinde m\u00fckemmel sonu\u00e7lar i\u00e7in olmazsa olmaz bir malzemedir.  <\/p>\n<p>\u00dcr\u00fcn bile\u015fimi: Disodyum dihidrojen fosfat, sodyum bikarbonat, m\u0131s\u0131r ni\u015fastas\u0131.<\/p>\n<p>Depolama ko\u015fullar\u0131: Kuru ve serin bir yerde, 20 \u00b0C y\u00fcksek s\u0131cakl\u0131kta ve nem oran\u0131 %70&#8217;i ge\u00e7meyecek \u015fekilde muhafaza edilmelidir.<\/p>\n<p>Raf \u00f6mr\u00fc: 24 ay. \u00dcr\u00fcn sertifikal\u0131d\u0131r.<br \/>\nGDO i\u00e7ermez.<\/p>\n","protected":false},"excerpt":{"rendered":"<p>Kabartma tozu paketi 10 g.<\/p>\n<p>Bir pakette 48 paket. Bir kutuda 10 paket.<\/p>\n<p>Br\u00fct kutu a\u011f\u0131rl\u0131\u011f\u0131 5,71 kg.<\/p>\n","protected":false},"featured_media":14137,"comment_status":"open","ping_status":"closed","template":"","meta":{"_acf_changed":false},"brand":[900],"product_cat":[985],"product_tag":[],"class_list":{"0":"post-14219","1":"product","2":"type-product","3":"status-publish","4":"has-post-thumbnail","6":"brand-balsheker-tr","7":"product_cat-gida-katki-maddeleri","9":"first","10":"instock","11":"shipping-taxable","12":"purchasable","13":"product-type-simple"},"acf":[],"_links":{"self":[{"href":"https:\/\/turkmenexporter.com\/tr\/wp-json\/wp\/v2\/product\/14219","targetHints":{"allow":["GET"]}}],"collection":[{"href":"https:\/\/turkmenexporter.com\/tr\/wp-json\/wp\/v2\/product"}],"about":[{"href":"https:\/\/turkmenexporter.com\/tr\/wp-json\/wp\/v2\/types\/product"}],"replies":[{"embeddable":true,"href":"https:\/\/turkmenexporter.com\/tr\/wp-json\/wp\/v2\/comments?post=14219"}],"version-history":[{"count":1,"href":"https:\/\/turkmenexporter.com\/tr\/wp-json\/wp\/v2\/product\/14219\/revisions"}],"predecessor-version":[{"id":14290,"href":"https:\/\/turkmenexporter.com\/tr\/wp-json\/wp\/v2\/product\/14219\/revisions\/14290"}],"wp:featuredmedia":[{"embeddable":true,"href":"https:\/\/turkmenexporter.com\/tr\/wp-json\/wp\/v2\/media\/14137"}],"wp:attachment":[{"href":"https:\/\/turkmenexporter.com\/tr\/wp-json\/wp\/v2\/media?parent=14219"}],"wp:term":[{"taxonomy":"brand","embeddable":true,"href":"https:\/\/turkmenexporter.com\/tr\/wp-json\/wp\/v2\/brand?post=14219"},{"taxonomy":"product_cat","embeddable":true,"href":"https:\/\/turkmenexporter.com\/tr\/wp-json\/wp\/v2\/product_cat?post=14219"},{"taxonomy":"product_tag","embeddable":true,"href":"https:\/\/turkmenexporter.com\/tr\/wp-json\/wp\/v2\/product_tag?post=14219"}],"curies":[{"name":"wp","href":"https:\/\/api.w.org\/{rel}","templated":true}]}}