{"id":14220,"date":"2025-03-21T16:38:15","date_gmt":"2025-03-21T11:38:15","guid":{"rendered":"https:\/\/turkmenexporter.com\/product\/altin-kabartma-tozu-kova-icinde\/"},"modified":"2025-03-21T16:38:15","modified_gmt":"2025-03-21T11:38:15","slug":"altin-kabartma-tozu-kova-icinde","status":"publish","type":"product","link":"https:\/\/turkmenexporter.com\/tr\/urun\/altin-kabartma-tozu-kova-icinde\/","title":{"rendered":"ALTIN kabartma tozu kova i\u00e7inde"},"content":{"rendered":"<div class=\"flex max-w-full flex-col flex-grow\">\n<div class=\"min-h-8 text-message relative flex w-full flex-col items-end gap-2 whitespace-normal break-words text-start [.text-message+&amp;]:mt-5\" dir=\"auto\" data-message-author-role=\"assistant\" data-message-id=\"78db1af3-5679-46ca-b7a7-26ea044b4a22\" data-message-model-slug=\"gpt-4o\">\n<div class=\"flex w-full flex-col gap-1 empty:hidden first:pt-[3px]\">\n<div class=\"markdown prose w-full break-words dark:prose-invert dark\">\n<p data-start=\"1403\" data-end=\"1579\" data-is-last-node=\"\" data-is-only-node=\"\">Alt\u0131n Kabartma Tozu &#8211; M\u00fckemmel yumu\u015fakl\u0131kta, kabar\u0131k ve lezzetli unlu mamuller i\u00e7in y\u00fcksek kaliteli, \u00e7ift etkili kabartma maddesi. Profesyonel ve evde pi\u015firme i\u00e7in ideal! <\/p>\n<p>\u00dcr\u00fcn bile\u015fimi: Disodyum dihidrojen fosfat, sodyum bikarbonat, m\u0131s\u0131r ni\u015fastas\u0131.<\/p>\n<p>Depolama ko\u015fullar\u0131: Kuru ve serin bir yerde, 20 \u00b0C y\u00fcksek s\u0131cakl\u0131kta ve nem oran\u0131 %70&#8217;i ge\u00e7meyecek \u015fekilde muhafaza edilmelidir.<\/p>\n<p>Raf \u00f6mr\u00fc: 24 ay. \u00dcr\u00fcn sertifikal\u0131d\u0131r.<br \/>\nGDO i\u00e7ermez.<\/p>\n<\/div>\n<\/div>\n<\/div>\n<\/div>\n","protected":false},"excerpt":{"rendered":"<p>Kabartma tozu kovas\u0131 600 g.<\/p>\n<p>Bir kutuda 6 kova.<\/p>\n<p>Br\u00fct kutu a\u011f\u0131rl\u0131\u011f\u0131 4,1 kg.<\/p>\n","protected":false},"featured_media":14168,"comment_status":"open","ping_status":"closed","template":"","meta":{"_acf_changed":false},"brand":[900],"product_cat":[985],"product_tag":[852],"class_list":{"0":"post-14220","1":"product","2":"type-product","3":"status-publish","4":"has-post-thumbnail","6":"brand-balsheker-tr","7":"product_cat-gida-katki-maddeleri","8":"product_tag-front-product-tr","10":"first","11":"instock","12":"shipping-taxable","13":"purchasable","14":"product-type-simple"},"acf":[],"_links":{"self":[{"href":"https:\/\/turkmenexporter.com\/tr\/wp-json\/wp\/v2\/product\/14220","targetHints":{"allow":["GET"]}}],"collection":[{"href":"https:\/\/turkmenexporter.com\/tr\/wp-json\/wp\/v2\/product"}],"about":[{"href":"https:\/\/turkmenexporter.com\/tr\/wp-json\/wp\/v2\/types\/product"}],"replies":[{"embeddable":true,"href":"https:\/\/turkmenexporter.com\/tr\/wp-json\/wp\/v2\/comments?post=14220"}],"version-history":[{"count":0,"href":"https:\/\/turkmenexporter.com\/tr\/wp-json\/wp\/v2\/product\/14220\/revisions"}],"wp:featuredmedia":[{"embeddable":true,"href":"https:\/\/turkmenexporter.com\/tr\/wp-json\/wp\/v2\/media\/14168"}],"wp:attachment":[{"href":"https:\/\/turkmenexporter.com\/tr\/wp-json\/wp\/v2\/media?parent=14220"}],"wp:term":[{"taxonomy":"brand","embeddable":true,"href":"https:\/\/turkmenexporter.com\/tr\/wp-json\/wp\/v2\/brand?post=14220"},{"taxonomy":"product_cat","embeddable":true,"href":"https:\/\/turkmenexporter.com\/tr\/wp-json\/wp\/v2\/product_cat?post=14220"},{"taxonomy":"product_tag","embeddable":true,"href":"https:\/\/turkmenexporter.com\/tr\/wp-json\/wp\/v2\/product_tag?post=14220"}],"curies":[{"name":"wp","href":"https:\/\/api.w.org\/{rel}","templated":true}]}}