{"id":14221,"date":"2025-03-21T16:48:39","date_gmt":"2025-03-21T11:48:39","guid":{"rendered":"https:\/\/turkmenexporter.com\/product\/altin-vanilin-tozu\/"},"modified":"2025-03-21T16:48:39","modified_gmt":"2025-03-21T11:48:39","slug":"altin-vanilin-tozu","status":"publish","type":"product","link":"https:\/\/turkmenexporter.com\/tr\/urun\/altin-vanilin-tozu\/","title":{"rendered":"ALTIN vanilin tozu"},"content":{"rendered":"<p>Balsheker Alt\u0131n Vanilin, unlu mamullerinizin, tatl\u0131lar\u0131n\u0131z\u0131n ve \u015fekerleme \u00fcr\u00fcnlerinizin tad\u0131n\u0131 ve aromas\u0131n\u0131 geli\u015ftiren \u00fcst\u00fcn kaliteli bir vanilya aromas\u0131d\u0131r. Bu \u00e7ok y\u00f6nl\u00fc ve y\u00fcksek konsantrasyonlu bile\u015fen, zengin, tatl\u0131 bir vanilya esans\u0131 sunarak hem ev f\u0131r\u0131nc\u0131lar\u0131 hem de profesyonel \u015fefler i\u00e7in olmazsa olmazd\u0131r. Kek, pasta, kurabiye veya \u00e7ikolata haz\u0131rlarken, Alt\u0131n Vanilin her lokmada ho\u015f ve uzun s\u00fcreli vanilya kokusunu garanti eder.  <\/p>\n<p>\u00dcr\u00fcn bile\u015fimi: Pudra \u015fekeri, ni\u015fasta, vanilya (%3).<\/p>\n<p>Depolama ko\u015fullar\u0131: Kuru ve serin bir yerde, 5-25 \u00b0C y\u00fcksek s\u0131cakl\u0131kta ve nem oran\u0131 en fazla %75 olacak \u015fekilde muhafaza edilmelidir.<\/p>\n<p>Raf \u00f6mr\u00fc: 23 ay. \u00dcr\u00fcn sertifikal\u0131d\u0131r.<br \/>\nGDO i\u00e7ermez.<\/p>\n","protected":false},"excerpt":{"rendered":"<p>Vanilin tozu paketi 5 g.<\/p>\n<p>Bir pakette 48 paket. Bir kutuda 10 paket.<\/p>\n<p>Br\u00fct kutu a\u011f\u0131rl\u0131\u011f\u0131 3,45 kg.<\/p>\n","protected":false},"featured_media":14176,"comment_status":"open","ping_status":"closed","template":"","meta":{"_acf_changed":false},"brand":[900],"product_cat":[985],"product_tag":[],"class_list":{"0":"post-14221","1":"product","2":"type-product","3":"status-publish","4":"has-post-thumbnail","6":"brand-balsheker-tr","7":"product_cat-gida-katki-maddeleri","9":"first","10":"instock","11":"shipping-taxable","12":"purchasable","13":"product-type-simple"},"acf":[],"_links":{"self":[{"href":"https:\/\/turkmenexporter.com\/tr\/wp-json\/wp\/v2\/product\/14221","targetHints":{"allow":["GET"]}}],"collection":[{"href":"https:\/\/turkmenexporter.com\/tr\/wp-json\/wp\/v2\/product"}],"about":[{"href":"https:\/\/turkmenexporter.com\/tr\/wp-json\/wp\/v2\/types\/product"}],"replies":[{"embeddable":true,"href":"https:\/\/turkmenexporter.com\/tr\/wp-json\/wp\/v2\/comments?post=14221"}],"version-history":[{"count":0,"href":"https:\/\/turkmenexporter.com\/tr\/wp-json\/wp\/v2\/product\/14221\/revisions"}],"wp:featuredmedia":[{"embeddable":true,"href":"https:\/\/turkmenexporter.com\/tr\/wp-json\/wp\/v2\/media\/14176"}],"wp:attachment":[{"href":"https:\/\/turkmenexporter.com\/tr\/wp-json\/wp\/v2\/media?parent=14221"}],"wp:term":[{"taxonomy":"brand","embeddable":true,"href":"https:\/\/turkmenexporter.com\/tr\/wp-json\/wp\/v2\/brand?post=14221"},{"taxonomy":"product_cat","embeddable":true,"href":"https:\/\/turkmenexporter.com\/tr\/wp-json\/wp\/v2\/product_cat?post=14221"},{"taxonomy":"product_tag","embeddable":true,"href":"https:\/\/turkmenexporter.com\/tr\/wp-json\/wp\/v2\/product_tag?post=14221"}],"curies":[{"name":"wp","href":"https:\/\/api.w.org\/{rel}","templated":true}]}}