{"id":14656,"date":"2025-03-23T01:01:58","date_gmt":"2025-03-22T20:01:58","guid":{"rendered":"https:\/\/turkmenexporter.com\/product\/gida-jelatin\/"},"modified":"2025-03-23T01:01:58","modified_gmt":"2025-03-22T20:01:58","slug":"gida-jelatin","status":"publish","type":"product","link":"https:\/\/turkmenexporter.com\/tr\/urun\/gida-jelatin\/","title":{"rendered":"G\u0131da jelatini"},"content":{"rendered":"<p>Kenton G\u0131da Jelatini &#8211; F\u0131r\u0131nc\u0131l\u0131k ve \u015fekerleme i\u00e7in birinci s\u0131n\u0131f jelle\u015ftirici. Kokusuz, tats\u0131z ve j\u00f6leler, k\u00f6p\u00fckler ve sak\u0131zl\u0131 \u015fekerler i\u00e7in m\u00fckemmeldir. Ev ve end\u00fcstriyel kullan\u0131m i\u00e7in idealdir!  <\/p>\n<p>\u00dcr\u00fcn bile\u015fimi: Jelatin, g\u0131da katk\u0131 maddesi koruyucu E223.<\/p>\n<p>Saklama ko\u015fullar\u0131: Kuru ve serin bir yerde, 5-25\u00b0C s\u0131cakl\u0131kta ve %70&#8217;i a\u015fmayan ba\u011f\u0131l nemde saklay\u0131n.<\/p>\n<p>Raf \u00f6mr\u00fc: 18 ay. \u00dcr\u00fcn sertifikal\u0131d\u0131r.<br \/>\nGDO i\u00e7ermez.<\/p>\n","protected":false},"excerpt":{"rendered":"<p>G\u0131da jelatini 50 g.<\/p>\n<p>Kutuda 48 adet.<\/p>\n<p>Br\u00fct kutu a\u011f\u0131rl\u0131\u011f\u0131 3,5 kg.<\/p>\n","protected":false},"featured_media":14331,"comment_status":"open","ping_status":"closed","template":"","meta":{"_acf_changed":false},"brand":[1021],"product_cat":[985],"product_tag":[],"class_list":{"0":"post-14656","1":"product","2":"type-product","3":"status-publish","4":"has-post-thumbnail","6":"brand-kenton-tr","7":"product_cat-gida-katki-maddeleri","9":"first","10":"instock","11":"shipping-taxable","12":"purchasable","13":"product-type-simple"},"acf":[],"_links":{"self":[{"href":"https:\/\/turkmenexporter.com\/tr\/wp-json\/wp\/v2\/product\/14656","targetHints":{"allow":["GET"]}}],"collection":[{"href":"https:\/\/turkmenexporter.com\/tr\/wp-json\/wp\/v2\/product"}],"about":[{"href":"https:\/\/turkmenexporter.com\/tr\/wp-json\/wp\/v2\/types\/product"}],"replies":[{"embeddable":true,"href":"https:\/\/turkmenexporter.com\/tr\/wp-json\/wp\/v2\/comments?post=14656"}],"version-history":[{"count":0,"href":"https:\/\/turkmenexporter.com\/tr\/wp-json\/wp\/v2\/product\/14656\/revisions"}],"wp:featuredmedia":[{"embeddable":true,"href":"https:\/\/turkmenexporter.com\/tr\/wp-json\/wp\/v2\/media\/14331"}],"wp:attachment":[{"href":"https:\/\/turkmenexporter.com\/tr\/wp-json\/wp\/v2\/media?parent=14656"}],"wp:term":[{"taxonomy":"brand","embeddable":true,"href":"https:\/\/turkmenexporter.com\/tr\/wp-json\/wp\/v2\/brand?post=14656"},{"taxonomy":"product_cat","embeddable":true,"href":"https:\/\/turkmenexporter.com\/tr\/wp-json\/wp\/v2\/product_cat?post=14656"},{"taxonomy":"product_tag","embeddable":true,"href":"https:\/\/turkmenexporter.com\/tr\/wp-json\/wp\/v2\/product_tag?post=14656"}],"curies":[{"name":"wp","href":"https:\/\/api.w.org\/{rel}","templated":true}]}}