{"id":14846,"date":"2025-04-02T22:01:14","date_gmt":"2025-04-02T17:01:14","guid":{"rendered":"https:\/\/turkmenexporter.com\/product\/kenton-kova-icinde-krem-santi\/"},"modified":"2025-04-02T22:01:14","modified_gmt":"2025-04-02T17:01:14","slug":"kenton-kova-icinde-krem-santi","status":"publish","type":"product","link":"https:\/\/turkmenexporter.com\/tr\/urun\/kenton-kova-icinde-krem-santi\/","title":{"rendered":"Kenton Kova i\u00e7inde Krem \u015eanti"},"content":{"rendered":"<p>Kenton Krem \u015eanti, \u00e7e\u015fitli tatl\u0131lara ve \u015fekerlemelere l\u00fcks, p\u00fcr\u00fczs\u00fcz bir doku ve hassas bir tatl\u0131l\u0131k katmak i\u00e7in tasarlanm\u0131\u015f \u00fcst\u00fcn kaliteli bir krem \u015fantidir.<\/p>\n<p>\u00dcr\u00fcn bile\u015fimi: Pudra \u015fekeri, glikoz, bitkisel ya\u011f, em\u00fclgat\u00f6rler (asetik asitin monogliseritleri ve digliseritleri), sodyum kazeinat, m\u0131s\u0131r ni\u015fastas\u0131, vanilin.<\/p>\n<p>Depolama ko\u015fullar\u0131: Kuru ve serin bir yerde, 5-25 \u00b0C y\u00fcksek s\u0131cakl\u0131kta ve nem oran\u0131 en fazla %75 olacak \u015fekilde muhafaza edilmelidir.<\/p>\n<p>Raf \u00f6mr\u00fc: 18 ay. \u00dcr\u00fcn sertifikal\u0131d\u0131r.<br \/>\nGDO i\u00e7ermez.<\/p>\n","protected":false},"excerpt":{"rendered":"<p>Kova i\u00e7inde krem \u015fanti 700 g.<\/p>\n<p>Bir kutuda 6 kova.<\/p>\n<p>Br\u00fct kutu a\u011f\u0131rl\u0131\u011f\u0131 4,7 kg.<\/p>\n","protected":false},"featured_media":14772,"comment_status":"open","ping_status":"closed","template":"","meta":{"_acf_changed":false},"brand":[1021],"product_cat":[985],"product_tag":[],"class_list":{"0":"post-14846","1":"product","2":"type-product","3":"status-publish","4":"has-post-thumbnail","6":"brand-kenton-tr","7":"product_cat-gida-katki-maddeleri","9":"first","10":"instock","11":"shipping-taxable","12":"purchasable","13":"product-type-simple"},"acf":[],"_links":{"self":[{"href":"https:\/\/turkmenexporter.com\/tr\/wp-json\/wp\/v2\/product\/14846","targetHints":{"allow":["GET"]}}],"collection":[{"href":"https:\/\/turkmenexporter.com\/tr\/wp-json\/wp\/v2\/product"}],"about":[{"href":"https:\/\/turkmenexporter.com\/tr\/wp-json\/wp\/v2\/types\/product"}],"replies":[{"embeddable":true,"href":"https:\/\/turkmenexporter.com\/tr\/wp-json\/wp\/v2\/comments?post=14846"}],"version-history":[{"count":0,"href":"https:\/\/turkmenexporter.com\/tr\/wp-json\/wp\/v2\/product\/14846\/revisions"}],"wp:featuredmedia":[{"embeddable":true,"href":"https:\/\/turkmenexporter.com\/tr\/wp-json\/wp\/v2\/media\/14772"}],"wp:attachment":[{"href":"https:\/\/turkmenexporter.com\/tr\/wp-json\/wp\/v2\/media?parent=14846"}],"wp:term":[{"taxonomy":"brand","embeddable":true,"href":"https:\/\/turkmenexporter.com\/tr\/wp-json\/wp\/v2\/brand?post=14846"},{"taxonomy":"product_cat","embeddable":true,"href":"https:\/\/turkmenexporter.com\/tr\/wp-json\/wp\/v2\/product_cat?post=14846"},{"taxonomy":"product_tag","embeddable":true,"href":"https:\/\/turkmenexporter.com\/tr\/wp-json\/wp\/v2\/product_tag?post=14846"}],"curies":[{"name":"wp","href":"https:\/\/api.w.org\/{rel}","templated":true}]}}