{"id":14852,"date":"2025-04-02T10:45:34","date_gmt":"2025-04-02T05:45:34","guid":{"rendered":"https:\/\/turkmenexporter.com\/product\/erkek-coraplari-batly-gadam\/"},"modified":"2025-04-02T10:45:34","modified_gmt":"2025-04-02T05:45:34","slug":"erkek-coraplari-batly-gadam","status":"publish","type":"product","link":"https:\/\/turkmenexporter.com\/tr\/urun\/erkek-coraplari-batly-gadam\/","title":{"rendered":"Erkek \u00e7oraplar\u0131 Batly-Gadam"},"content":{"rendered":"<p>80 pamuk<\/p>\n<p>%16 poliamid<\/p>\n<p>%4 elastan<\/p>\n<p>Bedenler: 40-43<\/p>\n","protected":false},"excerpt":{"rendered":"<p>Y\u00fcksek kaliteli pamuklu \u00e7oraplar. Bir pakette 2 \u00e7ift <\/p>\n<p>Tasar\u0131m, boyut ve i\u00e7erikte yap\u0131lacak her t\u00fcrl\u00fc ekleme m\u00fczakere edilebilir <\/p>\n<p><a href=\"https:\/\/drive.google.com\/file\/d\/1gtCbls6mnxNAk1AxwIH-SF41P-I7ILR_\/view?usp=sharing\" target=\"_blank\" rel=\"nofollow noopener\">Avrupa kalite test sonu\u00e7lar\u0131 &#8211; T\u00dcV S\u00dcD Test Raporu<\/a><\/p>\n","protected":false},"featured_media":12708,"comment_status":"open","ping_status":"closed","template":"","meta":{"_acf_changed":false},"brand":[1051],"product_cat":[1046],"product_tag":[],"class_list":{"0":"post-14852","1":"product","2":"type-product","3":"status-publish","4":"has-post-thumbnail","6":"brand-batly-gadam-tr","7":"product_cat-coraplar","9":"first","10":"instock","11":"shipping-taxable","12":"purchasable","13":"product-type-variable","14":"has-default-attributes"},"acf":[],"_links":{"self":[{"href":"https:\/\/turkmenexporter.com\/tr\/wp-json\/wp\/v2\/product\/14852","targetHints":{"allow":["GET"]}}],"collection":[{"href":"https:\/\/turkmenexporter.com\/tr\/wp-json\/wp\/v2\/product"}],"about":[{"href":"https:\/\/turkmenexporter.com\/tr\/wp-json\/wp\/v2\/types\/product"}],"replies":[{"embeddable":true,"href":"https:\/\/turkmenexporter.com\/tr\/wp-json\/wp\/v2\/comments?post=14852"}],"version-history":[{"count":0,"href":"https:\/\/turkmenexporter.com\/tr\/wp-json\/wp\/v2\/product\/14852\/revisions"}],"wp:featuredmedia":[{"embeddable":true,"href":"https:\/\/turkmenexporter.com\/tr\/wp-json\/wp\/v2\/media\/12708"}],"wp:attachment":[{"href":"https:\/\/turkmenexporter.com\/tr\/wp-json\/wp\/v2\/media?parent=14852"}],"wp:term":[{"taxonomy":"brand","embeddable":true,"href":"https:\/\/turkmenexporter.com\/tr\/wp-json\/wp\/v2\/brand?post=14852"},{"taxonomy":"product_cat","embeddable":true,"href":"https:\/\/turkmenexporter.com\/tr\/wp-json\/wp\/v2\/product_cat?post=14852"},{"taxonomy":"product_tag","embeddable":true,"href":"https:\/\/turkmenexporter.com\/tr\/wp-json\/wp\/v2\/product_tag?post=14852"}],"curies":[{"name":"wp","href":"https:\/\/api.w.org\/{rel}","templated":true}]}}