{"id":15501,"date":"2025-04-15T20:34:03","date_gmt":"2025-04-15T15:34:03","guid":{"rendered":"https:\/\/turkmenexporter.com\/product\/balsheker-bambu-cubuklar-900g\/"},"modified":"2025-04-15T20:34:03","modified_gmt":"2025-04-15T15:34:03","slug":"balsheker-bambu-cubuklar-900g","status":"publish","type":"product","link":"https:\/\/turkmenexporter.com\/tr\/urun\/balsheker-bambu-cubuklar-900g\/","title":{"rendered":"&#8220;Balsheker&#8221; Bambu \u00c7ubuklar 900g."},"content":{"rendered":"<ul>\n<li>Palet ba\u015f\u0131na 400 kutu.<\/li>\n<li>Raf \u00f6mr\u00fc: 6 ay.<\/li>\n<\/ul>\n<p>Serin ve kuru bir yerde, 18\u00b0C&#8217;yi a\u015fmayan bir s\u0131cakl\u0131kta ve %70&#8217;i a\u015fmayan ba\u011f\u0131l nemde saklay\u0131n.<\/p>\n","protected":false},"excerpt":{"rendered":"<p>Belirtilen fiyat 1 kutu i\u00e7indir.<\/p>\n<p>Kutu \u00e7\u0131t\u0131r bambu \u00e7ubuk 900g.<\/p>\n","protected":false},"featured_media":15295,"comment_status":"open","ping_status":"closed","template":"","meta":{"_acf_changed":false},"brand":[900],"product_cat":[906],"product_tag":[],"class_list":{"0":"post-15501","1":"product","2":"type-product","3":"status-publish","4":"has-post-thumbnail","6":"brand-balsheker-tr","7":"product_cat-krakerler","9":"first","10":"instock","11":"shipping-taxable","12":"purchasable","13":"product-type-variable","14":"has-default-attributes"},"acf":[],"_links":{"self":[{"href":"https:\/\/turkmenexporter.com\/tr\/wp-json\/wp\/v2\/product\/15501","targetHints":{"allow":["GET"]}}],"collection":[{"href":"https:\/\/turkmenexporter.com\/tr\/wp-json\/wp\/v2\/product"}],"about":[{"href":"https:\/\/turkmenexporter.com\/tr\/wp-json\/wp\/v2\/types\/product"}],"replies":[{"embeddable":true,"href":"https:\/\/turkmenexporter.com\/tr\/wp-json\/wp\/v2\/comments?post=15501"}],"version-history":[{"count":0,"href":"https:\/\/turkmenexporter.com\/tr\/wp-json\/wp\/v2\/product\/15501\/revisions"}],"wp:featuredmedia":[{"embeddable":true,"href":"https:\/\/turkmenexporter.com\/tr\/wp-json\/wp\/v2\/media\/15295"}],"wp:attachment":[{"href":"https:\/\/turkmenexporter.com\/tr\/wp-json\/wp\/v2\/media?parent=15501"}],"wp:term":[{"taxonomy":"brand","embeddable":true,"href":"https:\/\/turkmenexporter.com\/tr\/wp-json\/wp\/v2\/brand?post=15501"},{"taxonomy":"product_cat","embeddable":true,"href":"https:\/\/turkmenexporter.com\/tr\/wp-json\/wp\/v2\/product_cat?post=15501"},{"taxonomy":"product_tag","embeddable":true,"href":"https:\/\/turkmenexporter.com\/tr\/wp-json\/wp\/v2\/product_tag?post=15501"}],"curies":[{"name":"wp","href":"https:\/\/api.w.org\/{rel}","templated":true}]}}