{"id":15507,"date":"2025-04-15T20:12:47","date_gmt":"2025-04-15T15:12:47","guid":{"rendered":"https:\/\/turkmenexporter.com\/product\/balsheker-cikolata-cubuklari\/"},"modified":"2025-04-15T20:12:47","modified_gmt":"2025-04-15T15:12:47","slug":"balsheker-cikolata-cubuklari","status":"publish","type":"product","link":"https:\/\/turkmenexporter.com\/tr\/urun\/balsheker-cikolata-cubuklari\/","title":{"rendered":"&#8220;Balsheker&#8221; \u00c7ikolata \u00c7ubuklar\u0131"},"content":{"rendered":"<p>\u00dcr\u00fcn bile\u015fimi: Premium bu\u011fday unu, kuru s\u00fct, ni\u015fasta, pudra \u015fekeri, sofra tuzu, eritilmi\u015f tereya\u011f\u0131, em\u00fclgat\u00f6r lesitin E322, \u00e7ikolata, do\u011fal &#8220;Vanillin&#8221; ile \u00f6zde\u015f aroma<\/p>\n<p>Saklama ko\u015fullar\u0131: Kuru ve serin bir yerde, 18\u00b0C s\u0131cakl\u0131kta ve %70&#8217;i a\u015fmayan ba\u011f\u0131l nemde saklay\u0131n.<\/p>\n<p>Raf \u00f6mr\u00fc: 6 ay. \u00dcr\u00fcn sertifikal\u0131d\u0131r.<br \/>\nGDO i\u00e7ermez.<\/p>\n","protected":false},"excerpt":{"rendered":"<div class=\"elementor-element elementor-element-2cce439 elementor-widget__width-initial elementor-widget elementor-widget-woocommerce-product-short-description\" data-id=\"2cce439\" data-element_type=\"widget\" data-widget_type=\"woocommerce-product-short-description.default\">\n<div class=\"elementor-widget-container\">\n<div class=\"woocommerce-product-details__short-description\">\n<p>Belirtilen fiyat 1 kutu i\u00e7indir.<\/p>\n<p>\u00c7ubuk \u00e7ikolata kutusu 1400 g.<\/p>\n<p>Palet ba\u015f\u0131na 400 kutu.<\/p>\n<\/div>\n<\/div>\n<\/div>\n","protected":false},"featured_media":15246,"comment_status":"open","ping_status":"closed","template":"","meta":{"_acf_changed":false},"brand":[900],"product_cat":[906],"product_tag":[],"class_list":{"0":"post-15507","1":"product","2":"type-product","3":"status-publish","4":"has-post-thumbnail","6":"brand-balsheker-tr","7":"product_cat-krakerler","9":"first","10":"instock","11":"shipping-taxable","12":"purchasable","13":"product-type-simple"},"acf":[],"_links":{"self":[{"href":"https:\/\/turkmenexporter.com\/tr\/wp-json\/wp\/v2\/product\/15507","targetHints":{"allow":["GET"]}}],"collection":[{"href":"https:\/\/turkmenexporter.com\/tr\/wp-json\/wp\/v2\/product"}],"about":[{"href":"https:\/\/turkmenexporter.com\/tr\/wp-json\/wp\/v2\/types\/product"}],"replies":[{"embeddable":true,"href":"https:\/\/turkmenexporter.com\/tr\/wp-json\/wp\/v2\/comments?post=15507"}],"version-history":[{"count":0,"href":"https:\/\/turkmenexporter.com\/tr\/wp-json\/wp\/v2\/product\/15507\/revisions"}],"wp:featuredmedia":[{"embeddable":true,"href":"https:\/\/turkmenexporter.com\/tr\/wp-json\/wp\/v2\/media\/15246"}],"wp:attachment":[{"href":"https:\/\/turkmenexporter.com\/tr\/wp-json\/wp\/v2\/media?parent=15507"}],"wp:term":[{"taxonomy":"brand","embeddable":true,"href":"https:\/\/turkmenexporter.com\/tr\/wp-json\/wp\/v2\/brand?post=15507"},{"taxonomy":"product_cat","embeddable":true,"href":"https:\/\/turkmenexporter.com\/tr\/wp-json\/wp\/v2\/product_cat?post=15507"},{"taxonomy":"product_tag","embeddable":true,"href":"https:\/\/turkmenexporter.com\/tr\/wp-json\/wp\/v2\/product_tag?post=15507"}],"curies":[{"name":"wp","href":"https:\/\/api.w.org\/{rel}","templated":true}]}}