{"id":15516,"date":"2025-04-14T21:39:39","date_gmt":"2025-04-14T16:39:39","guid":{"rendered":"https:\/\/turkmenexporter.com\/product\/kirpi-krakerler\/"},"modified":"2025-04-14T21:39:39","modified_gmt":"2025-04-14T16:39:39","slug":"kirpi-krakerler","status":"publish","type":"product","link":"https:\/\/turkmenexporter.com\/tr\/urun\/kirpi-krakerler\/","title":{"rendered":"Kirpi Kraker"},"content":{"rendered":"<ul>\n<li>Kutu ba\u015f\u0131na 20 ct.<\/li>\n<li>Br\u00fct kutu a\u011f\u0131rl\u0131\u011f\u0131 2,3 kg.<\/li>\n<li>Raf \u00f6mr\u00fc: 6 ay.<\/li>\n<\/ul>\n<p>Serin ve kuru bir yerde, 18\u00b0C&#8217;yi a\u015fmayan bir s\u0131cakl\u0131kta ve %75&#8217;i a\u015fmayan ba\u011f\u0131l nemde saklay\u0131n.<\/p>\n","protected":false},"excerpt":{"rendered":"<p>Farkl\u0131 aromal\u0131 krakerler 25g.<\/p>\n<p>Kutu ba\u015f\u0131na 20 ct. Palet ba\u015f\u0131na 50 kutu. <\/p>\n","protected":false},"featured_media":15173,"comment_status":"open","ping_status":"closed","template":"","meta":{"_acf_changed":false},"brand":[900],"product_cat":[906],"product_tag":[852],"class_list":{"0":"post-15516","1":"product","2":"type-product","3":"status-publish","4":"has-post-thumbnail","6":"brand-balsheker-tr","7":"product_cat-krakerler","8":"product_tag-front-product-tr","10":"first","11":"instock","12":"shipping-taxable","13":"purchasable","14":"product-type-variable","15":"has-default-attributes"},"acf":[],"_links":{"self":[{"href":"https:\/\/turkmenexporter.com\/tr\/wp-json\/wp\/v2\/product\/15516","targetHints":{"allow":["GET"]}}],"collection":[{"href":"https:\/\/turkmenexporter.com\/tr\/wp-json\/wp\/v2\/product"}],"about":[{"href":"https:\/\/turkmenexporter.com\/tr\/wp-json\/wp\/v2\/types\/product"}],"replies":[{"embeddable":true,"href":"https:\/\/turkmenexporter.com\/tr\/wp-json\/wp\/v2\/comments?post=15516"}],"version-history":[{"count":0,"href":"https:\/\/turkmenexporter.com\/tr\/wp-json\/wp\/v2\/product\/15516\/revisions"}],"wp:featuredmedia":[{"embeddable":true,"href":"https:\/\/turkmenexporter.com\/tr\/wp-json\/wp\/v2\/media\/15173"}],"wp:attachment":[{"href":"https:\/\/turkmenexporter.com\/tr\/wp-json\/wp\/v2\/media?parent=15516"}],"wp:term":[{"taxonomy":"brand","embeddable":true,"href":"https:\/\/turkmenexporter.com\/tr\/wp-json\/wp\/v2\/brand?post=15516"},{"taxonomy":"product_cat","embeddable":true,"href":"https:\/\/turkmenexporter.com\/tr\/wp-json\/wp\/v2\/product_cat?post=15516"},{"taxonomy":"product_tag","embeddable":true,"href":"https:\/\/turkmenexporter.com\/tr\/wp-json\/wp\/v2\/product_tag?post=15516"}],"curies":[{"name":"wp","href":"https:\/\/api.w.org\/{rel}","templated":true}]}}