{"id":15520,"date":"2025-04-14T21:14:36","date_gmt":"2025-04-14T16:14:36","guid":{"rendered":"https:\/\/turkmenexporter.com\/product\/kirpi-misir-cubuklari\/"},"modified":"2025-04-14T21:14:36","modified_gmt":"2025-04-14T16:14:36","slug":"kirpi-misir-cubuklari","status":"publish","type":"product","link":"https:\/\/turkmenexporter.com\/tr\/urun\/kirpi-misir-cubuklari\/","title":{"rendered":"Kirpi M\u0131s\u0131r \u00c7ubuklar\u0131"},"content":{"rendered":"<ul>\n<li>Kutu ba\u015f\u0131na 60 ct.<\/li>\n<li>Br\u00fct kutu a\u011f\u0131rl\u0131\u011f\u0131 1,26 kg.<\/li>\n<li>Raf \u00f6mr\u00fc: 6 ay.<\/li>\n<\/ul>\n<p>Serin ve kuru bir yerde, 18\u00b0C&#8217;yi a\u015fmayan bir s\u0131cakl\u0131kta ve %75&#8217;i a\u015fmayan ba\u011f\u0131l nemde saklay\u0131n.<\/p>\n","protected":false},"excerpt":{"rendered":"<p>M\u0131s\u0131r \u00e7ubuklar\u0131 15g.<\/p>\n<p>60 ct. her kutuda.<\/p>\n","protected":false},"featured_media":15144,"comment_status":"open","ping_status":"closed","template":"","meta":{"_acf_changed":false},"brand":[900],"product_cat":[327],"product_tag":[],"class_list":{"0":"post-15520","1":"product","2":"type-product","3":"status-publish","4":"has-post-thumbnail","6":"brand-balsheker-tr","7":"product_cat-misir","9":"first","10":"instock","11":"shipping-taxable","12":"purchasable","13":"product-type-variable","14":"has-default-attributes"},"acf":[],"_links":{"self":[{"href":"https:\/\/turkmenexporter.com\/tr\/wp-json\/wp\/v2\/product\/15520","targetHints":{"allow":["GET"]}}],"collection":[{"href":"https:\/\/turkmenexporter.com\/tr\/wp-json\/wp\/v2\/product"}],"about":[{"href":"https:\/\/turkmenexporter.com\/tr\/wp-json\/wp\/v2\/types\/product"}],"replies":[{"embeddable":true,"href":"https:\/\/turkmenexporter.com\/tr\/wp-json\/wp\/v2\/comments?post=15520"}],"version-history":[{"count":0,"href":"https:\/\/turkmenexporter.com\/tr\/wp-json\/wp\/v2\/product\/15520\/revisions"}],"wp:featuredmedia":[{"embeddable":true,"href":"https:\/\/turkmenexporter.com\/tr\/wp-json\/wp\/v2\/media\/15144"}],"wp:attachment":[{"href":"https:\/\/turkmenexporter.com\/tr\/wp-json\/wp\/v2\/media?parent=15520"}],"wp:term":[{"taxonomy":"brand","embeddable":true,"href":"https:\/\/turkmenexporter.com\/tr\/wp-json\/wp\/v2\/brand?post=15520"},{"taxonomy":"product_cat","embeddable":true,"href":"https:\/\/turkmenexporter.com\/tr\/wp-json\/wp\/v2\/product_cat?post=15520"},{"taxonomy":"product_tag","embeddable":true,"href":"https:\/\/turkmenexporter.com\/tr\/wp-json\/wp\/v2\/product_tag?post=15520"}],"curies":[{"name":"wp","href":"https:\/\/api.w.org\/{rel}","templated":true}]}}