{"id":15523,"date":"2025-04-12T20:36:09","date_gmt":"2025-04-12T15:36:09","guid":{"rendered":"https:\/\/turkmenexporter.com\/product\/kenton-surubu\/"},"modified":"2025-04-12T20:36:09","modified_gmt":"2025-04-12T15:36:09","slug":"kenton-surubu","status":"publish","type":"product","link":"https:\/\/turkmenexporter.com\/tr\/urun\/kenton-surubu\/","title":{"rendered":"Kenton \u015eurubu"},"content":{"rendered":"<div dir=\"auto\">Kenton \u015eurubu &#8211; Tatl\u0131lar ve krepler i\u00e7in ideal, zengin, p\u00fcr\u00fczs\u00fcz bir \u015furup. M\u00fckemmel tatl\u0131l\u0131k ve parlakl\u0131k katar. Ev ve profesyonel kullan\u0131m i\u00e7in harika!  <\/div>\n<div dir=\"auto\">\n<ul>\n<li dir=\"auto\">\u00dcr\u00fcn sertifikal\u0131d\u0131r.<\/li>\n<li dir=\"auto\">GDO i\u00e7ermez.<\/li>\n<li dir=\"auto\">Raf \u00f6mr\u00fc: 6 ay.<\/li>\n<\/ul>\n<p>22\u00b0C&#8217;yi a\u015fmayan s\u0131cakl\u0131kta ve %75&#8217;i a\u015fmayan ba\u011f\u0131l nemde serin ve kuru bir yerde saklay\u0131n.<\/p>\n<\/div>\n","protected":false},"excerpt":{"rendered":"<p>Farkl\u0131 aromalarda \u015furup 500 ml.<\/p>\n<p>Kutu ba\u015f\u0131na 6 ct. Br\u00fct kutu a\u011f\u0131rl\u0131\u011f\u0131 6,5 kg. <\/p>\n","protected":false},"featured_media":15112,"comment_status":"open","ping_status":"closed","template":"","meta":{"_acf_changed":false},"brand":[1021],"product_cat":[985],"product_tag":[],"class_list":{"0":"post-15523","1":"product","2":"type-product","3":"status-publish","4":"has-post-thumbnail","6":"brand-kenton-tr","7":"product_cat-gida-katki-maddeleri","9":"first","10":"instock","11":"shipping-taxable","12":"purchasable","13":"product-type-variable","14":"has-default-attributes"},"acf":[],"_links":{"self":[{"href":"https:\/\/turkmenexporter.com\/tr\/wp-json\/wp\/v2\/product\/15523","targetHints":{"allow":["GET"]}}],"collection":[{"href":"https:\/\/turkmenexporter.com\/tr\/wp-json\/wp\/v2\/product"}],"about":[{"href":"https:\/\/turkmenexporter.com\/tr\/wp-json\/wp\/v2\/types\/product"}],"replies":[{"embeddable":true,"href":"https:\/\/turkmenexporter.com\/tr\/wp-json\/wp\/v2\/comments?post=15523"}],"version-history":[{"count":0,"href":"https:\/\/turkmenexporter.com\/tr\/wp-json\/wp\/v2\/product\/15523\/revisions"}],"wp:featuredmedia":[{"embeddable":true,"href":"https:\/\/turkmenexporter.com\/tr\/wp-json\/wp\/v2\/media\/15112"}],"wp:attachment":[{"href":"https:\/\/turkmenexporter.com\/tr\/wp-json\/wp\/v2\/media?parent=15523"}],"wp:term":[{"taxonomy":"brand","embeddable":true,"href":"https:\/\/turkmenexporter.com\/tr\/wp-json\/wp\/v2\/brand?post=15523"},{"taxonomy":"product_cat","embeddable":true,"href":"https:\/\/turkmenexporter.com\/tr\/wp-json\/wp\/v2\/product_cat?post=15523"},{"taxonomy":"product_tag","embeddable":true,"href":"https:\/\/turkmenexporter.com\/tr\/wp-json\/wp\/v2\/product_tag?post=15523"}],"curies":[{"name":"wp","href":"https:\/\/api.w.org\/{rel}","templated":true}]}}