{"id":15529,"date":"2025-04-12T19:52:15","date_gmt":"2025-04-12T14:52:15","guid":{"rendered":"https:\/\/turkmenexporter.com\/product\/kirpi-jelibon\/"},"modified":"2025-04-12T19:52:15","modified_gmt":"2025-04-12T14:52:15","slug":"kirpi-jelibon","status":"publish","type":"product","link":"https:\/\/turkmenexporter.com\/tr\/urun\/kirpi-jelibon\/","title":{"rendered":"Kirpi Jelibon"},"content":{"rendered":"<div dir=\"auto\">Kirpi Jellybon Jelly &#8211; Yumu\u015fak dokulu ve \u00e7e\u015fitli aromalara sahip renkli ve meyveli j\u00f6le \u015fekerler. Her ya\u015f taraf\u0131ndan sevilen tatl\u0131 bir ikram. Perakende ve toptan sat\u0131\u015f i\u00e7in harika!  <\/div>\n<ul>\n<li dir=\"auto\">\u00dcr\u00fcn sertifikal\u0131d\u0131r.<\/li>\n<li dir=\"auto\">GDO i\u00e7ermez.<\/li>\n<li dir=\"auto\">Raf \u00f6mr\u00fc: 24 ay.<\/li>\n<\/ul>\n<p>Serin ve kuru bir yerde, 18\u00b0C&#8217;yi a\u015fmayan bir s\u0131cakl\u0131kta ve %75&#8217;i a\u015fmayan ba\u011f\u0131l nemde saklay\u0131n.<\/p>\n","protected":false},"excerpt":{"rendered":"<p>Farkl\u0131 aromalarda meyve j\u00f6le 25 g.<\/p>\n<ul>\n<li>Kutu ba\u015f\u0131na 32 ct.<\/li>\n<li>Br\u00fct kutu a\u011f\u0131rl\u0131\u011f\u0131 900 g.<\/li>\n<\/ul>\n","protected":false},"featured_media":15054,"comment_status":"open","ping_status":"closed","template":"","meta":{"_acf_changed":false},"brand":[900],"product_cat":[968],"product_tag":[],"class_list":{"0":"post-15529","1":"product","2":"type-product","3":"status-publish","4":"has-post-thumbnail","6":"brand-balsheker-tr","7":"product_cat-marmelatlar","9":"first","10":"instock","11":"shipping-taxable","12":"purchasable","13":"product-type-variable","14":"has-default-attributes"},"acf":[],"_links":{"self":[{"href":"https:\/\/turkmenexporter.com\/tr\/wp-json\/wp\/v2\/product\/15529","targetHints":{"allow":["GET"]}}],"collection":[{"href":"https:\/\/turkmenexporter.com\/tr\/wp-json\/wp\/v2\/product"}],"about":[{"href":"https:\/\/turkmenexporter.com\/tr\/wp-json\/wp\/v2\/types\/product"}],"replies":[{"embeddable":true,"href":"https:\/\/turkmenexporter.com\/tr\/wp-json\/wp\/v2\/comments?post=15529"}],"version-history":[{"count":0,"href":"https:\/\/turkmenexporter.com\/tr\/wp-json\/wp\/v2\/product\/15529\/revisions"}],"wp:featuredmedia":[{"embeddable":true,"href":"https:\/\/turkmenexporter.com\/tr\/wp-json\/wp\/v2\/media\/15054"}],"wp:attachment":[{"href":"https:\/\/turkmenexporter.com\/tr\/wp-json\/wp\/v2\/media?parent=15529"}],"wp:term":[{"taxonomy":"brand","embeddable":true,"href":"https:\/\/turkmenexporter.com\/tr\/wp-json\/wp\/v2\/brand?post=15529"},{"taxonomy":"product_cat","embeddable":true,"href":"https:\/\/turkmenexporter.com\/tr\/wp-json\/wp\/v2\/product_cat?post=15529"},{"taxonomy":"product_tag","embeddable":true,"href":"https:\/\/turkmenexporter.com\/tr\/wp-json\/wp\/v2\/product_tag?post=15529"}],"curies":[{"name":"wp","href":"https:\/\/api.w.org\/{rel}","templated":true}]}}