{"id":15533,"date":"2025-04-11T21:20:47","date_gmt":"2025-04-11T16:20:47","guid":{"rendered":"https:\/\/turkmenexporter.com\/product\/ballbon-karamel-sekerleme\/"},"modified":"2025-04-11T21:20:47","modified_gmt":"2025-04-11T16:20:47","slug":"ballbon-karamel-sekerleme","status":"publish","type":"product","link":"https:\/\/turkmenexporter.com\/tr\/urun\/ballbon-karamel-sekerleme\/","title":{"rendered":"BALLBON Karamelli \u015eeker"},"content":{"rendered":"<ul>\n<li>Kutu ba\u015f\u0131na 6 ct.<\/li>\n<li>Br\u00fct kutu a\u011f\u0131rl\u0131\u011f\u0131 6,4 kg.<\/li>\n<li>Raf \u00f6mr\u00fc: 6 ay.<\/li>\n<\/ul>\n<p>Serin ve kuru bir yerde, 18\u00b0C&#8217;yi a\u015fmayan bir s\u0131cakl\u0131kta ve %75&#8217;i a\u015fmayan ba\u011f\u0131l nemde saklay\u0131n.<\/p>\n","protected":false},"excerpt":{"rendered":"<p>Farkl\u0131 aromalara sahip bir paket Karamel \u015eekeri.<\/p>\n<p>Kutu ba\u015f\u0131na 6 ct.<span class=\"Y2IQFc\" lang=\"en\"> Palet ba\u015f\u0131na <\/span>99 kutu . <\/p>\n","protected":false},"featured_media":15010,"comment_status":"open","ping_status":"closed","template":"","meta":{"_acf_changed":false},"brand":[900],"product_cat":[323],"product_tag":[],"class_list":{"0":"post-15533","1":"product","2":"type-product","3":"status-publish","4":"has-post-thumbnail","6":"brand-balsheker-tr","7":"product_cat-sekerler","9":"first","10":"instock","11":"shipping-taxable","12":"purchasable","13":"product-type-variable","14":"has-default-attributes"},"acf":[],"_links":{"self":[{"href":"https:\/\/turkmenexporter.com\/tr\/wp-json\/wp\/v2\/product\/15533","targetHints":{"allow":["GET"]}}],"collection":[{"href":"https:\/\/turkmenexporter.com\/tr\/wp-json\/wp\/v2\/product"}],"about":[{"href":"https:\/\/turkmenexporter.com\/tr\/wp-json\/wp\/v2\/types\/product"}],"replies":[{"embeddable":true,"href":"https:\/\/turkmenexporter.com\/tr\/wp-json\/wp\/v2\/comments?post=15533"}],"version-history":[{"count":0,"href":"https:\/\/turkmenexporter.com\/tr\/wp-json\/wp\/v2\/product\/15533\/revisions"}],"wp:featuredmedia":[{"embeddable":true,"href":"https:\/\/turkmenexporter.com\/tr\/wp-json\/wp\/v2\/media\/15010"}],"wp:attachment":[{"href":"https:\/\/turkmenexporter.com\/tr\/wp-json\/wp\/v2\/media?parent=15533"}],"wp:term":[{"taxonomy":"brand","embeddable":true,"href":"https:\/\/turkmenexporter.com\/tr\/wp-json\/wp\/v2\/brand?post=15533"},{"taxonomy":"product_cat","embeddable":true,"href":"https:\/\/turkmenexporter.com\/tr\/wp-json\/wp\/v2\/product_cat?post=15533"},{"taxonomy":"product_tag","embeddable":true,"href":"https:\/\/turkmenexporter.com\/tr\/wp-json\/wp\/v2\/product_tag?post=15533"}],"curies":[{"name":"wp","href":"https:\/\/api.w.org\/{rel}","templated":true}]}}