{"id":15538,"date":"2025-04-11T20:21:26","date_gmt":"2025-04-11T15:21:26","guid":{"rendered":"https:\/\/turkmenexporter.com\/product\/balsheker-kissel\/"},"modified":"2025-04-11T20:21:26","modified_gmt":"2025-04-11T15:21:26","slug":"balsheker-kissel","status":"publish","type":"product","link":"https:\/\/turkmenexporter.com\/tr\/urun\/balsheker-kissel\/","title":{"rendered":"Balsheker Kissel"},"content":{"rendered":"<ul>\n<li>Kutu ba\u015f\u0131na 48 ct.<\/li>\n<li>Br\u00fct kutu a\u011f\u0131rl\u0131\u011f\u0131 8,84 kg.<\/li>\n<li>Raf \u00f6mr\u00fc: 12 ay.<\/li>\n<\/ul>\n<p>Serin ve kuru bir yerde, 20\u00b0C&#8217;yi a\u015fmayan bir s\u0131cakl\u0131kta ve %75&#8217;i a\u015fmayan ba\u011f\u0131l nemde saklay\u0131n.<\/p>\n","protected":false},"excerpt":{"rendered":"<p>Farkl\u0131 aromalarda Kissel 160g<\/p>\n<p>Kutu ba\u015f\u0131na 48 ct. <span class=\"Y2IQFc\" lang=\"en\">Palet ba\u015f\u0131na <\/span>70 kutu . <\/p>\n","protected":false},"featured_media":14958,"comment_status":"open","ping_status":"closed","template":"","meta":{"_acf_changed":false},"brand":[900],"product_cat":[985],"product_tag":[],"class_list":{"0":"post-15538","1":"product","2":"type-product","3":"status-publish","4":"has-post-thumbnail","6":"brand-balsheker-tr","7":"product_cat-gida-katki-maddeleri","9":"first","10":"instock","11":"shipping-taxable","12":"purchasable","13":"product-type-variable","14":"has-default-attributes"},"acf":[],"_links":{"self":[{"href":"https:\/\/turkmenexporter.com\/tr\/wp-json\/wp\/v2\/product\/15538","targetHints":{"allow":["GET"]}}],"collection":[{"href":"https:\/\/turkmenexporter.com\/tr\/wp-json\/wp\/v2\/product"}],"about":[{"href":"https:\/\/turkmenexporter.com\/tr\/wp-json\/wp\/v2\/types\/product"}],"replies":[{"embeddable":true,"href":"https:\/\/turkmenexporter.com\/tr\/wp-json\/wp\/v2\/comments?post=15538"}],"version-history":[{"count":0,"href":"https:\/\/turkmenexporter.com\/tr\/wp-json\/wp\/v2\/product\/15538\/revisions"}],"wp:featuredmedia":[{"embeddable":true,"href":"https:\/\/turkmenexporter.com\/tr\/wp-json\/wp\/v2\/media\/14958"}],"wp:attachment":[{"href":"https:\/\/turkmenexporter.com\/tr\/wp-json\/wp\/v2\/media?parent=15538"}],"wp:term":[{"taxonomy":"brand","embeddable":true,"href":"https:\/\/turkmenexporter.com\/tr\/wp-json\/wp\/v2\/brand?post=15538"},{"taxonomy":"product_cat","embeddable":true,"href":"https:\/\/turkmenexporter.com\/tr\/wp-json\/wp\/v2\/product_cat?post=15538"},{"taxonomy":"product_tag","embeddable":true,"href":"https:\/\/turkmenexporter.com\/tr\/wp-json\/wp\/v2\/product_tag?post=15538"}],"curies":[{"name":"wp","href":"https:\/\/api.w.org\/{rel}","templated":true}]}}