{"id":15966,"date":"2025-05-02T16:04:25","date_gmt":"2025-05-02T11:04:25","guid":{"rendered":"https:\/\/turkmenexporter.com\/product\/nesil-kahve-espresso\/"},"modified":"2025-11-30T16:01:04","modified_gmt":"2025-11-30T11:01:04","slug":"nesil-kahve-espresso","status":"publish","type":"product","link":"https:\/\/turkmenexporter.com\/tr\/urun\/nesil-kahve-espresso\/","title":{"rendered":"Nesil Kahve Espresso"},"content":{"rendered":"<p>\u00dcr\u00fcn bile\u015fimi: 100 do\u011fal b\u00fct\u00fcn fasulye. En iyi Arabica ve Robusta \u00e7e\u015fitlerinin e\u015fsiz bir kar\u0131\u015f\u0131m\u0131. G\u00fc\u00e7l\u00fc kavrulmu\u015f, g\u00fc\u00e7l\u00fc kahve severler i\u00e7in m\u00fckemmel.<\/p>\n<p>Depolama ko\u015fullar\u0131: 0\u00b0C ila +20\u00b0C s\u0131cakl\u0131kta ve %75&#8217;ten fazla olmayan ba\u011f\u0131l nemde.<\/p>\n<p>Raf \u00f6mr\u00fc: 24 ay<\/p>\n<p>\u00dcr\u00fcn sertifikal\u0131d\u0131r. GDO i\u00e7ermez.<\/p>\n","protected":false},"excerpt":{"rendered":"<p>&#8220;Espresso&#8221; kavrulmu\u015f kahve \u00e7ekirdekleri 1 kg.<\/p>\n<p>Kutu ba\u015f\u0131na 8 paket.<\/p>\n<p>Palet ba\u015f\u0131na 64 kutu.<\/p>\n<p>Kutu a\u011f\u0131rl\u0131\u011f\u0131: 8 kg.<\/p>\n","protected":false},"featured_media":15772,"comment_status":"open","ping_status":"closed","template":"","meta":{"_acf_changed":false},"brand":[1259],"product_cat":[733],"product_tag":[],"class_list":{"0":"post-15966","1":"product","2":"type-product","3":"status-publish","4":"has-post-thumbnail","6":"brand-nesil-coffee-tr","7":"product_cat-kahve","9":"first","10":"instock","11":"shipping-taxable","12":"purchasable","13":"product-type-simple"},"acf":[],"_links":{"self":[{"href":"https:\/\/turkmenexporter.com\/tr\/wp-json\/wp\/v2\/product\/15966","targetHints":{"allow":["GET"]}}],"collection":[{"href":"https:\/\/turkmenexporter.com\/tr\/wp-json\/wp\/v2\/product"}],"about":[{"href":"https:\/\/turkmenexporter.com\/tr\/wp-json\/wp\/v2\/types\/product"}],"replies":[{"embeddable":true,"href":"https:\/\/turkmenexporter.com\/tr\/wp-json\/wp\/v2\/comments?post=15966"}],"version-history":[{"count":1,"href":"https:\/\/turkmenexporter.com\/tr\/wp-json\/wp\/v2\/product\/15966\/revisions"}],"predecessor-version":[{"id":19970,"href":"https:\/\/turkmenexporter.com\/tr\/wp-json\/wp\/v2\/product\/15966\/revisions\/19970"}],"wp:featuredmedia":[{"embeddable":true,"href":"https:\/\/turkmenexporter.com\/tr\/wp-json\/wp\/v2\/media\/15772"}],"wp:attachment":[{"href":"https:\/\/turkmenexporter.com\/tr\/wp-json\/wp\/v2\/media?parent=15966"}],"wp:term":[{"taxonomy":"brand","embeddable":true,"href":"https:\/\/turkmenexporter.com\/tr\/wp-json\/wp\/v2\/brand?post=15966"},{"taxonomy":"product_cat","embeddable":true,"href":"https:\/\/turkmenexporter.com\/tr\/wp-json\/wp\/v2\/product_cat?post=15966"},{"taxonomy":"product_tag","embeddable":true,"href":"https:\/\/turkmenexporter.com\/tr\/wp-json\/wp\/v2\/product_tag?post=15966"}],"curies":[{"name":"wp","href":"https:\/\/api.w.org\/{rel}","templated":true}]}}