{"id":15969,"date":"2025-05-02T16:04:21","date_gmt":"2025-05-02T11:04:21","guid":{"rendered":"https:\/\/turkmenexporter.com\/product\/nesil-kahve-3u-1-arada-cappuccino\/"},"modified":"2025-06-12T17:20:02","modified_gmt":"2025-06-12T12:20:02","slug":"nesil-kahve-3u-1-arada-cappuccino","status":"publish","type":"product","link":"https:\/\/turkmenexporter.com\/tr\/urun\/nesil-kahve-3u-1-arada-cappuccino\/","title":{"rendered":"Nesil Kahve &#8216;3&#8217;\u00fc 1 Arada&#8217; Cappuccino"},"content":{"rendered":"<p>\u00dcr\u00fcn bile\u015fimi: Haz\u0131r kahve tozu, pudra \u015fekeri, pudra bitkisel ya\u011f, maltodekstrin, k\u00f6p\u00fcrt\u00fcc\u00fc ajan &#8220;Moka&#8221;, &#8220;silikon dioksit&#8221;, toz aroma verici ajan &#8220;yo\u011funla\u015ft\u0131r\u0131lm\u0131\u015f s\u00fct&#8221;<\/p>\n<p>Depolama ko\u015fullar\u0131: 0\u00b0C ila +20\u00b0C s\u0131cakl\u0131kta ve %75&#8217;ten fazla olmayan ba\u011f\u0131l nemde.<\/p>\n<p>Raf \u00f6mr\u00fc: 24 ay<\/p>\n<p>\u00dcr\u00fcn sertifikal\u0131d\u0131r. GDO i\u00e7ermez.<\/p>\n","protected":false},"excerpt":{"rendered":"<p>Haz\u0131r kahve &#8220;3&#8217;\u00fc 1 arada&#8221; cappuccino 20 g.<\/p>\n<p>Paket ba\u015f\u0131na 20 adet.<\/p>\n<p>Kutu ba\u015f\u0131na 6 paket.<\/p>\n<p>Palet ba\u015f\u0131na 80 kutu.<\/p>\n<p>Paket a\u011f\u0131rl\u0131\u011f\u0131: 0,4 kg<\/p>\n<p>Kutu a\u011f\u0131rl\u0131\u011f\u0131: 2,4 kg<\/p>\n","protected":false},"featured_media":15748,"comment_status":"open","ping_status":"closed","template":"","meta":{"_acf_changed":false},"brand":[1259],"product_cat":[733],"product_tag":[852],"class_list":{"0":"post-15969","1":"product","2":"type-product","3":"status-publish","4":"has-post-thumbnail","6":"brand-nesil-coffee-tr","7":"product_cat-kahve","8":"product_tag-front-product-tr","10":"first","11":"instock","12":"shipping-taxable","13":"purchasable","14":"product-type-simple"},"acf":[],"_links":{"self":[{"href":"https:\/\/turkmenexporter.com\/tr\/wp-json\/wp\/v2\/product\/15969","targetHints":{"allow":["GET"]}}],"collection":[{"href":"https:\/\/turkmenexporter.com\/tr\/wp-json\/wp\/v2\/product"}],"about":[{"href":"https:\/\/turkmenexporter.com\/tr\/wp-json\/wp\/v2\/types\/product"}],"replies":[{"embeddable":true,"href":"https:\/\/turkmenexporter.com\/tr\/wp-json\/wp\/v2\/comments?post=15969"}],"version-history":[{"count":1,"href":"https:\/\/turkmenexporter.com\/tr\/wp-json\/wp\/v2\/product\/15969\/revisions"}],"predecessor-version":[{"id":16573,"href":"https:\/\/turkmenexporter.com\/tr\/wp-json\/wp\/v2\/product\/15969\/revisions\/16573"}],"wp:featuredmedia":[{"embeddable":true,"href":"https:\/\/turkmenexporter.com\/tr\/wp-json\/wp\/v2\/media\/15748"}],"wp:attachment":[{"href":"https:\/\/turkmenexporter.com\/tr\/wp-json\/wp\/v2\/media?parent=15969"}],"wp:term":[{"taxonomy":"brand","embeddable":true,"href":"https:\/\/turkmenexporter.com\/tr\/wp-json\/wp\/v2\/brand?post=15969"},{"taxonomy":"product_cat","embeddable":true,"href":"https:\/\/turkmenexporter.com\/tr\/wp-json\/wp\/v2\/product_cat?post=15969"},{"taxonomy":"product_tag","embeddable":true,"href":"https:\/\/turkmenexporter.com\/tr\/wp-json\/wp\/v2\/product_tag?post=15969"}],"curies":[{"name":"wp","href":"https:\/\/api.w.org\/{rel}","templated":true}]}}