{"id":16159,"date":"2025-04-24T18:09:23","date_gmt":"2025-04-24T13:09:23","guid":{"rendered":"https:\/\/turkmenexporter.com\/product\/kar-taneli%cc%87-kadin-corabi\/"},"modified":"2025-04-24T18:09:23","modified_gmt":"2025-04-24T13:09:23","slug":"kar-taneli%cc%87-kadin-corabi","status":"publish","type":"product","link":"https:\/\/turkmenexporter.com\/tr\/urun\/kar-taneli%cc%87-kadin-corabi\/","title":{"rendered":"Kar taneli kad\u0131n \u00e7oraplar\u0131"},"content":{"rendered":"<p>80 pamuk<\/p>\n<p>%16 poliamid<\/p>\n<p>%4 elastan<\/p>\n<p>Bedenler: 36-40<\/p>\n","protected":false},"excerpt":{"rendered":"<p>Y\u00fcksek kaliteli pamuklu \u00e7oraplar.<\/p>\n<p>Tasar\u0131m, boyut ve i\u00e7erikteki her t\u00fcrl\u00fc de\u011fi\u015fiklik m\u00fczakere edilebilir <\/p>\n","protected":false},"featured_media":13104,"comment_status":"open","ping_status":"closed","template":"","meta":{"_acf_changed":false},"brand":[1051],"product_cat":[1046],"product_tag":[],"class_list":{"0":"post-16159","1":"product","2":"type-product","3":"status-publish","4":"has-post-thumbnail","6":"brand-batly-gadam-tr","7":"product_cat-coraplar","9":"first","10":"instock","11":"shipping-taxable","12":"purchasable","13":"product-type-variable","14":"has-default-attributes"},"acf":[],"_links":{"self":[{"href":"https:\/\/turkmenexporter.com\/tr\/wp-json\/wp\/v2\/product\/16159","targetHints":{"allow":["GET"]}}],"collection":[{"href":"https:\/\/turkmenexporter.com\/tr\/wp-json\/wp\/v2\/product"}],"about":[{"href":"https:\/\/turkmenexporter.com\/tr\/wp-json\/wp\/v2\/types\/product"}],"replies":[{"embeddable":true,"href":"https:\/\/turkmenexporter.com\/tr\/wp-json\/wp\/v2\/comments?post=16159"}],"version-history":[{"count":0,"href":"https:\/\/turkmenexporter.com\/tr\/wp-json\/wp\/v2\/product\/16159\/revisions"}],"wp:featuredmedia":[{"embeddable":true,"href":"https:\/\/turkmenexporter.com\/tr\/wp-json\/wp\/v2\/media\/13104"}],"wp:attachment":[{"href":"https:\/\/turkmenexporter.com\/tr\/wp-json\/wp\/v2\/media?parent=16159"}],"wp:term":[{"taxonomy":"brand","embeddable":true,"href":"https:\/\/turkmenexporter.com\/tr\/wp-json\/wp\/v2\/brand?post=16159"},{"taxonomy":"product_cat","embeddable":true,"href":"https:\/\/turkmenexporter.com\/tr\/wp-json\/wp\/v2\/product_cat?post=16159"},{"taxonomy":"product_tag","embeddable":true,"href":"https:\/\/turkmenexporter.com\/tr\/wp-json\/wp\/v2\/product_tag?post=16159"}],"curies":[{"name":"wp","href":"https:\/\/api.w.org\/{rel}","templated":true}]}}