{"id":16180,"date":"2025-04-24T18:09:32","date_gmt":"2025-04-24T13:09:32","guid":{"rendered":"https:\/\/turkmenexporter.com\/product\/kadinlar-yeni-yil-parlak-coraplariyla-tarzinda-kutlama\/"},"modified":"2025-04-24T18:09:32","modified_gmt":"2025-04-24T13:09:32","slug":"kadinlar-yeni-yil-parlak-coraplariyla-tarzinda-kutlama","status":"publish","type":"product","link":"https:\/\/turkmenexporter.com\/tr\/urun\/kadinlar-yeni-yil-parlak-coraplariyla-tarzinda-kutlama\/","title":{"rendered":"Kad\u0131n Yeni Y\u0131l Simli \u00c7oraplar\u0131 &#8211; Stilinizi Kutlay\u0131n"},"content":{"rendered":"<p>80 pamuk<\/p>\n<p>%16 poliamid<\/p>\n<p>%4 elastan<\/p>\n<p>Bedenler: 36-40<\/p>\n","protected":false},"excerpt":{"rendered":"<p>Y\u00fcksek kaliteli pamuklu \u00e7oraplar.<\/p>\n<p>Tasar\u0131m, boyut ve i\u00e7erikteki her t\u00fcrl\u00fc de\u011fi\u015fiklik m\u00fczakere edilebilir <\/p>\n","protected":false},"featured_media":13020,"comment_status":"open","ping_status":"closed","template":"","meta":{"_acf_changed":false},"brand":[1051],"product_cat":[1046],"product_tag":[],"class_list":{"0":"post-16180","1":"product","2":"type-product","3":"status-publish","4":"has-post-thumbnail","6":"brand-batly-gadam-tr","7":"product_cat-coraplar","9":"first","10":"instock","11":"shipping-taxable","12":"purchasable","13":"product-type-simple"},"acf":[],"_links":{"self":[{"href":"https:\/\/turkmenexporter.com\/tr\/wp-json\/wp\/v2\/product\/16180","targetHints":{"allow":["GET"]}}],"collection":[{"href":"https:\/\/turkmenexporter.com\/tr\/wp-json\/wp\/v2\/product"}],"about":[{"href":"https:\/\/turkmenexporter.com\/tr\/wp-json\/wp\/v2\/types\/product"}],"replies":[{"embeddable":true,"href":"https:\/\/turkmenexporter.com\/tr\/wp-json\/wp\/v2\/comments?post=16180"}],"version-history":[{"count":0,"href":"https:\/\/turkmenexporter.com\/tr\/wp-json\/wp\/v2\/product\/16180\/revisions"}],"wp:featuredmedia":[{"embeddable":true,"href":"https:\/\/turkmenexporter.com\/tr\/wp-json\/wp\/v2\/media\/13020"}],"wp:attachment":[{"href":"https:\/\/turkmenexporter.com\/tr\/wp-json\/wp\/v2\/media?parent=16180"}],"wp:term":[{"taxonomy":"brand","embeddable":true,"href":"https:\/\/turkmenexporter.com\/tr\/wp-json\/wp\/v2\/brand?post=16180"},{"taxonomy":"product_cat","embeddable":true,"href":"https:\/\/turkmenexporter.com\/tr\/wp-json\/wp\/v2\/product_cat?post=16180"},{"taxonomy":"product_tag","embeddable":true,"href":"https:\/\/turkmenexporter.com\/tr\/wp-json\/wp\/v2\/product_tag?post=16180"}],"curies":[{"name":"wp","href":"https:\/\/api.w.org\/{rel}","templated":true}]}}