{"id":16481,"date":"2025-05-29T17:03:15","date_gmt":"2025-05-29T12:03:15","guid":{"rendered":"https:\/\/turkmenexporter.com\/product\/motor-yagi-imperol-plus-shpd-20w-50\/"},"modified":"2025-06-12T17:17:44","modified_gmt":"2025-06-12T12:17:44","slug":"motor-yagi-imperol-plus-shpd-20w-50","status":"publish","type":"product","link":"https:\/\/turkmenexporter.com\/tr\/urun\/motor-yagi-imperol-plus-shpd-20w-50\/","title":{"rendered":"MOTOR YA\u011eI IMPEROL PLUS SHPD 20W-50"},"content":{"rendered":"<p><span data-sheets-root=\"1\">Ekstra Y\u00fcksek performansl\u0131 a\u011f\u0131r hizmet tipi \u00e7ok dereceli uzun \u00f6m\u00fcrl\u00fc dizel\/benzinli motor ya\u011f\u0131.<\/span><\/p>\n<p><span data-sheets-root=\"1\">Kamyon, kamyonet, otob\u00fcs, i\u015f makineleri, tar\u0131m, gemi veya dizel jenerat\u00f6rlerin a\u011f\u0131r hizmet tipi turbo\u015farjl\u0131 \/ turbo\u015farjs\u0131z dizel motorlar\u0131 ve ayr\u0131ca dizel \/ benzinli binek otomobiller ve hafif hizmet ara\u00e7lar\u0131 i\u00e7in kullan\u0131lmas\u0131 \u00f6nerilir. Ya\u011f kayb\u0131n\u0131 azaltmak i\u00e7in Euro 4\/5 tipi eski ve y\u00fcksek kilometreli dizel\/benzinli motorlar i\u00e7in \u00f6zel olarak \u00f6nerilir.  <\/span><\/p>\n<p><span data-sheets-root=\"1\">Optimum motor performans\u0131 i\u00e7in \u00f6nerilen ortam s\u0131cakl\u0131\u011f\u0131 aral\u0131\u011f\u0131: -15 \u00b0C\/+45 \u00b0C. <\/span><\/p>\n<p><span data-sheets-root=\"1\">Raf \u00f6mr\u00fc, ambalaj\u0131 s\u0131k\u0131ca kapal\u0131 ve g\u00fcne\u015f \u0131\u015f\u0131\u011f\u0131ndan korunarak iyi havaland\u0131r\u0131lm\u0131\u015f bir alanda sakland\u0131\u011f\u0131 takdirde 5 y\u0131la kadard\u0131r.<\/span><\/p>\n","protected":false},"excerpt":{"rendered":"<p>A\u011f\u0131r hizmet dizeli<br \/>\nBenzinli motor ya\u011f\u0131<\/p>\n","protected":false},"featured_media":16352,"comment_status":"open","ping_status":"closed","template":"","meta":{"_acf_changed":false},"brand":[1285],"product_cat":[1287],"product_tag":[],"class_list":{"0":"post-16481","1":"product","2":"type-product","3":"status-publish","4":"has-post-thumbnail","6":"brand-imperol-tr","7":"product_cat-otomotiv-urunleri","9":"first","10":"instock","11":"shipping-taxable","12":"purchasable","13":"product-type-variable","14":"has-default-attributes"},"acf":[],"_links":{"self":[{"href":"https:\/\/turkmenexporter.com\/tr\/wp-json\/wp\/v2\/product\/16481","targetHints":{"allow":["GET"]}}],"collection":[{"href":"https:\/\/turkmenexporter.com\/tr\/wp-json\/wp\/v2\/product"}],"about":[{"href":"https:\/\/turkmenexporter.com\/tr\/wp-json\/wp\/v2\/types\/product"}],"replies":[{"embeddable":true,"href":"https:\/\/turkmenexporter.com\/tr\/wp-json\/wp\/v2\/comments?post=16481"}],"version-history":[{"count":1,"href":"https:\/\/turkmenexporter.com\/tr\/wp-json\/wp\/v2\/product\/16481\/revisions"}],"predecessor-version":[{"id":16571,"href":"https:\/\/turkmenexporter.com\/tr\/wp-json\/wp\/v2\/product\/16481\/revisions\/16571"}],"wp:featuredmedia":[{"embeddable":true,"href":"https:\/\/turkmenexporter.com\/tr\/wp-json\/wp\/v2\/media\/16352"}],"wp:attachment":[{"href":"https:\/\/turkmenexporter.com\/tr\/wp-json\/wp\/v2\/media?parent=16481"}],"wp:term":[{"taxonomy":"brand","embeddable":true,"href":"https:\/\/turkmenexporter.com\/tr\/wp-json\/wp\/v2\/brand?post=16481"},{"taxonomy":"product_cat","embeddable":true,"href":"https:\/\/turkmenexporter.com\/tr\/wp-json\/wp\/v2\/product_cat?post=16481"},{"taxonomy":"product_tag","embeddable":true,"href":"https:\/\/turkmenexporter.com\/tr\/wp-json\/wp\/v2\/product_tag?post=16481"}],"curies":[{"name":"wp","href":"https:\/\/api.w.org\/{rel}","templated":true}]}}