{"id":16487,"date":"2025-05-29T16:36:27","date_gmt":"2025-05-29T11:36:27","guid":{"rendered":"https:\/\/turkmenexporter.com\/product\/motor-yagi-imperol-plus-hd\/"},"modified":"2025-05-29T16:36:27","modified_gmt":"2025-05-29T11:36:27","slug":"motor-yagi-imperol-plus-hd","status":"publish","type":"product","link":"https:\/\/turkmenexporter.com\/tr\/urun\/motor-yagi-imperol-plus-hd\/","title":{"rendered":"MOTOR YA\u011eI IMPEROL PLUS HD"},"content":{"rendered":"<p><span style=\"font-size: 12pt;font-family: Arial\" data-sheets-root=\"1\">Y\u00fcksek performansl\u0131 a\u011f\u0131r hizmet tipi \u00e7ok dereceli dizel\/benzinli motor ya\u011f\u0131. A\u011f\u0131r hizmet tipi turbo\u015farjl\u0131\/turbo\u015farjs\u0131z EURO 2 veya daha eski ve y\u00fcksek kilometreli dizel\/benzinli kamyon, kamyonet, binek ara\u00e7, otob\u00fcs, i\u015f makinesi, tar\u0131m, gemi veya jenerat\u00f6r motorlar\u0131nda kullan\u0131lmas\u0131 \u00f6nerilir. <\/span><\/p>\n<p><span style=\"font-size: 12pt;font-family: Arial\" data-sheets-root=\"1\">Optimum motor performans\u0131 i\u00e7in \u00f6nerilen ortam s\u0131cakl\u0131\u011f\u0131 aral\u0131\u011f\u0131: -15\u00b0C\/+45\u00b0C <\/span><\/p>\n<p><span style=\"font-size: 12pt;font-family: Arial\" data-sheets-root=\"1\">Raf \u00f6mr\u00fc, ambalaj\u0131 s\u0131k\u0131ca kapal\u0131 ve g\u00fcne\u015f \u0131\u015f\u0131\u011f\u0131ndan korunarak iyi havaland\u0131r\u0131lm\u0131\u015f bir alanda sakland\u0131\u011f\u0131 takdirde 5 y\u0131la kadard\u0131r.<\/span><\/p>\n","protected":false},"excerpt":{"rendered":"<p><span data-sheets-root=\"1\">A\u011f\u0131r hizmet dizel<br \/>\nBenzinli motor ya\u011f\u0131 5 L<br \/>\n4 ct. paket ba\u015f\u0131na<\/span><\/p>\n","protected":false},"featured_media":16280,"comment_status":"open","ping_status":"closed","template":"","meta":{"_acf_changed":false},"brand":[1285],"product_cat":[1287],"product_tag":[],"class_list":{"0":"post-16487","1":"product","2":"type-product","3":"status-publish","4":"has-post-thumbnail","6":"brand-imperol-tr","7":"product_cat-otomotiv-urunleri","9":"first","10":"instock","11":"shipping-taxable","12":"purchasable","13":"product-type-variable","14":"has-default-attributes"},"acf":[],"_links":{"self":[{"href":"https:\/\/turkmenexporter.com\/tr\/wp-json\/wp\/v2\/product\/16487","targetHints":{"allow":["GET"]}}],"collection":[{"href":"https:\/\/turkmenexporter.com\/tr\/wp-json\/wp\/v2\/product"}],"about":[{"href":"https:\/\/turkmenexporter.com\/tr\/wp-json\/wp\/v2\/types\/product"}],"replies":[{"embeddable":true,"href":"https:\/\/turkmenexporter.com\/tr\/wp-json\/wp\/v2\/comments?post=16487"}],"version-history":[{"count":0,"href":"https:\/\/turkmenexporter.com\/tr\/wp-json\/wp\/v2\/product\/16487\/revisions"}],"wp:featuredmedia":[{"embeddable":true,"href":"https:\/\/turkmenexporter.com\/tr\/wp-json\/wp\/v2\/media\/16280"}],"wp:attachment":[{"href":"https:\/\/turkmenexporter.com\/tr\/wp-json\/wp\/v2\/media?parent=16487"}],"wp:term":[{"taxonomy":"brand","embeddable":true,"href":"https:\/\/turkmenexporter.com\/tr\/wp-json\/wp\/v2\/brand?post=16487"},{"taxonomy":"product_cat","embeddable":true,"href":"https:\/\/turkmenexporter.com\/tr\/wp-json\/wp\/v2\/product_cat?post=16487"},{"taxonomy":"product_tag","embeddable":true,"href":"https:\/\/turkmenexporter.com\/tr\/wp-json\/wp\/v2\/product_tag?post=16487"}],"curies":[{"name":"wp","href":"https:\/\/api.w.org\/{rel}","templated":true}]}}