{"id":16493,"date":"2025-05-29T16:21:25","date_gmt":"2025-05-29T11:21:25","guid":{"rendered":"https:\/\/turkmenexporter.com\/product\/motor-yagi-imperol-plus-pro-sp-10w-40\/"},"modified":"2025-06-12T17:19:32","modified_gmt":"2025-06-12T12:19:32","slug":"yaglayici-motor-yagi-imperol-plus-pro-sp-10w-40","status":"publish","type":"product","link":"https:\/\/turkmenexporter.com\/tr\/urun\/yaglayici-motor-yagi-imperol-plus-pro-sp-10w-40\/","title":{"rendered":"YA\u011eLAYICI MOTOR YA\u011eI IMPEROL PLUS PRO SP 10W-40"},"content":{"rendered":"<p>SYNERGY (MOLY\/ESTER) son teknoloji ve d\u00fc\u015f\u00fck yak\u0131t t\u00fcketimli \u00e7ok dereceli yar\u0131 sentetik benzin\/dizel motor ya\u011f\u0131 taraf\u0131ndan \u00fcretilen m\u00fckemmel y\u00fcksek performans<\/p>\n<p>Do\u011frudan enjeksiyonlu (GDI) ve\/veya katalitik konvert\u00f6rl\u00fc binek ve hafif ticari ara\u00e7lar i\u00e7in \u00f6nerilir. Ya\u011f kayb\u0131n\u0131 azaltmak, yak\u0131t t\u00fcketimini azaltmak i\u00e7in daha d\u00fc\u015f\u00fck s\u00fcrt\u00fcnme \u00f6zelliklerine sahip olmak ve motorlar\u0131n a\u015f\u0131r\u0131 \u0131s\u0131nmas\u0131n\u0131 \u00f6nlemek i\u00e7in 200000 km&#8217;den fazla olan ve +35 \u00b0 C iklim ko\u015fullar\u0131n\u0131 a\u015fan motorlar ve b\u00fcy\u00fck deplasmanl\u0131 tip motorlar (V6 \/ V8 vb.) \u0130\u00e7in \u00f6zel olarak form\u00fcle edilmi\u015ftir. <\/p>\n<p>Optimum motor performans\u0131 i\u00e7in \u00f6nerilen ortam s\u0131cakl\u0131\u011f\u0131 aral\u0131\u011f\u0131: -20 \u00b0C\/+45 \u00b0C.<\/p>\n<p>Raf \u00f6mr\u00fc, ambalaj\u0131 s\u0131k\u0131ca kapal\u0131 ve g\u00fcne\u015f \u0131\u015f\u0131\u011f\u0131ndan korunarak iyi havaland\u0131r\u0131lm\u0131\u015f bir alanda sakland\u0131\u011f\u0131 takdirde 5 y\u0131la kadard\u0131r.<\/p>\n","protected":false},"excerpt":{"rendered":"<p>Yar\u0131 sentetik motor ya\u011f\u0131 5 L<\/p>\n<p>4 ct. paket ba\u015f\u0131na<\/p>\n","protected":false},"featured_media":16292,"comment_status":"open","ping_status":"closed","template":"","meta":{"_acf_changed":false},"brand":[1285],"product_cat":[1287],"product_tag":[],"class_list":{"0":"post-16493","1":"product","2":"type-product","3":"status-publish","4":"has-post-thumbnail","6":"brand-imperol-tr","7":"product_cat-otomotiv-urunleri","9":"first","10":"instock","11":"shipping-taxable","12":"purchasable","13":"product-type-simple"},"acf":[],"_links":{"self":[{"href":"https:\/\/turkmenexporter.com\/tr\/wp-json\/wp\/v2\/product\/16493","targetHints":{"allow":["GET"]}}],"collection":[{"href":"https:\/\/turkmenexporter.com\/tr\/wp-json\/wp\/v2\/product"}],"about":[{"href":"https:\/\/turkmenexporter.com\/tr\/wp-json\/wp\/v2\/types\/product"}],"replies":[{"embeddable":true,"href":"https:\/\/turkmenexporter.com\/tr\/wp-json\/wp\/v2\/comments?post=16493"}],"version-history":[{"count":1,"href":"https:\/\/turkmenexporter.com\/tr\/wp-json\/wp\/v2\/product\/16493\/revisions"}],"predecessor-version":[{"id":16572,"href":"https:\/\/turkmenexporter.com\/tr\/wp-json\/wp\/v2\/product\/16493\/revisions\/16572"}],"wp:featuredmedia":[{"embeddable":true,"href":"https:\/\/turkmenexporter.com\/tr\/wp-json\/wp\/v2\/media\/16292"}],"wp:attachment":[{"href":"https:\/\/turkmenexporter.com\/tr\/wp-json\/wp\/v2\/media?parent=16493"}],"wp:term":[{"taxonomy":"brand","embeddable":true,"href":"https:\/\/turkmenexporter.com\/tr\/wp-json\/wp\/v2\/brand?post=16493"},{"taxonomy":"product_cat","embeddable":true,"href":"https:\/\/turkmenexporter.com\/tr\/wp-json\/wp\/v2\/product_cat?post=16493"},{"taxonomy":"product_tag","embeddable":true,"href":"https:\/\/turkmenexporter.com\/tr\/wp-json\/wp\/v2\/product_tag?post=16493"}],"curies":[{"name":"wp","href":"https:\/\/api.w.org\/{rel}","templated":true}]}}