{"id":17325,"date":"2025-07-14T16:58:00","date_gmt":"2025-07-14T11:58:00","guid":{"rendered":"https:\/\/turkmenexporter.com\/product\/mango-ayakli-kuvet\/"},"modified":"2025-07-16T13:39:07","modified_gmt":"2025-07-16T08:39:07","slug":"mango-ayakli-kuvet","status":"publish","type":"product","link":"https:\/\/turkmenexporter.com\/tr\/urun\/mango-ayakli-kuvet\/","title":{"rendered":"K\u00fcvet Mango"},"content":{"rendered":"<p>Zarif ve dayan\u0131kl\u0131 Pietra Bianca &#8220;Mango&#8221; ayakl\u0131 k\u00fcvet, y\u00fcksek kaliteli Durastone malzemeden \u00fcretilmi\u015ftir. Yumu\u015fak k\u0131vr\u0131mlar\u0131 ve modern tasar\u0131m\u0131 ile l\u00fcks banyolar i\u00e7in m\u00fckemmel bir merkezdir. Boyut: 1800x800x700 mm. A\u011f\u0131rl\u0131k: 180 kg.   <\/p>\n","protected":false},"excerpt":{"rendered":"<p>Pietra Bianca K\u00fcvet<\/p>\n<p>Malzeme: Durastone<\/p>\n<p>A\u011f\u0131rl\u0131k: 180 kg<\/p>\n<p>Boyut: 1800x800x700<\/p>\n","protected":false},"featured_media":17017,"comment_status":"open","ping_status":"closed","template":"","meta":{"_acf_changed":false},"brand":[1303],"product_cat":[1305],"product_tag":[],"class_list":{"0":"post-17325","1":"product","2":"type-product","3":"status-publish","4":"has-post-thumbnail","6":"brand-pietra-bianca-tr","7":"product_cat-banyo-aksesuarlari","9":"first","10":"instock","11":"shipping-taxable","12":"purchasable","13":"product-type-simple"},"acf":[],"_links":{"self":[{"href":"https:\/\/turkmenexporter.com\/tr\/wp-json\/wp\/v2\/product\/17325","targetHints":{"allow":["GET"]}}],"collection":[{"href":"https:\/\/turkmenexporter.com\/tr\/wp-json\/wp\/v2\/product"}],"about":[{"href":"https:\/\/turkmenexporter.com\/tr\/wp-json\/wp\/v2\/types\/product"}],"replies":[{"embeddable":true,"href":"https:\/\/turkmenexporter.com\/tr\/wp-json\/wp\/v2\/comments?post=17325"}],"version-history":[{"count":1,"href":"https:\/\/turkmenexporter.com\/tr\/wp-json\/wp\/v2\/product\/17325\/revisions"}],"predecessor-version":[{"id":17828,"href":"https:\/\/turkmenexporter.com\/tr\/wp-json\/wp\/v2\/product\/17325\/revisions\/17828"}],"wp:featuredmedia":[{"embeddable":true,"href":"https:\/\/turkmenexporter.com\/tr\/wp-json\/wp\/v2\/media\/17017"}],"wp:attachment":[{"href":"https:\/\/turkmenexporter.com\/tr\/wp-json\/wp\/v2\/media?parent=17325"}],"wp:term":[{"taxonomy":"brand","embeddable":true,"href":"https:\/\/turkmenexporter.com\/tr\/wp-json\/wp\/v2\/brand?post=17325"},{"taxonomy":"product_cat","embeddable":true,"href":"https:\/\/turkmenexporter.com\/tr\/wp-json\/wp\/v2\/product_cat?post=17325"},{"taxonomy":"product_tag","embeddable":true,"href":"https:\/\/turkmenexporter.com\/tr\/wp-json\/wp\/v2\/product_tag?post=17325"}],"curies":[{"name":"wp","href":"https:\/\/api.w.org\/{rel}","templated":true}]}}