{"id":17448,"date":"2025-07-15T14:39:49","date_gmt":"2025-07-15T09:39:49","guid":{"rendered":"https:\/\/turkmenexporter.com\/product\/unique-ayakli-lavabo\/"},"modified":"2025-07-16T13:33:59","modified_gmt":"2025-07-16T08:33:59","slug":"unique-ayakli-lavabo","status":"publish","type":"product","link":"https:\/\/turkmenexporter.com\/tr\/urun\/unique-ayakli-lavabo\/","title":{"rendered":"Lavabo Unique"},"content":{"rendered":"<p>Modern ve kompakt Pietra Bianca &#8220;Unique&#8221; ayakl\u0131 lavabo, dayan\u0131kl\u0131 Durastone&#8217;dan \u00fcretilmi\u015f olup p\u00fcr\u00fczs\u00fcz mat bir y\u00fczeye sahiptir. Temiz hatlar\u0131 ve cesur geometrik \u015fekli ile minimalist ve l\u00fcks i\u00e7 mekanlara m\u00fckemmel uyum sa\u011flar. Boyut: 530x380x900 mm. A\u011f\u0131rl\u0131k: 53 kg.   <\/p>\n","protected":false},"excerpt":{"rendered":"<p>Beyaz Ta\u015f Lavabo<\/p>\n<p>Malzeme: Durastone<\/p>\n<p>A\u011f\u0131rl\u0131k: 53 kg<\/p>\n<p>Ebat: 530x380x900<\/p>\n","protected":false},"featured_media":17396,"comment_status":"open","ping_status":"closed","template":"","meta":{"_acf_changed":false},"brand":[1303],"product_cat":[1305],"product_tag":[],"class_list":{"0":"post-17448","1":"product","2":"type-product","3":"status-publish","4":"has-post-thumbnail","6":"brand-pietra-bianca-tr","7":"product_cat-banyo-aksesuarlari","9":"first","10":"instock","11":"shipping-taxable","12":"purchasable","13":"product-type-simple"},"acf":[],"_links":{"self":[{"href":"https:\/\/turkmenexporter.com\/tr\/wp-json\/wp\/v2\/product\/17448","targetHints":{"allow":["GET"]}}],"collection":[{"href":"https:\/\/turkmenexporter.com\/tr\/wp-json\/wp\/v2\/product"}],"about":[{"href":"https:\/\/turkmenexporter.com\/tr\/wp-json\/wp\/v2\/types\/product"}],"replies":[{"embeddable":true,"href":"https:\/\/turkmenexporter.com\/tr\/wp-json\/wp\/v2\/comments?post=17448"}],"version-history":[{"count":1,"href":"https:\/\/turkmenexporter.com\/tr\/wp-json\/wp\/v2\/product\/17448\/revisions"}],"predecessor-version":[{"id":17471,"href":"https:\/\/turkmenexporter.com\/tr\/wp-json\/wp\/v2\/product\/17448\/revisions\/17471"}],"wp:featuredmedia":[{"embeddable":true,"href":"https:\/\/turkmenexporter.com\/tr\/wp-json\/wp\/v2\/media\/17396"}],"wp:attachment":[{"href":"https:\/\/turkmenexporter.com\/tr\/wp-json\/wp\/v2\/media?parent=17448"}],"wp:term":[{"taxonomy":"brand","embeddable":true,"href":"https:\/\/turkmenexporter.com\/tr\/wp-json\/wp\/v2\/brand?post=17448"},{"taxonomy":"product_cat","embeddable":true,"href":"https:\/\/turkmenexporter.com\/tr\/wp-json\/wp\/v2\/product_cat?post=17448"},{"taxonomy":"product_tag","embeddable":true,"href":"https:\/\/turkmenexporter.com\/tr\/wp-json\/wp\/v2\/product_tag?post=17448"}],"curies":[{"name":"wp","href":"https:\/\/api.w.org\/{rel}","templated":true}]}}