{"id":17451,"date":"2025-07-15T14:39:48","date_gmt":"2025-07-15T09:39:48","guid":{"rendered":"https:\/\/turkmenexporter.com\/product\/iceland-ayakli-havza\/"},"modified":"2025-07-16T13:34:55","modified_gmt":"2025-07-16T08:34:55","slug":"iceland-ayakli-havza","status":"publish","type":"product","link":"https:\/\/turkmenexporter.com\/tr\/urun\/iceland-ayakli-havza\/","title":{"rendered":"Lavabo Iceland"},"content":{"rendered":"<p>Modern ve kompakt Pietra Bianca &#8220;Iceland&#8221; ayakl\u0131 lavabo, dayan\u0131kl\u0131 Durastone&#8217;dan \u00fcretilmi\u015f olup p\u00fcr\u00fczs\u00fcz mat bir y\u00fczeye sahiptir. Temiz hatlar\u0131 ve cesur geometrik \u015fekli ile minimalist ve l\u00fcks i\u00e7 mekanlara m\u00fckemmel uyum sa\u011flar. Boyut: 630x420x900 mm. A\u011f\u0131rl\u0131k: 63 kg.   <\/p>\n","protected":false},"excerpt":{"rendered":"<p>Beyaz Ta\u015f Lavabo<\/p>\n<p>Malzeme: Durastone<\/p>\n<p>A\u011f\u0131rl\u0131k: 63 kg<\/p>\n<p>Ebat: 630x420x900<\/p>\n","protected":false},"featured_media":17366,"comment_status":"open","ping_status":"closed","template":"","meta":{"_acf_changed":false},"brand":[1303],"product_cat":[1305],"product_tag":[],"class_list":{"0":"post-17451","1":"product","2":"type-product","3":"status-publish","4":"has-post-thumbnail","6":"brand-pietra-bianca-tr","7":"product_cat-banyo-aksesuarlari","9":"first","10":"instock","11":"shipping-taxable","12":"purchasable","13":"product-type-simple"},"acf":[],"_links":{"self":[{"href":"https:\/\/turkmenexporter.com\/tr\/wp-json\/wp\/v2\/product\/17451","targetHints":{"allow":["GET"]}}],"collection":[{"href":"https:\/\/turkmenexporter.com\/tr\/wp-json\/wp\/v2\/product"}],"about":[{"href":"https:\/\/turkmenexporter.com\/tr\/wp-json\/wp\/v2\/types\/product"}],"replies":[{"embeddable":true,"href":"https:\/\/turkmenexporter.com\/tr\/wp-json\/wp\/v2\/comments?post=17451"}],"version-history":[{"count":1,"href":"https:\/\/turkmenexporter.com\/tr\/wp-json\/wp\/v2\/product\/17451\/revisions"}],"predecessor-version":[{"id":17472,"href":"https:\/\/turkmenexporter.com\/tr\/wp-json\/wp\/v2\/product\/17451\/revisions\/17472"}],"wp:featuredmedia":[{"embeddable":true,"href":"https:\/\/turkmenexporter.com\/tr\/wp-json\/wp\/v2\/media\/17366"}],"wp:attachment":[{"href":"https:\/\/turkmenexporter.com\/tr\/wp-json\/wp\/v2\/media?parent=17451"}],"wp:term":[{"taxonomy":"brand","embeddable":true,"href":"https:\/\/turkmenexporter.com\/tr\/wp-json\/wp\/v2\/brand?post=17451"},{"taxonomy":"product_cat","embeddable":true,"href":"https:\/\/turkmenexporter.com\/tr\/wp-json\/wp\/v2\/product_cat?post=17451"},{"taxonomy":"product_tag","embeddable":true,"href":"https:\/\/turkmenexporter.com\/tr\/wp-json\/wp\/v2\/product_tag?post=17451"}],"curies":[{"name":"wp","href":"https:\/\/api.w.org\/{rel}","templated":true}]}}