{"id":18068,"date":"2025-07-16T14:18:07","date_gmt":"2025-07-16T09:18:07","guid":{"rendered":"https:\/\/turkmenexporter.com\/product\/tezgah-ustu-havza-georgia\/"},"modified":"2025-07-16T14:18:07","modified_gmt":"2025-07-16T09:18:07","slug":"tezgah-ustu-havza-georgia","status":"publish","type":"product","link":"https:\/\/turkmenexporter.com\/tr\/urun\/tezgah-ustu-havza-georgia\/","title":{"rendered":"Tezgah \u00dcst\u00fc Lavabo Georgia"},"content":{"rendered":"<p>Zarif ve kompakt Pietra Bianca &#8220;Georgia&#8221; tezgah \u00fcst\u00fc lavabo, y\u00fcksek kaliteli Durastone&#8217;dan \u00fcretilmi\u015ftir. P\u00fcr\u00fczs\u00fcz mat y\u00fczeyi ve minimalist tasar\u0131m\u0131yla modern banyo i\u00e7 mekanlar\u0131 i\u00e7in idealdir. <\/p>\n","protected":false},"excerpt":{"rendered":"<p>Pietra Bianca Tezgah \u00dcst\u00fc Lavabo<\/p>\n<p>Malzeme: Durastone<\/p>\n","protected":false},"featured_media":17578,"comment_status":"open","ping_status":"closed","template":"","meta":{"_acf_changed":false},"brand":[1303],"product_cat":[1305],"product_tag":[],"class_list":{"0":"post-18068","1":"product","2":"type-product","3":"status-publish","4":"has-post-thumbnail","6":"brand-pietra-bianca-tr","7":"product_cat-banyo-aksesuarlari","9":"first","10":"instock","11":"shipping-taxable","12":"purchasable","13":"product-type-variable","14":"has-default-attributes"},"acf":[],"_links":{"self":[{"href":"https:\/\/turkmenexporter.com\/tr\/wp-json\/wp\/v2\/product\/18068","targetHints":{"allow":["GET"]}}],"collection":[{"href":"https:\/\/turkmenexporter.com\/tr\/wp-json\/wp\/v2\/product"}],"about":[{"href":"https:\/\/turkmenexporter.com\/tr\/wp-json\/wp\/v2\/types\/product"}],"replies":[{"embeddable":true,"href":"https:\/\/turkmenexporter.com\/tr\/wp-json\/wp\/v2\/comments?post=18068"}],"version-history":[{"count":0,"href":"https:\/\/turkmenexporter.com\/tr\/wp-json\/wp\/v2\/product\/18068\/revisions"}],"wp:featuredmedia":[{"embeddable":true,"href":"https:\/\/turkmenexporter.com\/tr\/wp-json\/wp\/v2\/media\/17578"}],"wp:attachment":[{"href":"https:\/\/turkmenexporter.com\/tr\/wp-json\/wp\/v2\/media?parent=18068"}],"wp:term":[{"taxonomy":"brand","embeddable":true,"href":"https:\/\/turkmenexporter.com\/tr\/wp-json\/wp\/v2\/brand?post=18068"},{"taxonomy":"product_cat","embeddable":true,"href":"https:\/\/turkmenexporter.com\/tr\/wp-json\/wp\/v2\/product_cat?post=18068"},{"taxonomy":"product_tag","embeddable":true,"href":"https:\/\/turkmenexporter.com\/tr\/wp-json\/wp\/v2\/product_tag?post=18068"}],"curies":[{"name":"wp","href":"https:\/\/api.w.org\/{rel}","templated":true}]}}