{"id":18661,"date":"2025-07-18T16:43:15","date_gmt":"2025-07-18T11:43:15","guid":{"rendered":"https:\/\/turkmenexporter.com\/product\/koruyucu-tulum-sarayan\/"},"modified":"2025-07-18T16:43:15","modified_gmt":"2025-07-18T11:43:15","slug":"koruyucu-tulum-sarayan","status":"publish","type":"product","link":"https:\/\/turkmenexporter.com\/tr\/urun\/koruyucu-tulum-sarayan\/","title":{"rendered":"Koruyucu tulum Sarayan"},"content":{"rendered":"<p>Naylon i\u015f k\u0131yafetleri genellikle in\u015faat veya imalat gibi fiziksel darbelere kar\u015f\u0131 y\u00fcksek diren\u00e7 gerektiren alanlarda kullan\u0131l\u0131r.<\/p>\n<p>\u0130\u015f k\u0131yafetinin rengi, \u00f6zellikle d\u00fc\u015f\u00fck g\u00f6r\u00fcn\u00fcrl\u00fck durumlar\u0131nda \u00f6nemli bir husus olabilir. Turuncu, sar\u0131 veya k\u0131rm\u0131z\u0131 gibi parlak ve belirgin renkler \u00e7al\u0131\u015fanlar\u0131n g\u00f6r\u00fcn\u00fcrl\u00fc\u011f\u00fcn\u00fc art\u0131rabilir, bu da in\u015faat veya yol \u00e7al\u0131\u015fmas\u0131 durumlar\u0131nda \u00f6nemlidir. <\/p>\n<p>Naylon, g\u00fcc\u00fc ve dayan\u0131kl\u0131l\u0131\u011f\u0131 ile bilinir. Naylonun g\u00fcc\u00fc, mekanik hasara kar\u015f\u0131 koruma i\u00e7in m\u00fckemmel bir se\u00e7im olmas\u0131n\u0131 sa\u011flar. Ayr\u0131ca \u0131slak ko\u015fullarda koruma sa\u011flayan su itici \u00f6zelli\u011fe de sahip olabilir.  <\/p>\n","protected":false},"excerpt":{"rendered":"<p>Naylondan yap\u0131lm\u0131\u015f yal\u0131t\u0131ml\u0131 su ve r\u00fczgar ge\u00e7irmez \u0131s\u0131 tulumlar\u0131 (pantolon ve kap\u00fc\u015fonlu ceket).<\/p>\n<p>Tasar\u0131m ve boyutta herhangi bir de\u011fi\u015fiklik ve m\u00fczakere edilebilir.<\/p>\n<p>Minimum sipari\u015f 10 adet.<\/p>\n","protected":false},"featured_media":18487,"comment_status":"open","ping_status":"closed","template":"","meta":{"_acf_changed":false},"brand":[1355],"product_cat":[1357],"product_tag":[],"class_list":{"0":"post-18661","1":"product","2":"type-product","3":"status-publish","4":"has-post-thumbnail","6":"brand-sarayan-tr","7":"product_cat-giysiler","9":"first","10":"instock","11":"shipping-taxable","12":"purchasable","13":"product-type-simple"},"acf":[],"_links":{"self":[{"href":"https:\/\/turkmenexporter.com\/tr\/wp-json\/wp\/v2\/product\/18661","targetHints":{"allow":["GET"]}}],"collection":[{"href":"https:\/\/turkmenexporter.com\/tr\/wp-json\/wp\/v2\/product"}],"about":[{"href":"https:\/\/turkmenexporter.com\/tr\/wp-json\/wp\/v2\/types\/product"}],"replies":[{"embeddable":true,"href":"https:\/\/turkmenexporter.com\/tr\/wp-json\/wp\/v2\/comments?post=18661"}],"version-history":[{"count":0,"href":"https:\/\/turkmenexporter.com\/tr\/wp-json\/wp\/v2\/product\/18661\/revisions"}],"wp:featuredmedia":[{"embeddable":true,"href":"https:\/\/turkmenexporter.com\/tr\/wp-json\/wp\/v2\/media\/18487"}],"wp:attachment":[{"href":"https:\/\/turkmenexporter.com\/tr\/wp-json\/wp\/v2\/media?parent=18661"}],"wp:term":[{"taxonomy":"brand","embeddable":true,"href":"https:\/\/turkmenexporter.com\/tr\/wp-json\/wp\/v2\/brand?post=18661"},{"taxonomy":"product_cat","embeddable":true,"href":"https:\/\/turkmenexporter.com\/tr\/wp-json\/wp\/v2\/product_cat?post=18661"},{"taxonomy":"product_tag","embeddable":true,"href":"https:\/\/turkmenexporter.com\/tr\/wp-json\/wp\/v2\/product_tag?post=18661"}],"curies":[{"name":"wp","href":"https:\/\/api.w.org\/{rel}","templated":true}]}}