{"id":18664,"date":"2025-07-18T16:43:13","date_gmt":"2025-07-18T11:43:13","guid":{"rendered":"https:\/\/turkmenexporter.com\/product\/erkekler-icin-kaynakci-tulumu\/"},"modified":"2025-07-18T16:43:13","modified_gmt":"2025-07-18T11:43:13","slug":"erkekler-icin-kaynakci-tulumu","status":"publish","type":"product","link":"https:\/\/turkmenexporter.com\/tr\/urun\/erkekler-icin-kaynakci-tulumu\/","title":{"rendered":"Erkekler i\u00e7in kaynak\u00e7\u0131 tulumu"},"content":{"rendered":"<p>Evrensel i\u015f k\u0131yafeti seti &#8211; konfor, koruma ve i\u015flevsellik! Ceket ve pantolon a\u015f\u0131nmaya, kire ve neme kar\u015f\u0131 dayan\u0131kl\u0131d\u0131r ve dayan\u0131kl\u0131l\u0131k sa\u011flar. <\/p>\n<p>Rahat kesim hareketi k\u0131s\u0131tlamaz ve y\u00fcksek yaka boynu r\u00fczgar ve tozdan g\u00fcvenilir bir \u015fekilde korur. Lastik man\u015fetler kir ve nemin i\u00e7eri girmesini \u00f6nler. Ceket ve pantolon \u00fczerinde bulunan \u00e7ok say\u0131da cep, aletleri ve k\u00fc\u00e7\u00fck e\u015fyalar\u0131 el alt\u0131nda tutman\u0131z\u0131 sa\u011flar.  <\/p>\n<p>100% pamuklu ti\u015f\u00f6rt, s\u0131cak havalarda bile nefes al\u0131r ve rahatl\u0131k sa\u011flar ve g\u00f6\u011f\u00fcsteki yans\u0131t\u0131c\u0131 \u015ferit, \u00e7al\u0131\u015fan\u0131n d\u00fc\u015f\u00fck \u0131\u015f\u0131k ko\u015fullar\u0131nda g\u00f6r\u00fcn\u00fcr olmas\u0131n\u0131 sa\u011flar. \u0130\u015f yerinde g\u00fcvenlik ve rahatl\u0131k i\u00e7in m\u00fckemmel bir se\u00e7im! <\/p>\n","protected":false},"excerpt":{"rendered":"<p>Ceket ve pantolon dayan\u0131kl\u0131 kar\u0131\u015f\u0131ml\u0131 kuma\u015ftan \u00fcretilmi\u015ftir (%30-35 pamuk, %65-70 polyester)<\/p>\n<p>Tasar\u0131m ve bedende her t\u00fcrl\u00fc de\u011fi\u015fiklik ve pazarl\u0131k yap\u0131labilir.<\/p>\n<p>Minimum sipari\u015f miktar\u0131 10 adet.<\/p>\n","protected":false},"featured_media":18421,"comment_status":"open","ping_status":"closed","template":"","meta":{"_acf_changed":false},"brand":[1355],"product_cat":[1357],"product_tag":[],"class_list":{"0":"post-18664","1":"product","2":"type-product","3":"status-publish","4":"has-post-thumbnail","6":"brand-sarayan-tr","7":"product_cat-giysiler","9":"first","10":"instock","11":"shipping-taxable","12":"purchasable","13":"product-type-simple"},"acf":[],"_links":{"self":[{"href":"https:\/\/turkmenexporter.com\/tr\/wp-json\/wp\/v2\/product\/18664","targetHints":{"allow":["GET"]}}],"collection":[{"href":"https:\/\/turkmenexporter.com\/tr\/wp-json\/wp\/v2\/product"}],"about":[{"href":"https:\/\/turkmenexporter.com\/tr\/wp-json\/wp\/v2\/types\/product"}],"replies":[{"embeddable":true,"href":"https:\/\/turkmenexporter.com\/tr\/wp-json\/wp\/v2\/comments?post=18664"}],"version-history":[{"count":0,"href":"https:\/\/turkmenexporter.com\/tr\/wp-json\/wp\/v2\/product\/18664\/revisions"}],"wp:featuredmedia":[{"embeddable":true,"href":"https:\/\/turkmenexporter.com\/tr\/wp-json\/wp\/v2\/media\/18421"}],"wp:attachment":[{"href":"https:\/\/turkmenexporter.com\/tr\/wp-json\/wp\/v2\/media?parent=18664"}],"wp:term":[{"taxonomy":"brand","embeddable":true,"href":"https:\/\/turkmenexporter.com\/tr\/wp-json\/wp\/v2\/brand?post=18664"},{"taxonomy":"product_cat","embeddable":true,"href":"https:\/\/turkmenexporter.com\/tr\/wp-json\/wp\/v2\/product_cat?post=18664"},{"taxonomy":"product_tag","embeddable":true,"href":"https:\/\/turkmenexporter.com\/tr\/wp-json\/wp\/v2\/product_tag?post=18664"}],"curies":[{"name":"wp","href":"https:\/\/api.w.org\/{rel}","templated":true}]}}