{"id":18665,"date":"2025-07-18T16:43:13","date_gmt":"2025-07-18T11:43:13","guid":{"rendered":"https:\/\/turkmenexporter.com\/product\/elektrikci-icin-tulum-sarayan\/"},"modified":"2025-07-18T16:43:13","modified_gmt":"2025-07-18T11:43:13","slug":"elektrikci-icin-tulum-sarayan","status":"publish","type":"product","link":"https:\/\/turkmenexporter.com\/tr\/urun\/elektrikci-icin-tulum-sarayan\/","title":{"rendered":"Elektrik\u00e7i i\u00e7in tulum Sarayan"},"content":{"rendered":"<p>Yans\u0131t\u0131c\u0131 \u015feritler: Yerle\u015fik yans\u0131t\u0131c\u0131 unsurlar, d\u00fc\u015f\u00fck \u0131\u015f\u0131k ko\u015fullar\u0131nda veya geceleri \u00e7al\u0131\u015fanlar\u0131n g\u00f6r\u00fcn\u00fcrl\u00fc\u011f\u00fcn\u00fc art\u0131rarak i\u015fyeri g\u00fcvenli\u011fini \u00f6nemli \u00f6l\u00e7\u00fcde art\u0131r\u0131r. Ti\u015f\u00f6rt %100 \u00fcst\u00fcn pamuktan \u00fcretilmi\u015ftir. <\/p>\n<p>A\u015f\u0131nmaya dayan\u0131kl\u0131 gabardin kire kar\u015f\u0131 korur ve yo\u011fun kullan\u0131ma dayan\u0131r, d\u00fczg\u00fcn bir g\u00f6r\u00fcn\u00fcm sa\u011flar. Anatomik kesim hareketi k\u0131s\u0131tlamaz ve kullan\u0131\u015fl\u0131 cepler ihtiyac\u0131n\u0131z olan her \u015feyi elinizin alt\u0131nda tutman\u0131z\u0131 sa\u011flar. G\u00fcvenilir fastex ba\u011flant\u0131 elemanlar\u0131 h\u0131zl\u0131 sabitleme ve giyme kolayl\u0131\u011f\u0131 sa\u011flar. Bak\u0131m\u0131 kolay, mekanik hasarlara kar\u015f\u0131 dayan\u0131kl\u0131, i\u015f ve aktif kullan\u0131m i\u00e7in ideal se\u00e7im!   <\/p>\n","protected":false},"excerpt":{"rendered":"<p>Tulum ve ceket %60 pamuk ve %40 polyester olan gabardin kuma\u015ftan \u00fcretilmi\u015ftir.<\/p>\n<p>Tasar\u0131m ve bedende her t\u00fcrl\u00fc de\u011fi\u015fiklik yap\u0131labilir ve m\u00fczakere edilebilir.<\/p>\n<p>Minimum sipari\u015f miktar\u0131 10 adet.<\/p>\n","protected":false},"featured_media":18403,"comment_status":"open","ping_status":"closed","template":"","meta":{"_acf_changed":false},"brand":[1355],"product_cat":[1357],"product_tag":[],"class_list":{"0":"post-18665","1":"product","2":"type-product","3":"status-publish","4":"has-post-thumbnail","6":"brand-sarayan-tr","7":"product_cat-giysiler","9":"first","10":"instock","11":"shipping-taxable","12":"purchasable","13":"product-type-simple"},"acf":[],"_links":{"self":[{"href":"https:\/\/turkmenexporter.com\/tr\/wp-json\/wp\/v2\/product\/18665","targetHints":{"allow":["GET"]}}],"collection":[{"href":"https:\/\/turkmenexporter.com\/tr\/wp-json\/wp\/v2\/product"}],"about":[{"href":"https:\/\/turkmenexporter.com\/tr\/wp-json\/wp\/v2\/types\/product"}],"replies":[{"embeddable":true,"href":"https:\/\/turkmenexporter.com\/tr\/wp-json\/wp\/v2\/comments?post=18665"}],"version-history":[{"count":0,"href":"https:\/\/turkmenexporter.com\/tr\/wp-json\/wp\/v2\/product\/18665\/revisions"}],"wp:featuredmedia":[{"embeddable":true,"href":"https:\/\/turkmenexporter.com\/tr\/wp-json\/wp\/v2\/media\/18403"}],"wp:attachment":[{"href":"https:\/\/turkmenexporter.com\/tr\/wp-json\/wp\/v2\/media?parent=18665"}],"wp:term":[{"taxonomy":"brand","embeddable":true,"href":"https:\/\/turkmenexporter.com\/tr\/wp-json\/wp\/v2\/brand?post=18665"},{"taxonomy":"product_cat","embeddable":true,"href":"https:\/\/turkmenexporter.com\/tr\/wp-json\/wp\/v2\/product_cat?post=18665"},{"taxonomy":"product_tag","embeddable":true,"href":"https:\/\/turkmenexporter.com\/tr\/wp-json\/wp\/v2\/product_tag?post=18665"}],"curies":[{"name":"wp","href":"https:\/\/api.w.org\/{rel}","templated":true}]}}