{"id":18666,"date":"2025-07-18T16:43:09","date_gmt":"2025-07-18T11:43:09","guid":{"rendered":"https:\/\/turkmenexporter.com\/product\/hemsire-icin-tulum-sarayan\/"},"modified":"2025-07-18T16:43:09","modified_gmt":"2025-07-18T11:43:09","slug":"hemsire-icin-tulum-sarayan","status":"publish","type":"product","link":"https:\/\/turkmenexporter.com\/tr\/urun\/hemsire-icin-tulum-sarayan\/","title":{"rendered":"Hem\u015fire i\u00e7in tulum Sarayan"},"content":{"rendered":"<p>Pamuklu i\u015f k\u0131yafetleri genellikle sa\u011fl\u0131k hizmetleri gibi iyi nefes alabilirli\u011fin \u00f6nemli oldu\u011fu ortamlarda kullan\u0131l\u0131r. Bununla birlikte, sentetik malzemelere g\u00f6re daha az dayan\u0131kl\u0131 olabilir ve nem emici \u00f6zellikleri onu y\u00fcksek nemli ortamlarda daha az uygun hale getirebilir. <\/p>\n<p>Sterilizasyon ve i\u015flem direnci &#8211; pamuklu giysiler y\u00fcksek s\u0131cakl\u0131klarda s\u0131k y\u0131kamaya, dezenfeksiyona ve otoklavlamaya dayanabilir, bu da sa\u011fl\u0131k hizmeti ortamlar\u0131nda s\u0131hhi standartlar\u0131n korunmas\u0131 i\u00e7in \u00f6nemlidir.<\/p>\n<p>Hipoalerjenik ve g\u00fcvenli &#8211; %100 pamuk cilt tahri\u015fine veya alerjik reaksiyonlara neden olmaz, bu da \u00f6zellikle t\u0131bbi personel ve hassas cilde sahip hastalar i\u00e7in \u00f6nemlidir.<\/p>\n","protected":false},"excerpt":{"rendered":"<p>Sa\u011fl\u0131k personeli i\u00e7in \u00f6zel k\u0131yafetler (\u00f6nl\u00fck, pantolon, kep ve ceket).<\/p>\n<p>%100 pamuktan \u00fcretilmi\u015ftir.<\/p>\n<p>Tasar\u0131m ve boyutta herhangi bir de\u011fi\u015fiklik yap\u0131labilir ve m\u00fczakere edilebilir.<\/p>\n<p>Minimum sipari\u015f miktar\u0131 10 adet.<\/p>\n","protected":false},"featured_media":18217,"comment_status":"open","ping_status":"closed","template":"","meta":{"_acf_changed":false},"brand":[1355],"product_cat":[1357],"product_tag":[],"class_list":{"0":"post-18666","1":"product","2":"type-product","3":"status-publish","4":"has-post-thumbnail","6":"brand-sarayan-tr","7":"product_cat-giysiler","9":"first","10":"instock","11":"shipping-taxable","12":"purchasable","13":"product-type-simple"},"acf":[],"_links":{"self":[{"href":"https:\/\/turkmenexporter.com\/tr\/wp-json\/wp\/v2\/product\/18666","targetHints":{"allow":["GET"]}}],"collection":[{"href":"https:\/\/turkmenexporter.com\/tr\/wp-json\/wp\/v2\/product"}],"about":[{"href":"https:\/\/turkmenexporter.com\/tr\/wp-json\/wp\/v2\/types\/product"}],"replies":[{"embeddable":true,"href":"https:\/\/turkmenexporter.com\/tr\/wp-json\/wp\/v2\/comments?post=18666"}],"version-history":[{"count":0,"href":"https:\/\/turkmenexporter.com\/tr\/wp-json\/wp\/v2\/product\/18666\/revisions"}],"wp:featuredmedia":[{"embeddable":true,"href":"https:\/\/turkmenexporter.com\/tr\/wp-json\/wp\/v2\/media\/18217"}],"wp:attachment":[{"href":"https:\/\/turkmenexporter.com\/tr\/wp-json\/wp\/v2\/media?parent=18666"}],"wp:term":[{"taxonomy":"brand","embeddable":true,"href":"https:\/\/turkmenexporter.com\/tr\/wp-json\/wp\/v2\/brand?post=18666"},{"taxonomy":"product_cat","embeddable":true,"href":"https:\/\/turkmenexporter.com\/tr\/wp-json\/wp\/v2\/product_cat?post=18666"},{"taxonomy":"product_tag","embeddable":true,"href":"https:\/\/turkmenexporter.com\/tr\/wp-json\/wp\/v2\/product_tag?post=18666"}],"curies":[{"name":"wp","href":"https:\/\/api.w.org\/{rel}","templated":true}]}}