{"id":18667,"date":"2025-07-18T16:43:09","date_gmt":"2025-07-18T11:43:09","guid":{"rendered":"https:\/\/turkmenexporter.com\/product\/doktor-icin-tulum-erkekler-icin-sarayan\/"},"modified":"2025-07-24T11:30:34","modified_gmt":"2025-07-24T06:30:34","slug":"doktor-icin-tulum-erkekler-icin-sarayan","status":"publish","type":"product","link":"https:\/\/turkmenexporter.com\/tr\/urun\/doktor-icin-tulum-erkekler-icin-sarayan\/","title":{"rendered":"Doktor i\u00e7in tulum Erkekler i\u00e7in Sarayan"},"content":{"rendered":"<p>Kire kar\u015f\u0131 m\u00fckemmel koruma sa\u011flar, niteliklerini kaybetmeden y\u0131kanmas\u0131 kolayd\u0131r: rengin parlakl\u0131\u011f\u0131, mukavemeti, \u015fekli korunur.<\/p>\n<p>Hipoalerjenik ve g\u00fcvenli &#8211; cilt tahri\u015fine veya alerjik reaksiyonlara neden olmaz, bu \u00f6zellikle sa\u011fl\u0131k personeli ve hassas cilde sahip hastalar i\u00e7in \u00f6nemlidir.<\/p>\n","protected":false},"excerpt":{"rendered":"<p>Sa\u011fl\u0131k personeli i\u00e7in \u00f6zel k\u0131yafetler (\u00f6nl\u00fck, pantolon, kep ve ceket).<\/p>\n<p>TC taraf\u0131ndan \u00fcretilmi\u015ftir -% 65 tetron ve kalan% 35 pamuktur. <\/p>\n<p>Tasar\u0131m ve boyutta herhangi bir de\u011fi\u015fiklik ve m\u00fczakere edilebilir.<\/p>\n<p>Minimum sipari\u015f miktar\u0131 10 adet.<\/p>\n","protected":false},"featured_media":18240,"comment_status":"open","ping_status":"closed","template":"","meta":{"_acf_changed":false},"brand":[1355],"product_cat":[1357],"product_tag":[],"class_list":{"0":"post-18667","1":"product","2":"type-product","3":"status-publish","4":"has-post-thumbnail","6":"brand-sarayan-tr","7":"product_cat-giysiler","9":"first","10":"instock","11":"shipping-taxable","12":"purchasable","13":"product-type-simple"},"acf":[],"_links":{"self":[{"href":"https:\/\/turkmenexporter.com\/tr\/wp-json\/wp\/v2\/product\/18667","targetHints":{"allow":["GET"]}}],"collection":[{"href":"https:\/\/turkmenexporter.com\/tr\/wp-json\/wp\/v2\/product"}],"about":[{"href":"https:\/\/turkmenexporter.com\/tr\/wp-json\/wp\/v2\/types\/product"}],"replies":[{"embeddable":true,"href":"https:\/\/turkmenexporter.com\/tr\/wp-json\/wp\/v2\/comments?post=18667"}],"version-history":[{"count":4,"href":"https:\/\/turkmenexporter.com\/tr\/wp-json\/wp\/v2\/product\/18667\/revisions"}],"predecessor-version":[{"id":18681,"href":"https:\/\/turkmenexporter.com\/tr\/wp-json\/wp\/v2\/product\/18667\/revisions\/18681"}],"wp:featuredmedia":[{"embeddable":true,"href":"https:\/\/turkmenexporter.com\/tr\/wp-json\/wp\/v2\/media\/18240"}],"wp:attachment":[{"href":"https:\/\/turkmenexporter.com\/tr\/wp-json\/wp\/v2\/media?parent=18667"}],"wp:term":[{"taxonomy":"brand","embeddable":true,"href":"https:\/\/turkmenexporter.com\/tr\/wp-json\/wp\/v2\/brand?post=18667"},{"taxonomy":"product_cat","embeddable":true,"href":"https:\/\/turkmenexporter.com\/tr\/wp-json\/wp\/v2\/product_cat?post=18667"},{"taxonomy":"product_tag","embeddable":true,"href":"https:\/\/turkmenexporter.com\/tr\/wp-json\/wp\/v2\/product_tag?post=18667"}],"curies":[{"name":"wp","href":"https:\/\/api.w.org\/{rel}","templated":true}]}}