{"id":18668,"date":"2025-07-18T16:43:12","date_gmt":"2025-07-18T11:43:12","guid":{"rendered":"https:\/\/turkmenexporter.com\/product\/askeri-icin-tulum-sarayan\/"},"modified":"2025-07-18T16:43:12","modified_gmt":"2025-07-18T11:43:12","slug":"askeri-icin-tulum-sarayan","status":"publish","type":"product","link":"https:\/\/turkmenexporter.com\/tr\/urun\/askeri-icin-tulum-sarayan\/","title":{"rendered":"Askeri i\u00e7in tulum Sarayan"},"content":{"rendered":"<p>Askeri tarzda taktik \u00fcniforma &#8211; aktif rekreasyon i\u00e7in koruma, konfor ve i\u015flevsellik!<\/p>\n<p>Dayan\u0131kl\u0131 rip-stop y\u0131rt\u0131lmaya ve a\u015f\u0131nmaya kar\u015f\u0131 dayan\u0131kl\u0131d\u0131r ve su itici emprenye ya\u011fmur ve neme kar\u015f\u0131 korur.<\/p>\n<p>Anatomik yaka s\u00fcrt\u00fcnmez ve uzun s\u00fcreli kullan\u0131mda bile rahatl\u0131k sa\u011flar.<\/p>\n<p>Ekipman ve aksesuarlar i\u00e7in iyi d\u00fc\u015f\u00fcn\u00fclm\u00fc\u015f bir\u00e7ok cep her zaman elinizin alt\u0131nda.<\/p>\n<p>\u00c7ift ba\u011flant\u0131 elemanlar\u0131 g\u00fcvenilir sabitleme sa\u011flar. Her durumda maksimum hareket \u00f6zg\u00fcrl\u00fc\u011f\u00fc ve g\u00fcven! <\/p>\n","protected":false},"excerpt":{"rendered":"<p>Askerler i\u00e7in tek par\u00e7a tulum.<\/p>\n<p>Dayan\u0131kl\u0131 rip-stop malzemeden \u00fcretilmi\u015ftir.<\/p>\n<p>Tasar\u0131m ve boyutta herhangi bir de\u011fi\u015fiklik yap\u0131labilir ve m\u00fczakere edilebilir.<\/p>\n<p>Minimum sipari\u015f miktar\u0131 10 adet.<\/p>\n","protected":false},"featured_media":18343,"comment_status":"open","ping_status":"closed","template":"","meta":{"_acf_changed":false},"brand":[1355],"product_cat":[1357],"product_tag":[],"class_list":{"0":"post-18668","1":"product","2":"type-product","3":"status-publish","4":"has-post-thumbnail","6":"brand-sarayan-tr","7":"product_cat-giysiler","9":"first","10":"instock","11":"shipping-taxable","12":"purchasable","13":"product-type-simple"},"acf":[],"_links":{"self":[{"href":"https:\/\/turkmenexporter.com\/tr\/wp-json\/wp\/v2\/product\/18668","targetHints":{"allow":["GET"]}}],"collection":[{"href":"https:\/\/turkmenexporter.com\/tr\/wp-json\/wp\/v2\/product"}],"about":[{"href":"https:\/\/turkmenexporter.com\/tr\/wp-json\/wp\/v2\/types\/product"}],"replies":[{"embeddable":true,"href":"https:\/\/turkmenexporter.com\/tr\/wp-json\/wp\/v2\/comments?post=18668"}],"version-history":[{"count":0,"href":"https:\/\/turkmenexporter.com\/tr\/wp-json\/wp\/v2\/product\/18668\/revisions"}],"wp:featuredmedia":[{"embeddable":true,"href":"https:\/\/turkmenexporter.com\/tr\/wp-json\/wp\/v2\/media\/18343"}],"wp:attachment":[{"href":"https:\/\/turkmenexporter.com\/tr\/wp-json\/wp\/v2\/media?parent=18668"}],"wp:term":[{"taxonomy":"brand","embeddable":true,"href":"https:\/\/turkmenexporter.com\/tr\/wp-json\/wp\/v2\/brand?post=18668"},{"taxonomy":"product_cat","embeddable":true,"href":"https:\/\/turkmenexporter.com\/tr\/wp-json\/wp\/v2\/product_cat?post=18668"},{"taxonomy":"product_tag","embeddable":true,"href":"https:\/\/turkmenexporter.com\/tr\/wp-json\/wp\/v2\/product_tag?post=18668"}],"curies":[{"name":"wp","href":"https:\/\/api.w.org\/{rel}","templated":true}]}}