{"id":18670,"date":"2025-07-18T16:43:12","date_gmt":"2025-07-18T11:43:12","guid":{"rendered":"https:\/\/turkmenexporter.com\/product\/erkekler-icin-genel-isci-tulumu\/"},"modified":"2026-03-06T07:10:40","modified_gmt":"2026-03-06T02:10:40","slug":"erkekler-icin-genel-isci-tulumu","status":"publish","type":"product","link":"https:\/\/turkmenexporter.com\/tr\/urun\/erkekler-icin-genel-isci-tulumu\/","title":{"rendered":"Erkekler i\u00e7in genel i\u015f\u00e7i tulumu"},"content":{"rendered":"<p>\u00c7ok say\u0131da cep, k\u00fc\u00e7\u00fck e\u015fyalar\u0131n ve ki\u015fisel e\u015fyalar\u0131n her zaman el alt\u0131nda ve g\u00fcvende olacak \u015fekilde rahat\u00e7a saklanmas\u0131n\u0131 sa\u011flar.<\/p>\n<p>Yans\u0131t\u0131c\u0131 unsurlar karanl\u0131kta g\u00f6r\u00fcn\u00fcrl\u00fc\u011f\u00fc art\u0131rarak d\u00fc\u015f\u00fck \u0131\u015f\u0131k ko\u015fullar\u0131nda \u00e7al\u0131\u015f\u0131rken ek g\u00fcvenlik sa\u011flar.<\/p>\n","protected":false},"excerpt":{"rendered":"<p>Pantolon ve ceket kal\u0131n gabardin, %100 pamuk.<\/p>\n<p>Tasar\u0131m ve bedende her t\u00fcrl\u00fc ekleme ve pazarl\u0131k yap\u0131labilir.<\/p>\n<p>Minimum sipari\u015f miktar\u0131 10 adet.<\/p>\n","protected":false},"featured_media":18379,"comment_status":"open","ping_status":"closed","template":"","meta":{"_acf_changed":false},"brand":[1355],"product_cat":[1357],"product_tag":[],"class_list":{"0":"post-18670","1":"product","2":"type-product","3":"status-publish","4":"has-post-thumbnail","6":"brand-sarayan-tr","7":"product_cat-giysiler","9":"first","10":"instock","11":"shipping-taxable","12":"purchasable","13":"product-type-simple"},"acf":[],"_links":{"self":[{"href":"https:\/\/turkmenexporter.com\/tr\/wp-json\/wp\/v2\/product\/18670","targetHints":{"allow":["GET"]}}],"collection":[{"href":"https:\/\/turkmenexporter.com\/tr\/wp-json\/wp\/v2\/product"}],"about":[{"href":"https:\/\/turkmenexporter.com\/tr\/wp-json\/wp\/v2\/types\/product"}],"replies":[{"embeddable":true,"href":"https:\/\/turkmenexporter.com\/tr\/wp-json\/wp\/v2\/comments?post=18670"}],"version-history":[{"count":0,"href":"https:\/\/turkmenexporter.com\/tr\/wp-json\/wp\/v2\/product\/18670\/revisions"}],"wp:featuredmedia":[{"embeddable":true,"href":"https:\/\/turkmenexporter.com\/tr\/wp-json\/wp\/v2\/media\/18379"}],"wp:attachment":[{"href":"https:\/\/turkmenexporter.com\/tr\/wp-json\/wp\/v2\/media?parent=18670"}],"wp:term":[{"taxonomy":"brand","embeddable":true,"href":"https:\/\/turkmenexporter.com\/tr\/wp-json\/wp\/v2\/brand?post=18670"},{"taxonomy":"product_cat","embeddable":true,"href":"https:\/\/turkmenexporter.com\/tr\/wp-json\/wp\/v2\/product_cat?post=18670"},{"taxonomy":"product_tag","embeddable":true,"href":"https:\/\/turkmenexporter.com\/tr\/wp-json\/wp\/v2\/product_tag?post=18670"}],"curies":[{"name":"wp","href":"https:\/\/api.w.org\/{rel}","templated":true}]}}