{"id":18671,"date":"2025-07-18T16:43:11","date_gmt":"2025-07-18T11:43:11","guid":{"rendered":"https:\/\/turkmenexporter.com\/product\/sef-icin-tulum-sarayan\/"},"modified":"2025-07-18T16:43:11","modified_gmt":"2025-07-18T11:43:11","slug":"sef-icin-tulum-sarayan","status":"publish","type":"product","link":"https:\/\/turkmenexporter.com\/tr\/urun\/sef-icin-tulum-sarayan\/","title":{"rendered":"\u015eef i\u00e7in tulum Sarayan"},"content":{"rendered":"<p>Her detayda \u015f\u0131kl\u0131k ve pratiklik! Dayan\u0131kl\u0131 ancak nefes alabilen gabardin, t\u00fcm vardiya boyunca rahatl\u0131k sa\u011flar ve kullan\u0131\u015fl\u0131 bir b\u00fczme ipi g\u00fcvenli sabitleme sa\u011flar.  <\/p>\n<p>Ask\u0131l\u0131 \u00f6nl\u00fck, stil ve konforun m\u00fckemmel dengesi! Hafif gabardin hareketi k\u0131s\u0131tlamaz ve s\u0131cak bir mutfakta bile rahatl\u0131k sa\u011flar. Derin cepler aletleri elinizin alt\u0131nda tutman\u0131z\u0131 sa\u011flar ve ayarlanabilir kay\u0131\u015flar m\u00fckemmel bir uyum sa\u011flar. Temel k\u00fc\u00e7\u00fck e\u015fyalar i\u00e7in fonksiyonel cepler ve logolu ki\u015fiselle\u015ftirme, markan\u0131z\u0131 daha da g\u00f6r\u00fcn\u00fcr k\u0131lacak!   <\/p>\n","protected":false},"excerpt":{"rendered":"<p>A\u015f\u00e7\u0131 ve mutfak \u00e7al\u0131\u015fan\u0131 i\u00e7in i\u015f k\u0131yafeti (pantolon, tunik, \u00f6nl\u00fck ve \u015fapka).<\/p>\n<p>%96 pamuk ve %4 elastan i\u00e7eren terricotton kuma\u015ftan \u00fcretilmi\u015ftir.<\/p>\n<p>Tasar\u0131m ve bedende her t\u00fcrl\u00fc de\u011fi\u015fiklik ve pazarl\u0131k yap\u0131labilir.<\/p>\n<p>Minimum sipari\u015f miktar\u0131 10 adet.<\/p>\n","protected":false},"featured_media":18289,"comment_status":"open","ping_status":"closed","template":"","meta":{"_acf_changed":false},"brand":[1355],"product_cat":[1357],"product_tag":[],"class_list":{"0":"post-18671","1":"product","2":"type-product","3":"status-publish","4":"has-post-thumbnail","6":"brand-sarayan-tr","7":"product_cat-giysiler","9":"first","10":"instock","11":"shipping-taxable","12":"purchasable","13":"product-type-simple"},"acf":[],"_links":{"self":[{"href":"https:\/\/turkmenexporter.com\/tr\/wp-json\/wp\/v2\/product\/18671","targetHints":{"allow":["GET"]}}],"collection":[{"href":"https:\/\/turkmenexporter.com\/tr\/wp-json\/wp\/v2\/product"}],"about":[{"href":"https:\/\/turkmenexporter.com\/tr\/wp-json\/wp\/v2\/types\/product"}],"replies":[{"embeddable":true,"href":"https:\/\/turkmenexporter.com\/tr\/wp-json\/wp\/v2\/comments?post=18671"}],"version-history":[{"count":0,"href":"https:\/\/turkmenexporter.com\/tr\/wp-json\/wp\/v2\/product\/18671\/revisions"}],"wp:featuredmedia":[{"embeddable":true,"href":"https:\/\/turkmenexporter.com\/tr\/wp-json\/wp\/v2\/media\/18289"}],"wp:attachment":[{"href":"https:\/\/turkmenexporter.com\/tr\/wp-json\/wp\/v2\/media?parent=18671"}],"wp:term":[{"taxonomy":"brand","embeddable":true,"href":"https:\/\/turkmenexporter.com\/tr\/wp-json\/wp\/v2\/brand?post=18671"},{"taxonomy":"product_cat","embeddable":true,"href":"https:\/\/turkmenexporter.com\/tr\/wp-json\/wp\/v2\/product_cat?post=18671"},{"taxonomy":"product_tag","embeddable":true,"href":"https:\/\/turkmenexporter.com\/tr\/wp-json\/wp\/v2\/product_tag?post=18671"}],"curies":[{"name":"wp","href":"https:\/\/api.w.org\/{rel}","templated":true}]}}