{"id":18672,"date":"2025-07-18T16:43:11","date_gmt":"2025-07-18T11:43:11","guid":{"rendered":"https:\/\/turkmenexporter.com\/product\/sef-icin-tulum\/"},"modified":"2025-07-18T16:43:11","modified_gmt":"2025-07-18T11:43:11","slug":"sef-icin-tulum","status":"publish","type":"product","link":"https:\/\/turkmenexporter.com\/tr\/urun\/sef-icin-tulum\/","title":{"rendered":"\u015eef i\u00e7in tulum"},"content":{"rendered":"<p>Terricottondan yap\u0131lm\u0131\u015f \u015fef k\u0131yafetleri dayan\u0131kl\u0131l\u0131k, nefes alabilirlik ve kire kar\u015f\u0131 direnci bir araya getirerek s\u0131cak bir mutfakta rahatl\u0131k sa\u011flar.<\/p>\n<p>Gizli d\u00fc\u011fmeler, yiyeceklere yanl\u0131\u015fl\u0131kla girmelerini \u00f6nleyerek hijyen ve g\u00fcvenli\u011fi art\u0131r\u0131r.<\/p>\n<p>Pantolon cepleri ve kal\u0131n man\u015fetler giysileri daha rahat ve i\u015flevsel hale getirir. Cepler gerekli k\u00fc\u00e7\u00fck e\u015fyalar\u0131 el alt\u0131nda tutman\u0131z\u0131 sa\u011flarken, man\u015fetler kir, s\u0131v\u0131 ve s\u0131cak buhardan korur. <\/p>\n<p>Dik yaka boynu s\u0131cak buhardan, ya\u011f s\u0131\u00e7ramalar\u0131ndan ve kirden korur, d\u00fczg\u00fcn bir g\u00f6r\u00fcn\u00fcm sa\u011flar ve uzun \u00e7al\u0131\u015fma s\u0131ras\u0131nda konforu art\u0131r\u0131r.<\/p>\n","protected":false},"excerpt":{"rendered":"<p>A\u015f\u00e7\u0131 ve mutfak \u00e7al\u0131\u015fan\u0131 i\u00e7in i\u015f k\u0131yafeti (pantolon, tunik, \u00f6nl\u00fck ve \u015fapka).<\/p>\n<p>%96 pamuk ve %4 elastan i\u00e7eren terricotton kuma\u015ftan \u00fcretilmi\u015ftir.<\/p>\n<p>Tasar\u0131m ve bedende her t\u00fcrl\u00fc de\u011fi\u015fiklik ve pazarl\u0131k yap\u0131labilir.<\/p>\n<p>Minimum sipari\u015f miktar\u0131 10 adet.<\/p>\n","protected":false},"featured_media":18307,"comment_status":"open","ping_status":"closed","template":"","meta":{"_acf_changed":false},"brand":[1355],"product_cat":[1357],"product_tag":[852],"class_list":{"0":"post-18672","1":"product","2":"type-product","3":"status-publish","4":"has-post-thumbnail","6":"brand-sarayan-tr","7":"product_cat-giysiler","8":"product_tag-front-product-tr","10":"first","11":"instock","12":"shipping-taxable","13":"purchasable","14":"product-type-simple"},"acf":[],"_links":{"self":[{"href":"https:\/\/turkmenexporter.com\/tr\/wp-json\/wp\/v2\/product\/18672","targetHints":{"allow":["GET"]}}],"collection":[{"href":"https:\/\/turkmenexporter.com\/tr\/wp-json\/wp\/v2\/product"}],"about":[{"href":"https:\/\/turkmenexporter.com\/tr\/wp-json\/wp\/v2\/types\/product"}],"replies":[{"embeddable":true,"href":"https:\/\/turkmenexporter.com\/tr\/wp-json\/wp\/v2\/comments?post=18672"}],"version-history":[{"count":0,"href":"https:\/\/turkmenexporter.com\/tr\/wp-json\/wp\/v2\/product\/18672\/revisions"}],"wp:featuredmedia":[{"embeddable":true,"href":"https:\/\/turkmenexporter.com\/tr\/wp-json\/wp\/v2\/media\/18307"}],"wp:attachment":[{"href":"https:\/\/turkmenexporter.com\/tr\/wp-json\/wp\/v2\/media?parent=18672"}],"wp:term":[{"taxonomy":"brand","embeddable":true,"href":"https:\/\/turkmenexporter.com\/tr\/wp-json\/wp\/v2\/brand?post=18672"},{"taxonomy":"product_cat","embeddable":true,"href":"https:\/\/turkmenexporter.com\/tr\/wp-json\/wp\/v2\/product_cat?post=18672"},{"taxonomy":"product_tag","embeddable":true,"href":"https:\/\/turkmenexporter.com\/tr\/wp-json\/wp\/v2\/product_tag?post=18672"}],"curies":[{"name":"wp","href":"https:\/\/api.w.org\/{rel}","templated":true}]}}