{"id":18673,"date":"2025-07-18T16:43:11","date_gmt":"2025-07-18T11:43:11","guid":{"rendered":"https:\/\/turkmenexporter.com\/product\/guvenlik-icin-tulum-sarayan\/"},"modified":"2025-07-18T16:43:11","modified_gmt":"2025-07-18T11:43:11","slug":"guvenlik-icin-tulum-sarayan","status":"publish","type":"product","link":"https:\/\/turkmenexporter.com\/tr\/urun\/guvenlik-icin-tulum-sarayan\/","title":{"rendered":"G\u00fcvenlik i\u00e7in tulum Sarayan"},"content":{"rendered":"<p>G\u00fcvenlik \u00e7al\u0131\u015fanlar\u0131 i\u00e7in \u00fcniforma konfor, pratiklik ve g\u00fcvenli\u011fi bir araya getirir.<\/p>\n<p>Pamuklu g\u00f6mlek uzun s\u00fcreli kullan\u0131mda nefes alabilirlik ve rahatl\u0131k sa\u011flarken gabardin pantolon a\u015f\u0131nmaya kar\u015f\u0131 dayan\u0131kl\u0131d\u0131r ve d\u00fczg\u00fcn bir g\u00f6r\u00fcn\u00fcm sa\u011flar.<\/p>\n<p>Yans\u0131t\u0131c\u0131 unsurlar karanl\u0131kta g\u00f6r\u00fcn\u00fcrl\u00fc\u011f\u00fc art\u0131rarak d\u00fc\u015f\u00fck \u0131\u015f\u0131k ko\u015fullar\u0131nda \u00e7al\u0131\u015f\u0131rken ek g\u00fcvenlik sa\u011flar.<\/p>\n","protected":false},"excerpt":{"rendered":"<p>G\u00fcvenlik g\u00f6revlisi i\u00e7in tek par\u00e7a tulum.<\/p>\n<p>G\u00f6mlek %100 pamuk i\u00e7eren poplinden, pantolon ise yine %100 pamuk i\u00e7eren gabardinden \u00fcretilmi\u015ftir.<\/p>\n<p>Tasar\u0131m ve bedende her t\u00fcrl\u00fc ekleme yap\u0131labilir ve m\u00fczakere edilebilir.<\/p>\n<p>Minimum sipari\u015f miktar\u0131 10 adet.<\/p>\n","protected":false},"featured_media":18325,"comment_status":"open","ping_status":"closed","template":"","meta":{"_acf_changed":false},"brand":[1355],"product_cat":[1357],"product_tag":[],"class_list":{"0":"post-18673","1":"product","2":"type-product","3":"status-publish","4":"has-post-thumbnail","6":"brand-sarayan-tr","7":"product_cat-giysiler","9":"first","10":"instock","11":"shipping-taxable","12":"purchasable","13":"product-type-simple"},"acf":[],"_links":{"self":[{"href":"https:\/\/turkmenexporter.com\/tr\/wp-json\/wp\/v2\/product\/18673","targetHints":{"allow":["GET"]}}],"collection":[{"href":"https:\/\/turkmenexporter.com\/tr\/wp-json\/wp\/v2\/product"}],"about":[{"href":"https:\/\/turkmenexporter.com\/tr\/wp-json\/wp\/v2\/types\/product"}],"replies":[{"embeddable":true,"href":"https:\/\/turkmenexporter.com\/tr\/wp-json\/wp\/v2\/comments?post=18673"}],"version-history":[{"count":0,"href":"https:\/\/turkmenexporter.com\/tr\/wp-json\/wp\/v2\/product\/18673\/revisions"}],"wp:featuredmedia":[{"embeddable":true,"href":"https:\/\/turkmenexporter.com\/tr\/wp-json\/wp\/v2\/media\/18325"}],"wp:attachment":[{"href":"https:\/\/turkmenexporter.com\/tr\/wp-json\/wp\/v2\/media?parent=18673"}],"wp:term":[{"taxonomy":"brand","embeddable":true,"href":"https:\/\/turkmenexporter.com\/tr\/wp-json\/wp\/v2\/brand?post=18673"},{"taxonomy":"product_cat","embeddable":true,"href":"https:\/\/turkmenexporter.com\/tr\/wp-json\/wp\/v2\/product_cat?post=18673"},{"taxonomy":"product_tag","embeddable":true,"href":"https:\/\/turkmenexporter.com\/tr\/wp-json\/wp\/v2\/product_tag?post=18673"}],"curies":[{"name":"wp","href":"https:\/\/api.w.org\/{rel}","templated":true}]}}