{"id":18674,"date":"2025-07-18T16:43:10","date_gmt":"2025-07-18T11:43:10","guid":{"rendered":"https:\/\/turkmenexporter.com\/product\/hemsire-icin-strec-kumastan-tulum\/"},"modified":"2025-07-18T16:43:10","modified_gmt":"2025-07-18T11:43:10","slug":"hemsire-icin-strec-kumastan-tulum","status":"publish","type":"product","link":"https:\/\/turkmenexporter.com\/tr\/urun\/hemsire-icin-strec-kumastan-tulum\/","title":{"rendered":"Hem\u015fire i\u00e7in stre\u00e7 kuma\u015ftan tulum"},"content":{"rendered":"<p>Bu kuma\u015f g\u00f6r\u00fcn\u00fc\u015f ve dokunu\u015f olarak satoriye benzer, ancak bile\u015fimindeki elastan sayesinde \u00f6zellikleri de\u011fi\u015fir.<\/p>\n<p>Sterilizasyon ve i\u015flem direnci &#8211; giysiler y\u00fcksek s\u0131cakl\u0131klarda s\u0131k y\u0131kamaya, dezenfeksiyona ve otoklavlamaya dayanabilir, bu da sa\u011fl\u0131k hizmeti ortamlar\u0131nda s\u0131hhi standartlar\u0131n korunmas\u0131 i\u00e7in \u00f6nemlidir.<\/p>\n<p>Hipoalerjenik ve g\u00fcvenli &#8211; cilt tahri\u015fine veya alerjik reaksiyonlara neden olmaz, bu da \u00f6zellikle hassas cilde sahip t\u0131bbi personel ve hastalar i\u00e7in \u00f6nemlidir.<\/p>\n","protected":false},"excerpt":{"rendered":"<p>Sa\u011fl\u0131k personeli i\u00e7in \u00f6zel k\u0131yafet (\u00f6nl\u00fck, pantolon, kep ve ceket).<\/p>\n<p>Klasik stre\u00e7, %59 pamuk \/ %39 polyester \/ %2 elastan.<\/p>\n<p>Tasar\u0131m ve boyutta herhangi bir de\u011fi\u015fiklik ve pazarl\u0131k yap\u0131labilir.<\/p>\n<p>Minimum sipari\u015f miktar\u0131 10 adet.<\/p>\n","protected":false},"featured_media":18253,"comment_status":"open","ping_status":"closed","template":"","meta":{"_acf_changed":false},"brand":[1355],"product_cat":[1357],"product_tag":[],"class_list":{"0":"post-18674","1":"product","2":"type-product","3":"status-publish","4":"has-post-thumbnail","6":"brand-sarayan-tr","7":"product_cat-giysiler","9":"first","10":"instock","11":"shipping-taxable","12":"purchasable","13":"product-type-simple"},"acf":[],"_links":{"self":[{"href":"https:\/\/turkmenexporter.com\/tr\/wp-json\/wp\/v2\/product\/18674","targetHints":{"allow":["GET"]}}],"collection":[{"href":"https:\/\/turkmenexporter.com\/tr\/wp-json\/wp\/v2\/product"}],"about":[{"href":"https:\/\/turkmenexporter.com\/tr\/wp-json\/wp\/v2\/types\/product"}],"replies":[{"embeddable":true,"href":"https:\/\/turkmenexporter.com\/tr\/wp-json\/wp\/v2\/comments?post=18674"}],"version-history":[{"count":0,"href":"https:\/\/turkmenexporter.com\/tr\/wp-json\/wp\/v2\/product\/18674\/revisions"}],"wp:featuredmedia":[{"embeddable":true,"href":"https:\/\/turkmenexporter.com\/tr\/wp-json\/wp\/v2\/media\/18253"}],"wp:attachment":[{"href":"https:\/\/turkmenexporter.com\/tr\/wp-json\/wp\/v2\/media?parent=18674"}],"wp:term":[{"taxonomy":"brand","embeddable":true,"href":"https:\/\/turkmenexporter.com\/tr\/wp-json\/wp\/v2\/brand?post=18674"},{"taxonomy":"product_cat","embeddable":true,"href":"https:\/\/turkmenexporter.com\/tr\/wp-json\/wp\/v2\/product_cat?post=18674"},{"taxonomy":"product_tag","embeddable":true,"href":"https:\/\/turkmenexporter.com\/tr\/wp-json\/wp\/v2\/product_tag?post=18674"}],"curies":[{"name":"wp","href":"https:\/\/api.w.org\/{rel}","templated":true}]}}