{"id":18675,"date":"2025-07-18T16:43:10","date_gmt":"2025-07-18T11:43:10","guid":{"rendered":"https:\/\/turkmenexporter.com\/product\/erkekler-icin-sef-tulumu\/"},"modified":"2025-07-18T16:43:10","modified_gmt":"2025-07-18T11:43:10","slug":"erkekler-icin-sef-tulumu","status":"publish","type":"product","link":"https:\/\/turkmenexporter.com\/tr\/urun\/erkekler-icin-sef-tulumu\/","title":{"rendered":"Erkekler i\u00e7in \u015fef tulumu"},"content":{"rendered":"<p>Terricottondan \u00fcretilen \u015fef k\u0131yafeti, dayan\u0131kl\u0131l\u0131k, nefes alabilirlik ve kire kar\u015f\u0131 direnci bir araya getirerek s\u0131cak bir mutfakta rahatl\u0131k sa\u011flar.<\/p>\n<p>Gizli d\u00fc\u011fmeler, yanl\u0131\u015fl\u0131kla yiyeceklere girmelerini \u00f6nleyerek hijyen ve g\u00fcvenli\u011fi art\u0131r\u0131r.<\/p>\n<p>Fonksiyonel cepler, k\u00fc\u00e7\u00fck mutfak gere\u00e7lerini elinizin alt\u0131nda saklaman\u0131za olanak tan\u0131r ve bol kesim, y\u00fcksek aktivite ile bile \u00e7al\u0131\u015fmay\u0131 k\u0131s\u0131tlamadan hareket \u00f6zg\u00fcrl\u00fc\u011f\u00fc sa\u011flar.<\/p>\n<p>Giysinin benzersizli\u011fi, \u00fcr\u00fcne g\u00fczellik ve s\u0131ra d\u0131\u015f\u0131l\u0131k katan gizli d\u00fc\u011fmelerde yatmaktad\u0131r.<\/p>\n","protected":false},"excerpt":{"rendered":"<p>A\u015f\u00e7\u0131 ve mutfak \u00e7al\u0131\u015fan\u0131 i\u00e7in i\u015f k\u0131yafeti (pantolon, tunik, \u00f6nl\u00fck ve \u015fapka).<\/p>\n<p>%96 pamuk ve %4 elastan i\u00e7eren terricotton kuma\u015ftan \u00fcretilmi\u015ftir.<\/p>\n<p>Tasar\u0131m ve bedende her t\u00fcrl\u00fc de\u011fi\u015fiklik ve pazarl\u0131k yap\u0131labilir.<\/p>\n<p>Minimum sipari\u015f miktar\u0131 10 adet.<\/p>\n","protected":false},"featured_media":18265,"comment_status":"open","ping_status":"closed","template":"","meta":{"_acf_changed":false},"brand":[1355],"product_cat":[1357],"product_tag":[],"class_list":{"0":"post-18675","1":"product","2":"type-product","3":"status-publish","4":"has-post-thumbnail","6":"brand-sarayan-tr","7":"product_cat-giysiler","9":"first","10":"instock","11":"shipping-taxable","12":"purchasable","13":"product-type-simple"},"acf":[],"_links":{"self":[{"href":"https:\/\/turkmenexporter.com\/tr\/wp-json\/wp\/v2\/product\/18675","targetHints":{"allow":["GET"]}}],"collection":[{"href":"https:\/\/turkmenexporter.com\/tr\/wp-json\/wp\/v2\/product"}],"about":[{"href":"https:\/\/turkmenexporter.com\/tr\/wp-json\/wp\/v2\/types\/product"}],"replies":[{"embeddable":true,"href":"https:\/\/turkmenexporter.com\/tr\/wp-json\/wp\/v2\/comments?post=18675"}],"version-history":[{"count":0,"href":"https:\/\/turkmenexporter.com\/tr\/wp-json\/wp\/v2\/product\/18675\/revisions"}],"wp:featuredmedia":[{"embeddable":true,"href":"https:\/\/turkmenexporter.com\/tr\/wp-json\/wp\/v2\/media\/18265"}],"wp:attachment":[{"href":"https:\/\/turkmenexporter.com\/tr\/wp-json\/wp\/v2\/media?parent=18675"}],"wp:term":[{"taxonomy":"brand","embeddable":true,"href":"https:\/\/turkmenexporter.com\/tr\/wp-json\/wp\/v2\/brand?post=18675"},{"taxonomy":"product_cat","embeddable":true,"href":"https:\/\/turkmenexporter.com\/tr\/wp-json\/wp\/v2\/product_cat?post=18675"},{"taxonomy":"product_tag","embeddable":true,"href":"https:\/\/turkmenexporter.com\/tr\/wp-json\/wp\/v2\/product_tag?post=18675"}],"curies":[{"name":"wp","href":"https:\/\/api.w.org\/{rel}","templated":true}]}}