{"id":18919,"date":"2025-07-30T12:32:00","date_gmt":"2025-07-30T07:32:00","guid":{"rendered":"https:\/\/turkmenexporter.com\/product\/trabzon-hurmasi-rojo-brilliante\/"},"modified":"2025-07-30T17:09:42","modified_gmt":"2025-07-30T12:09:42","slug":"trabzon-hurmasi-rojo-brilliante","status":"publish","type":"product","link":"https:\/\/turkmenexporter.com\/tr\/urun\/trabzon-hurmasi-rojo-brilliante\/","title":{"rendered":"Trabzon Hurmas\u0131 &#8216;Rojo Brilliante&#8217;"},"content":{"rendered":"<p><strong>K\u00f6ken: <\/strong>Kaka etrap, Ahal velayat, T\u00fcrkmenistan. Hassas sulama ile iyi drene edilmi\u015f t\u0131nl\u0131 toprakta 50 hektar g\u00fcne\u015f alan meyve bah\u00e7esi <\/p>\n<p><strong>Meyve eti: <\/strong>Sert, parlak turuncu, \u00e7ekirdeksiz, tam olgunla\u015ft\u0131\u011f\u0131nda j\u00f6leye benzer<\/p>\n<p><strong>Lezzet Profili: <\/strong>Bal ve kay\u0131s\u0131 notalar\u0131yla tatl\u0131 ve narin; d\u00fc\u015f\u00fck asidite; m\u00fckemmel tatl\u0131 meyve<\/p>\n<p><strong>Hasat D\u00f6nemi: <\/strong>Ekim ortas\u0131ndan Kas\u0131m ba\u015f\u0131na kadar. Depolama ile Mart ay\u0131na kadar kullan\u0131labilir <\/p>\n<p><span class=\"fadeinm1hgl8\"><b><span lang=\"EN-US\">Teslimat Ko\u015fullar\u0131:<\/span><\/b><\/span><span lang=\"EN-US\"> <span class=\"fadeinm1hgl8\">EXW (A\u015fkabat), FOB (T\u00fcrkmenba\u015f\u0131 Liman\u0131), CIF, DDP (belirli ithalat\u00e7\u0131lar i\u00e7in).<\/span><\/span><\/p>\n","protected":false},"excerpt":{"rendered":"<p>Y\u00fcksek kaliteli taze hurmalar<\/p>\n<p>BRIX Seviye: 15 Bx<\/p>\n<p>Ambalaj: standart 4 kg&#8217;l\u0131k kutular<\/p>\n","protected":false},"featured_media":18864,"comment_status":"open","ping_status":"closed","template":"","meta":{"_acf_changed":false},"brand":[1405],"product_cat":[1407],"product_tag":[],"class_list":{"0":"post-18919","1":"product","2":"type-product","3":"status-publish","4":"has-post-thumbnail","6":"brand-miwe-tr","7":"product_cat-meyveler","9":"first","10":"instock","11":"shipping-taxable","12":"purchasable","13":"product-type-simple"},"acf":[],"_links":{"self":[{"href":"https:\/\/turkmenexporter.com\/tr\/wp-json\/wp\/v2\/product\/18919","targetHints":{"allow":["GET"]}}],"collection":[{"href":"https:\/\/turkmenexporter.com\/tr\/wp-json\/wp\/v2\/product"}],"about":[{"href":"https:\/\/turkmenexporter.com\/tr\/wp-json\/wp\/v2\/types\/product"}],"replies":[{"embeddable":true,"href":"https:\/\/turkmenexporter.com\/tr\/wp-json\/wp\/v2\/comments?post=18919"}],"version-history":[{"count":1,"href":"https:\/\/turkmenexporter.com\/tr\/wp-json\/wp\/v2\/product\/18919\/revisions"}],"predecessor-version":[{"id":18950,"href":"https:\/\/turkmenexporter.com\/tr\/wp-json\/wp\/v2\/product\/18919\/revisions\/18950"}],"wp:featuredmedia":[{"embeddable":true,"href":"https:\/\/turkmenexporter.com\/tr\/wp-json\/wp\/v2\/media\/18864"}],"wp:attachment":[{"href":"https:\/\/turkmenexporter.com\/tr\/wp-json\/wp\/v2\/media?parent=18919"}],"wp:term":[{"taxonomy":"brand","embeddable":true,"href":"https:\/\/turkmenexporter.com\/tr\/wp-json\/wp\/v2\/brand?post=18919"},{"taxonomy":"product_cat","embeddable":true,"href":"https:\/\/turkmenexporter.com\/tr\/wp-json\/wp\/v2\/product_cat?post=18919"},{"taxonomy":"product_tag","embeddable":true,"href":"https:\/\/turkmenexporter.com\/tr\/wp-json\/wp\/v2\/product_tag?post=18919"}],"curies":[{"name":"wp","href":"https:\/\/api.w.org\/{rel}","templated":true}]}}