{"id":18920,"date":"2025-07-30T12:26:52","date_gmt":"2025-07-30T07:26:52","guid":{"rendered":"https:\/\/turkmenexporter.com\/product\/tatli-kiraz-lapins\/"},"modified":"2025-07-30T17:09:42","modified_gmt":"2025-07-30T12:09:42","slug":"tatli-kiraz-lapins","status":"publish","type":"product","link":"https:\/\/turkmenexporter.com\/tr\/urun\/tatli-kiraz-lapins\/","title":{"rendered":"Tatl\u0131 Kiraz &#8220;Lapins&#8221;"},"content":{"rendered":"<p><strong>K\u00f6ken: <\/strong>Kaka etrap, Ahal velayat, T\u00fcrkmenistan 165 hektarl\u0131k da\u011f ete\u011fi meyve bah\u00e7eleri, uzun g\u00fcne\u015f \u0131\u015f\u0131\u011f\u0131 saatleri ve damla sulama<\/p>\n<p><strong>Meyve eti: <\/strong>Sert, gevrek, koyu k\u0131rm\u0131z\u0131 etli, d\u00fc\u015f\u00fck lif i\u00e7erikli<\/p>\n<p><strong>Lezzet Profili: <\/strong>D\u00fc\u015f\u00fck asitli tatl\u0131, zengin kiraz aromas\u0131; y\u00fcksek \u015feker i\u00e7eri\u011fi ve m\u00fckemmel yeme kalitesi<\/p>\n<p><strong>Hasat D\u00f6nemi: <\/strong>Haziran ortas\u0131ndan sonuna kadar. So\u011fuk hava deposu ile Temmuz ba\u015f\u0131na kadar mevcuttur <\/p>\n","protected":false},"excerpt":{"rendered":"<p>Y\u00fcksek kaliteli tatl\u0131 kiraz<\/p>\n<p>BRIX Seviye: 16-20 Bx<\/p>\n<p>Ambalaj: standart 4 kg&#8217;l\u0131k kutular<\/p>\n","protected":false},"featured_media":18855,"comment_status":"open","ping_status":"closed","template":"","meta":{"_acf_changed":false},"brand":[1405],"product_cat":[1407],"product_tag":[],"class_list":{"0":"post-18920","1":"product","2":"type-product","3":"status-publish","4":"has-post-thumbnail","6":"brand-miwe-tr","7":"product_cat-meyveler","9":"first","10":"instock","11":"shipping-taxable","12":"purchasable","13":"product-type-simple"},"acf":[],"_links":{"self":[{"href":"https:\/\/turkmenexporter.com\/tr\/wp-json\/wp\/v2\/product\/18920","targetHints":{"allow":["GET"]}}],"collection":[{"href":"https:\/\/turkmenexporter.com\/tr\/wp-json\/wp\/v2\/product"}],"about":[{"href":"https:\/\/turkmenexporter.com\/tr\/wp-json\/wp\/v2\/types\/product"}],"replies":[{"embeddable":true,"href":"https:\/\/turkmenexporter.com\/tr\/wp-json\/wp\/v2\/comments?post=18920"}],"version-history":[{"count":1,"href":"https:\/\/turkmenexporter.com\/tr\/wp-json\/wp\/v2\/product\/18920\/revisions"}],"predecessor-version":[{"id":18955,"href":"https:\/\/turkmenexporter.com\/tr\/wp-json\/wp\/v2\/product\/18920\/revisions\/18955"}],"wp:featuredmedia":[{"embeddable":true,"href":"https:\/\/turkmenexporter.com\/tr\/wp-json\/wp\/v2\/media\/18855"}],"wp:attachment":[{"href":"https:\/\/turkmenexporter.com\/tr\/wp-json\/wp\/v2\/media?parent=18920"}],"wp:term":[{"taxonomy":"brand","embeddable":true,"href":"https:\/\/turkmenexporter.com\/tr\/wp-json\/wp\/v2\/brand?post=18920"},{"taxonomy":"product_cat","embeddable":true,"href":"https:\/\/turkmenexporter.com\/tr\/wp-json\/wp\/v2\/product_cat?post=18920"},{"taxonomy":"product_tag","embeddable":true,"href":"https:\/\/turkmenexporter.com\/tr\/wp-json\/wp\/v2\/product_tag?post=18920"}],"curies":[{"name":"wp","href":"https:\/\/api.w.org\/{rel}","templated":true}]}}