{"id":18921,"date":"2025-07-30T12:15:57","date_gmt":"2025-07-30T07:15:57","guid":{"rendered":"https:\/\/turkmenexporter.com\/product\/nektarin-gartario\/"},"modified":"2025-07-30T17:09:43","modified_gmt":"2025-07-30T12:09:43","slug":"nektarin-gartario","status":"publish","type":"product","link":"https:\/\/turkmenexporter.com\/tr\/urun\/nektarin-gartario\/","title":{"rendered":"Nektarin &#8220;Gartario&#8221;"},"content":{"rendered":"<p><strong>K\u00f6ken: <\/strong>Kaka etrap, Ahal velayat, T\u00fcrkmenistan. 205 hektarl\u0131k g\u00fcne\u015f alan, damla sulamal\u0131, y\u00fcksek kaliteli meyve bah\u00e7eleri <\/p>\n<p><strong>Meyve eti: <\/strong>Sert, sar\u0131, serbest \u00e7ekirdekli, sulu ve lifsiz<\/p>\n<p><strong>Lezzet Profili: <\/strong>\u0130nce asiditeye sahip tatl\u0131, aromatik, p\u00fcr\u00fczs\u00fcz doku, taze t\u00fcketim i\u00e7in m\u00fckemmel<\/p>\n<p><strong>Hasat D\u00f6nemi: <\/strong>Temmuz ortas\u0131ndan A\u011fustos ba\u015f\u0131na kadar. A\u011fustos sonuna kadar kullan\u0131labilir. <\/p>\n","protected":false},"excerpt":{"rendered":"<p>Y\u00fcksek kaliteli taze nektarinler<\/p>\n<p>BRIX Seviye: 12 Bx<\/p>\n<p>Ambalaj: standart 4 kg&#8217;l\u0131k kutular<\/p>\n","protected":false},"featured_media":18840,"comment_status":"open","ping_status":"closed","template":"","meta":{"_acf_changed":false},"brand":[1405],"product_cat":[1407],"product_tag":[],"class_list":{"0":"post-18921","1":"product","2":"type-product","3":"status-publish","4":"has-post-thumbnail","6":"brand-miwe-tr","7":"product_cat-meyveler","9":"first","10":"instock","11":"shipping-taxable","12":"purchasable","13":"product-type-simple"},"acf":[],"_links":{"self":[{"href":"https:\/\/turkmenexporter.com\/tr\/wp-json\/wp\/v2\/product\/18921","targetHints":{"allow":["GET"]}}],"collection":[{"href":"https:\/\/turkmenexporter.com\/tr\/wp-json\/wp\/v2\/product"}],"about":[{"href":"https:\/\/turkmenexporter.com\/tr\/wp-json\/wp\/v2\/types\/product"}],"replies":[{"embeddable":true,"href":"https:\/\/turkmenexporter.com\/tr\/wp-json\/wp\/v2\/comments?post=18921"}],"version-history":[{"count":1,"href":"https:\/\/turkmenexporter.com\/tr\/wp-json\/wp\/v2\/product\/18921\/revisions"}],"predecessor-version":[{"id":18960,"href":"https:\/\/turkmenexporter.com\/tr\/wp-json\/wp\/v2\/product\/18921\/revisions\/18960"}],"wp:featuredmedia":[{"embeddable":true,"href":"https:\/\/turkmenexporter.com\/tr\/wp-json\/wp\/v2\/media\/18840"}],"wp:attachment":[{"href":"https:\/\/turkmenexporter.com\/tr\/wp-json\/wp\/v2\/media?parent=18921"}],"wp:term":[{"taxonomy":"brand","embeddable":true,"href":"https:\/\/turkmenexporter.com\/tr\/wp-json\/wp\/v2\/brand?post=18921"},{"taxonomy":"product_cat","embeddable":true,"href":"https:\/\/turkmenexporter.com\/tr\/wp-json\/wp\/v2\/product_cat?post=18921"},{"taxonomy":"product_tag","embeddable":true,"href":"https:\/\/turkmenexporter.com\/tr\/wp-json\/wp\/v2\/product_tag?post=18921"}],"curies":[{"name":"wp","href":"https:\/\/api.w.org\/{rel}","templated":true}]}}