{"id":18922,"date":"2025-07-30T12:08:36","date_gmt":"2025-07-30T07:08:36","guid":{"rendered":"https:\/\/turkmenexporter.com\/product\/seftali-glohaven\/"},"modified":"2025-07-30T17:09:43","modified_gmt":"2025-07-30T12:09:43","slug":"seftali-glohaven","status":"publish","type":"product","link":"https:\/\/turkmenexporter.com\/tr\/urun\/seftali-glohaven\/","title":{"rendered":"\u015eeftali &#8220;Glohaven&#8221;"},"content":{"rendered":"<p style=\"margin: 0cm\"><span class=\"fadeinm1hgl8\"><b><span lang=\"EN-US\">K\u00f6ken: <\/span><\/b><span lang=\"EN-US\">Kaka etrap, Ahal velayat, T\u00fcrkmenistan. 205 hektarl\u0131k sulanan meyve bah\u00e7esi, m\u00fckemmel g\u00fcne\u015f \u0131\u015f\u0131\u011f\u0131 alan s\u0131cak karasal iklimde  <\/span><\/span><\/p>\n<p style=\"margin: 0cm\"><span class=\"fadeinm1hgl8\"><b><span lang=\"EN-US\">Meyve eti: <\/span><\/b><span lang=\"EN-US\">Sert, sar\u0131, serbest \u00e7ekirdekli (\u00e7ekirdek kolayca ayr\u0131l\u0131r), az lifli ve sulu<\/span><\/span><\/p>\n<p style=\"margin: 0cm\"><span class=\"fadeinm1hgl8\"><span lang=\"EN-US\"><b>Lezzet Profili: <\/b>Zengin, tatl\u0131, hafif asitli, aromatik &#8211; taze pazar ve i\u015fleme i\u00e7in ideal<\/span><\/span><\/p>\n<p style=\"margin: 0cm\"><strong>Hasat D\u00f6nemi: <\/strong>Temmuz ortas\u0131ndan A\u011fustos ba\u015f\u0131na kadar. Eyl\u00fcl ay\u0131na kadar kullan\u0131labilir. <\/p>\n<p style=\"margin: 0cm\"><strong>Teslimat <\/strong>Ko\u015fullar\u0131: EXW (A\u015fkabat), FOB (T\u00fcrkmenba\u015f\u0131 Liman\u0131), CIF, DDP (belirli pazarlar)<\/p>\n","protected":false},"excerpt":{"rendered":"<p>Y\u00fcksek kaliteli taze \u015feftaliler<\/p>\n<p>BRIX Seviye: 17 Bx<\/p>\n<p>Ambalaj: standart 4 kg&#8217;l\u0131k kutular<\/p>\n","protected":false},"featured_media":18831,"comment_status":"open","ping_status":"closed","template":"","meta":{"_acf_changed":false},"brand":[1405],"product_cat":[1407],"product_tag":[],"class_list":{"0":"post-18922","1":"product","2":"type-product","3":"status-publish","4":"has-post-thumbnail","6":"brand-miwe-tr","7":"product_cat-meyveler","9":"first","10":"instock","11":"shipping-taxable","12":"purchasable","13":"product-type-simple"},"acf":[],"_links":{"self":[{"href":"https:\/\/turkmenexporter.com\/tr\/wp-json\/wp\/v2\/product\/18922","targetHints":{"allow":["GET"]}}],"collection":[{"href":"https:\/\/turkmenexporter.com\/tr\/wp-json\/wp\/v2\/product"}],"about":[{"href":"https:\/\/turkmenexporter.com\/tr\/wp-json\/wp\/v2\/types\/product"}],"replies":[{"embeddable":true,"href":"https:\/\/turkmenexporter.com\/tr\/wp-json\/wp\/v2\/comments?post=18922"}],"version-history":[{"count":1,"href":"https:\/\/turkmenexporter.com\/tr\/wp-json\/wp\/v2\/product\/18922\/revisions"}],"predecessor-version":[{"id":18965,"href":"https:\/\/turkmenexporter.com\/tr\/wp-json\/wp\/v2\/product\/18922\/revisions\/18965"}],"wp:featuredmedia":[{"embeddable":true,"href":"https:\/\/turkmenexporter.com\/tr\/wp-json\/wp\/v2\/media\/18831"}],"wp:attachment":[{"href":"https:\/\/turkmenexporter.com\/tr\/wp-json\/wp\/v2\/media?parent=18922"}],"wp:term":[{"taxonomy":"brand","embeddable":true,"href":"https:\/\/turkmenexporter.com\/tr\/wp-json\/wp\/v2\/brand?post=18922"},{"taxonomy":"product_cat","embeddable":true,"href":"https:\/\/turkmenexporter.com\/tr\/wp-json\/wp\/v2\/product_cat?post=18922"},{"taxonomy":"product_tag","embeddable":true,"href":"https:\/\/turkmenexporter.com\/tr\/wp-json\/wp\/v2\/product_tag?post=18922"}],"curies":[{"name":"wp","href":"https:\/\/api.w.org\/{rel}","templated":true}]}}