{"id":18926,"date":"2025-07-29T15:35:21","date_gmt":"2025-07-29T10:35:21","guid":{"rendered":"https:\/\/turkmenexporter.com\/product\/muz-grand-nain\/"},"modified":"2025-07-30T17:09:44","modified_gmt":"2025-07-30T12:09:44","slug":"muz-grand-nain","status":"publish","type":"product","link":"https:\/\/turkmenexporter.com\/tr\/urun\/muz-grand-nain\/","title":{"rendered":"Muz &#8220;Grand Nain&#8221;"},"content":{"rendered":"<p><strong>K\u00f6ken:<\/strong> Kaka etrap, Ahal velayat, T\u00fcrkmenistan 110 hektarl\u0131k teknolojik olarak geli\u015fmi\u015f sera (kontroll\u00fc mikro iklim<\/p>\n<p><strong>\u00c7e\u015fitler<\/strong>: Grand Nain (Musa acuminata, Cavendish alt grubu) &#8211; Chiquita ile ayn\u0131 ticari standart<\/p>\n<p><strong>Hasat D\u00f6nemi<\/strong>: Y\u0131l boyunca (s\u00fcrekli d\u00f6ng\u00fc \u00fcretimi)<\/p>\n<p><strong>Beklenen Hasat <\/strong>(ton olarak): 14.500<\/p>\n<p><strong>Teslimat Ko\u015fullar\u0131:<\/strong> EXW (A\u015fkabat), FOB (T\u00fcrkmenba\u015f\u0131 Liman\u0131), CIF, DDP (belirli pazarlar i\u00e7in mevcuttur).<\/p>\n","protected":false},"excerpt":{"rendered":"<p><strong>Y\u00fcksek kaliteli muzlar<\/strong><\/p>\n<ul>\n<li>Uzunluk: 20-23 cm<\/li>\n<li>Parmak ba\u015f\u0131na a\u011f\u0131rl\u0131k: 150-180g<\/li>\n<li>K\u00fcme ba\u015f\u0131na el: 6-8<\/li>\n<li>Kutu ba\u015f\u0131na k\u00fcme: 5-7<\/li>\n<\/ul>\n<p><strong>Meyve eti<\/strong>: Kremsi beyaz, yo\u011fun ve sert<\/p>\n<p><strong>Lezzet<\/strong>: Zengin, tatl\u0131, aromatik ve m\u00fckemmel dokulu<\/p>\n","protected":false},"featured_media":18801,"comment_status":"open","ping_status":"closed","template":"","meta":{"_acf_changed":false},"brand":[1405],"product_cat":[1407],"product_tag":[852],"class_list":{"0":"post-18926","1":"product","2":"type-product","3":"status-publish","4":"has-post-thumbnail","6":"brand-miwe-tr","7":"product_cat-meyveler","8":"product_tag-front-product-tr","10":"first","11":"instock","12":"shipping-taxable","13":"purchasable","14":"product-type-simple"},"acf":[],"_links":{"self":[{"href":"https:\/\/turkmenexporter.com\/tr\/wp-json\/wp\/v2\/product\/18926","targetHints":{"allow":["GET"]}}],"collection":[{"href":"https:\/\/turkmenexporter.com\/tr\/wp-json\/wp\/v2\/product"}],"about":[{"href":"https:\/\/turkmenexporter.com\/tr\/wp-json\/wp\/v2\/types\/product"}],"replies":[{"embeddable":true,"href":"https:\/\/turkmenexporter.com\/tr\/wp-json\/wp\/v2\/comments?post=18926"}],"version-history":[{"count":1,"href":"https:\/\/turkmenexporter.com\/tr\/wp-json\/wp\/v2\/product\/18926\/revisions"}],"predecessor-version":[{"id":18970,"href":"https:\/\/turkmenexporter.com\/tr\/wp-json\/wp\/v2\/product\/18926\/revisions\/18970"}],"wp:featuredmedia":[{"embeddable":true,"href":"https:\/\/turkmenexporter.com\/tr\/wp-json\/wp\/v2\/media\/18801"}],"wp:attachment":[{"href":"https:\/\/turkmenexporter.com\/tr\/wp-json\/wp\/v2\/media?parent=18926"}],"wp:term":[{"taxonomy":"brand","embeddable":true,"href":"https:\/\/turkmenexporter.com\/tr\/wp-json\/wp\/v2\/brand?post=18926"},{"taxonomy":"product_cat","embeddable":true,"href":"https:\/\/turkmenexporter.com\/tr\/wp-json\/wp\/v2\/product_cat?post=18926"},{"taxonomy":"product_tag","embeddable":true,"href":"https:\/\/turkmenexporter.com\/tr\/wp-json\/wp\/v2\/product_tag?post=18926"}],"curies":[{"name":"wp","href":"https:\/\/api.w.org\/{rel}","templated":true}]}}