{"id":18927,"date":"2025-07-29T15:10:14","date_gmt":"2025-07-29T10:10:14","guid":{"rendered":"https:\/\/turkmenexporter.com\/product\/asya-armudu-chojuro\/"},"modified":"2025-07-30T17:09:45","modified_gmt":"2025-07-30T12:09:45","slug":"asya-armudu-chojuro","status":"publish","type":"product","link":"https:\/\/turkmenexporter.com\/tr\/urun\/asya-armudu-chojuro\/","title":{"rendered":"Asya Armudu &#8220;Chojuro&#8221;"},"content":{"rendered":"<ul>\n<li><strong>K\u00f6ken: <\/strong>Kaka etrap, Ahal velayat, T\u00fcrkmenistan. 25 hektarl\u0131k iyi drene edilmi\u015f topraklar ve y\u00fcksek g\u00fcne\u015flenme alan\u0131, Asya armudu yeti\u015ftiricili\u011fi i\u00e7in ideal <\/li>\n<li><strong>Lezzet Profili: <\/strong>Karamela ve \u00e7i\u00e7eksi bal notalar\u0131 ile hafif tatl\u0131; d\u00fc\u015f\u00fck asidite; \u00e7ok ferahlat\u0131c\u0131<\/li>\n<li><strong>Meyve B\u00fcy\u00fckl\u00fc\u011f\u00fc \/ A\u011f\u0131rl\u0131\u011f\u0131:<\/strong><br \/>\n&#8211; \u00c7ap-1: 70-85 mm, ortalama a\u011f\u0131rl\u0131k 180-230 g<br \/>\n&#8211; \u00c7ap-2: 65-80 mm, ortalama a\u011f\u0131rl\u0131k 170-210 g<br \/>\n&#8211; \u00c7ap-3: 60-75 mm, ortalama a\u011f\u0131rl\u0131k 160-200 g<\/li>\n<li><strong>Hasat D\u00f6nemi: <\/strong>A\u011fustos ortas\u0131ndan Eyl\u00fcl ba\u015f\u0131na kadar. Kas\u0131m ay\u0131na kadar taze; Ocak ay\u0131na kadar so\u011fuk depolanm\u0131\u015f meyve mevcuttur <\/li>\n<\/ul>\n","protected":false},"excerpt":{"rendered":"<p><strong>Ambalaj:<\/strong> 19 kg&#8217;l\u0131k teleskopik kutular<\/p>\n<p><span class=\"fadeinm1hgl8\"><span lang=\"EN-US\"><b>Et <\/b>: Sert, gevrek, beyaz, sulu ve d\u00fc\u015f\u00fck lif i\u00e7erikli<\/p>\n<p><\/span><\/span><strong>BRIX Seviyesi: <\/strong>10-16 Bx<\/p>\n","protected":false},"featured_media":18772,"comment_status":"open","ping_status":"closed","template":"","meta":{"_acf_changed":false},"brand":[1405],"product_cat":[1407],"product_tag":[],"class_list":{"0":"post-18927","1":"product","2":"type-product","3":"status-publish","4":"has-post-thumbnail","6":"brand-miwe-tr","7":"product_cat-meyveler","9":"first","10":"instock","11":"shipping-taxable","12":"purchasable","13":"product-type-simple"},"acf":[],"_links":{"self":[{"href":"https:\/\/turkmenexporter.com\/tr\/wp-json\/wp\/v2\/product\/18927","targetHints":{"allow":["GET"]}}],"collection":[{"href":"https:\/\/turkmenexporter.com\/tr\/wp-json\/wp\/v2\/product"}],"about":[{"href":"https:\/\/turkmenexporter.com\/tr\/wp-json\/wp\/v2\/types\/product"}],"replies":[{"embeddable":true,"href":"https:\/\/turkmenexporter.com\/tr\/wp-json\/wp\/v2\/comments?post=18927"}],"version-history":[{"count":1,"href":"https:\/\/turkmenexporter.com\/tr\/wp-json\/wp\/v2\/product\/18927\/revisions"}],"predecessor-version":[{"id":18975,"href":"https:\/\/turkmenexporter.com\/tr\/wp-json\/wp\/v2\/product\/18927\/revisions\/18975"}],"wp:featuredmedia":[{"embeddable":true,"href":"https:\/\/turkmenexporter.com\/tr\/wp-json\/wp\/v2\/media\/18772"}],"wp:attachment":[{"href":"https:\/\/turkmenexporter.com\/tr\/wp-json\/wp\/v2\/media?parent=18927"}],"wp:term":[{"taxonomy":"brand","embeddable":true,"href":"https:\/\/turkmenexporter.com\/tr\/wp-json\/wp\/v2\/brand?post=18927"},{"taxonomy":"product_cat","embeddable":true,"href":"https:\/\/turkmenexporter.com\/tr\/wp-json\/wp\/v2\/product_cat?post=18927"},{"taxonomy":"product_tag","embeddable":true,"href":"https:\/\/turkmenexporter.com\/tr\/wp-json\/wp\/v2\/product_tag?post=18927"}],"curies":[{"name":"wp","href":"https:\/\/api.w.org\/{rel}","templated":true}]}}